{"id":387961,"date":"2025-09-02T10:29:35","date_gmt":"2025-09-02T10:29:35","guid":{"rendered":"https:\/\/glotomania.com\/p\/marcadores-de-numeros-fun-fonts-pme-coleccion-n1-2\/"},"modified":"2026-03-10T14:04:56","modified_gmt":"2026-03-10T14:04:56","slug":"marcadores-de-numeros-fun-fonts-pme-coleccion-n1-2","status":"publish","type":"product","link":"https:\/\/glotomania.com\/pt-pt\/p\/marcadores-de-numeros-fun-fonts-pme-coleccion-n1-2\/","title":{"rendered":"Marcadores De Numeros &#8220;fun Fonts&#8221; Pme &#8211; Colec\u00c7\u00c3o N1"},"content":{"rendered":"<p>&nbsp;<\/p>\n<p><span style=\"font-size:14px\">Adaptam-se a uma grande variedade de l&iacute;nguas, bem como a uma multiplicidade de ocasi&otilde;es para carimbar nos seus bolos qualquer ocasi&atilde;o que deseje celebrar.<\/span><\/p>\n<p><span style=\"font-size:14px\">A coloca&ccedil;&atilde;o de letras n&atilde;o podia ser mais f&aacute;cil com o pl&aacute;stico azul claro. O carimbo tamb&eacute;m vem com uma <strong>pega f&aacute;cil e uma linha central como guia para assegurar um acabamento em linha recta <\/strong>em todas as suas cria&ccedil;&otilde;es.&nbsp;<\/span><\/p>\n<p><span style=\"font-size:14px\">Este conjunto funciona bem com todos os materiais, incluindo pasta de a&ccedil;&uacute;car, chocolate de modelagem, ma&ccedil;ap&atilde;o e uma variedade de outros materiais de decora&ccedil;&atilde;o.<\/span><\/p>\n<p><span style=\"font-size:14px\"><strong>Dimens&otilde;es aproximadas<\/strong>: <u>N&uacute;meros<\/u> 20 &#8211; 30 mm \/ <u>S&iacute;mbolos<\/u> 10 &#8211; 20 mm.<\/span><\/p>\n<p><em><span style=\"font-size:14px\">Os selos v&ecirc;m numa caixa de armazenamento para os manter seguros e facilmente armazenados para a pr&oacute;xima utiliza&ccedil;&atilde;o.&nbsp;<\/span><\/em><\/p>\n<p>&nbsp;<\/p>\n","protected":false},"excerpt":{"rendered":"<p>Com 31 n\u00fameros, sinais de pontua\u00e7\u00e3o e acentos, este conjunto de n\u00fameros-fixos permite-lhe criar com facilidade qualquer mensagem que deseje.<\/p>\n","protected":false},"featured_media":349244,"comment_status":"open","ping_status":"closed","template":"","meta":{"_acf_changed":false},"pwb-brand":[],"product_brand":[],"product_cat":[3199,3215,3214,3087,1788,1801,1809,1767],"product_tag":[],"class_list":{"0":"post-387961","1":"product","2":"type-product","3":"status-publish","4":"has-post-thumbnail","6":"product_cat-cortadores-de-metal","7":"product_cat-marcadores","8":"product_cat-moldes-de-pastelaria","9":"product_cat-ordem-e-armazenamento","10":"product_cat-cortadores-de-cobre","11":"product_cat-moldes","12":"product_cat-moldes-marcadores","13":"product_cat-utensilios","15":"first","16":"instock","17":"taxable","18":"shipping-taxable","19":"purchasable","20":"product-type-simple"},"acf":[],"df_price":14.4,"df_sale_price":"","df_regular_price":14.4,"df_image_link":"https:\/\/glotomania.com\/wp-content\/uploads\/2025\/11\/img_14882_d6b4c81bf168c9deca9f068bdf507ec5_1-17-300x300.jpg","brands":[],"_links":{"self":[{"href":"https:\/\/glotomania.com\/pt-pt\/wp-json\/wp\/v2\/product\/387961","targetHints":{"allow":["GET"]}}],"collection":[{"href":"https:\/\/glotomania.com\/pt-pt\/wp-json\/wp\/v2\/product"}],"about":[{"href":"https:\/\/glotomania.com\/pt-pt\/wp-json\/wp\/v2\/types\/product"}],"replies":[{"embeddable":true,"href":"https:\/\/glotomania.com\/pt-pt\/wp-json\/wp\/v2\/comments?post=387961"}],"wp:featuredmedia":[{"embeddable":true,"href":"https:\/\/glotomania.com\/pt-pt\/wp-json\/wp\/v2\/media\/349244"}],"wp:attachment":[{"href":"https:\/\/glotomania.com\/pt-pt\/wp-json\/wp\/v2\/media?parent=387961"}],"wp:term":[{"taxonomy":"pwb-brand","embeddable":true,"href":"https:\/\/glotomania.com\/pt-pt\/wp-json\/wp\/v2\/pwb-brand?post=387961"},{"taxonomy":"product_brand","embeddable":true,"href":"https:\/\/glotomania.com\/pt-pt\/wp-json\/wp\/v2\/product_brand?post=387961"},{"taxonomy":"product_cat","embeddable":true,"href":"https:\/\/glotomania.com\/pt-pt\/wp-json\/wp\/v2\/product_cat?post=387961"},{"taxonomy":"product_tag","embeddable":true,"href":"https:\/\/glotomania.com\/pt-pt\/wp-json\/wp\/v2\/product_tag?post=387961"}],"curies":[{"name":"wp","href":"https:\/\/api.w.org\/{rel}","templated":true}]}}