{"id":387962,"date":"2025-09-02T10:29:35","date_gmt":"2025-09-02T10:29:35","guid":{"rendered":"https:\/\/glotomania.com\/p\/marcadores-de-cupcake-y-galletas-fun-fonts-pme-coleccion-n1-2\/"},"modified":"2026-03-10T14:04:58","modified_gmt":"2026-03-10T14:04:58","slug":"marcadores-de-cupcake-y-galletas-fun-fonts-pme-coleccion-n1-2","status":"publish","type":"product","link":"https:\/\/glotomania.com\/pt-pt\/p\/marcadores-de-cupcake-y-galletas-fun-fonts-pme-coleccion-n1-2\/","title":{"rendered":"Marcadores De Cupcake E Biscoitos &#8220;fun Fonts&#8221; Pme &#8211; Colec\u00c7\u00c3o N1"},"content":{"rendered":"<p>\n<span style=\"font-size:14px\">Mais pequenos em tamanho, tornando-os perfeitos para utiliza&ccedil;&atilde;o em produtos comest&iacute;veis mais pequenos, tais como bolos e bolachas. Com 26 letras mai&uacute;sculas, 26 letras min&uacute;sculas, n&uacute;meros e s&iacute;mbolos, as possibilidades s&atilde;o infinitas.&nbsp;<\/span><\/p>\n<p><span style=\"font-size:14px\">O conjunto perfeito de selos para personalizar qualquer material comest&iacute;vel, incluindo pasta de a&ccedil;&uacute;car, ma&ccedil;ap&atilde;o e ainda mais.&nbsp;<\/span><\/p>\n<p><span style=\"font-size:14px\">A coloca&ccedil;&atilde;o de cartas n&atilde;o podia ser mais f&aacute;cil com o pl&aacute;stico azul claro. O carimbo tamb&eacute;m vem com a letra apropriada, diferen&ccedil;a de caixa, seta de direc&ccedil;&atilde;o,<strong> punho f&aacute;cil de agarrar e uma linha central como guia<\/strong> para assegurar um acabamento em linha recta em todas as suas cria&ccedil;&otilde;es.&nbsp;<\/span><\/p>\n<p><span style=\"font-size:14px\"><strong>Dimens&otilde;es aproximadas: <\/strong>10 &#8211; 20 mm.<\/span><\/p>\n<p><em><span style=\"font-size:14px\">Os carimbos v&ecirc;m numa caixa de armazenamento para os manter seguros e facilmente armazenados para a pr&oacute;xima utiliza&ccedil;&atilde;o.<\/span><\/em><\/p>\n<p>&nbsp;<\/p>\n","protected":false},"excerpt":{"rendered":"<p>Conjunto completo de 66 pe\u00e7as que inclui 26 letras mai\u00fasculas, 26 letras min\u00fasculas, n\u00fameros 0-9 e s\u00edmbolos &amp;, !, ? e #.<\/p>\n","protected":false},"featured_media":346614,"comment_status":"open","ping_status":"closed","template":"","meta":{"_acf_changed":false},"pwb-brand":[],"product_brand":[],"product_cat":[3199,3215,3214,3087,1788,1801,1809,1767],"product_tag":[],"class_list":{"0":"post-387962","1":"product","2":"type-product","3":"status-publish","4":"has-post-thumbnail","6":"product_cat-cortadores-de-metal","7":"product_cat-marcadores","8":"product_cat-moldes-de-pastelaria","9":"product_cat-ordem-e-armazenamento","10":"product_cat-cortadores-de-cobre","11":"product_cat-moldes","12":"product_cat-moldes-marcadores","13":"product_cat-utensilios","15":"first","16":"instock","17":"taxable","18":"shipping-taxable","19":"purchasable","20":"product-type-simple"},"acf":[],"df_price":22.75,"df_sale_price":14.79,"df_regular_price":22.75,"df_image_link":"https:\/\/glotomania.com\/wp-content\/uploads\/2025\/11\/img_14886_47691fce5be1f737e5f8feeff42dacd9_1-15-300x300.jpg","brands":[],"_links":{"self":[{"href":"https:\/\/glotomania.com\/pt-pt\/wp-json\/wp\/v2\/product\/387962","targetHints":{"allow":["GET"]}}],"collection":[{"href":"https:\/\/glotomania.com\/pt-pt\/wp-json\/wp\/v2\/product"}],"about":[{"href":"https:\/\/glotomania.com\/pt-pt\/wp-json\/wp\/v2\/types\/product"}],"replies":[{"embeddable":true,"href":"https:\/\/glotomania.com\/pt-pt\/wp-json\/wp\/v2\/comments?post=387962"}],"wp:featuredmedia":[{"embeddable":true,"href":"https:\/\/glotomania.com\/pt-pt\/wp-json\/wp\/v2\/media\/346614"}],"wp:attachment":[{"href":"https:\/\/glotomania.com\/pt-pt\/wp-json\/wp\/v2\/media?parent=387962"}],"wp:term":[{"taxonomy":"pwb-brand","embeddable":true,"href":"https:\/\/glotomania.com\/pt-pt\/wp-json\/wp\/v2\/pwb-brand?post=387962"},{"taxonomy":"product_brand","embeddable":true,"href":"https:\/\/glotomania.com\/pt-pt\/wp-json\/wp\/v2\/product_brand?post=387962"},{"taxonomy":"product_cat","embeddable":true,"href":"https:\/\/glotomania.com\/pt-pt\/wp-json\/wp\/v2\/product_cat?post=387962"},{"taxonomy":"product_tag","embeddable":true,"href":"https:\/\/glotomania.com\/pt-pt\/wp-json\/wp\/v2\/product_tag?post=387962"}],"curies":[{"name":"wp","href":"https:\/\/api.w.org\/{rel}","templated":true}]}}