{"id":387985,"date":"2025-09-02T10:29:47","date_gmt":"2025-09-02T10:29:47","guid":{"rendered":"https:\/\/glotomania.com\/p\/decoraciones-de-mazapan-funcakes-rosas-rojas-2\/"},"modified":"2026-04-14T12:24:18","modified_gmt":"2026-04-14T12:24:18","slug":"decoraciones-de-mazapan-funcakes-rosas-rojas-2","status":"publish","type":"product","link":"https:\/\/glotomania.com\/pt-pt\/p\/decoraciones-de-mazapan-funcakes-rosas-rojas-2\/","title":{"rendered":"Decora\u00c7\u00d5es De Ma\u00c7ap\u00c3o Funcakes &#8211; Rosas Vermelhas"},"content":{"rendered":"<p>&nbsp;<\/p>\n<p><strong style=\"font-size: 14px\">Tamanho aproximado:&nbsp;<\/strong><span style=\"font-size: 14px\">2,5 cm.<\/span><\/p>\n<p><span style=\"font-size: 14px\">A caixa inclui 6 unidades.<\/span><\/p>\n","protected":false},"excerpt":{"rendered":"<p>6 decora\u00e7\u00f5es de ma\u00e7ap\u00e3o em forma de rosas em cor vermelho brilhante.<\/p>\n","protected":false},"featured_media":349241,"comment_status":"open","ping_status":"closed","template":"","meta":{"_acf_changed":false},"pwb-brand":[],"product_brand":[],"product_cat":[1852,2910,1839,1909,2979,2986,1832,1833,2920,2996,1888,1866,2924,3004],"product_tag":[],"class_list":{"0":"post-387985","1":"product","2":"type-product","3":"status-publish","4":"has-post-thumbnail","6":"product_cat-san-valentin","7":"product_cat-casamentos-2","8":"product_cat-decoracion-comestible","9":"product_cat-decoraciones-mazapan","10":"product_cat-decoracoes-comestiveis-2","11":"product_cat-decoracoes-de-macapao-2","12":"product_cat-diestas-especiales","13":"product_cat-dieta-sin-gluten","14":"product_cat-natal-2","15":"product_cat-produtos-vegetarianos","16":"product_cat-bodas","17":"product_cat-navidad","18":"product_cat-sao-valentim-2","19":"product_cat-sem-gluten-2","21":"first","22":"instock","23":"taxable","24":"shipping-taxable","25":"purchasable","26":"product-type-simple"},"acf":[],"df_price":2.64,"df_sale_price":"","df_regular_price":2.64,"df_image_link":"https:\/\/glotomania.com\/wp-content\/uploads\/2025\/11\/img_19321_443627c9fd2dbe45a3cb3dcf5d044bfb_1-17-300x300.jpg","brands":[],"_links":{"self":[{"href":"https:\/\/glotomania.com\/pt-pt\/wp-json\/wp\/v2\/product\/387985","targetHints":{"allow":["GET"]}}],"collection":[{"href":"https:\/\/glotomania.com\/pt-pt\/wp-json\/wp\/v2\/product"}],"about":[{"href":"https:\/\/glotomania.com\/pt-pt\/wp-json\/wp\/v2\/types\/product"}],"replies":[{"embeddable":true,"href":"https:\/\/glotomania.com\/pt-pt\/wp-json\/wp\/v2\/comments?post=387985"}],"wp:featuredmedia":[{"embeddable":true,"href":"https:\/\/glotomania.com\/pt-pt\/wp-json\/wp\/v2\/media\/349241"}],"wp:attachment":[{"href":"https:\/\/glotomania.com\/pt-pt\/wp-json\/wp\/v2\/media?parent=387985"}],"wp:term":[{"taxonomy":"pwb-brand","embeddable":true,"href":"https:\/\/glotomania.com\/pt-pt\/wp-json\/wp\/v2\/pwb-brand?post=387985"},{"taxonomy":"product_brand","embeddable":true,"href":"https:\/\/glotomania.com\/pt-pt\/wp-json\/wp\/v2\/product_brand?post=387985"},{"taxonomy":"product_cat","embeddable":true,"href":"https:\/\/glotomania.com\/pt-pt\/wp-json\/wp\/v2\/product_cat?post=387985"},{"taxonomy":"product_tag","embeddable":true,"href":"https:\/\/glotomania.com\/pt-pt\/wp-json\/wp\/v2\/product_tag?post=387985"}],"curies":[{"name":"wp","href":"https:\/\/api.w.org\/{rel}","templated":true}]}}