{"id":387988,"date":"2025-09-02T10:29:49","date_gmt":"2025-09-02T10:29:49","guid":{"rendered":"https:\/\/glotomania.com\/p\/decoraciones-de-azucar-funcakes-bebe-nino-azul-2\/"},"modified":"2026-04-14T12:24:05","modified_gmt":"2026-04-14T12:24:05","slug":"decoraciones-de-azucar-funcakes-bebe-nino-azul-2","status":"publish","type":"product","link":"https:\/\/glotomania.com\/pt-pt\/p\/decoraciones-de-azucar-funcakes-bebe-nino-azul-2\/","title":{"rendered":"Decora\u00c7\u00d5es De A\u00c7\u00dacar Funcakes &#8211; Bebe Menino Azul"},"content":{"rendered":"<p>\n<span style=\"font-size: 14px\"><strong>Tamanho aproximado:&nbsp;<\/strong><\/span><span style=\"font-size: 14px\">2&nbsp;x 2&nbsp;cm.<\/span><\/p>\n<p><span style=\"font-size: 14px\">A caixa inclui 8 unidades: 2 peluches, 2 beb&eacute;s, 2 biber&otilde;es, 2 carrinhos de crian&ccedil;a.<\/span><\/p>\n","protected":false},"excerpt":{"rendered":"<p>8 decora\u00e7\u00f5es com tema de a\u00e7\u00facar azul para beb\u00e9, ideal para um baptizado ou duche de beb\u00e9.<\/p>\n","protected":false},"featured_media":343218,"comment_status":"open","ping_status":"closed","template":"","meta":{"_acf_changed":false},"pwb-brand":[],"product_brand":[],"product_cat":[2908,2979,2979,2996,2907,2988,2988,3004,2996,2908,2907,3004],"product_tag":[],"class_list":{"0":"post-387988","1":"product","2":"type-product","3":"status-publish","4":"has-post-thumbnail","6":"product_cat-batizados","7":"product_cat-decoracoes-comestiveis-2","9":"product_cat-produtos-vegetarianos","10":"product_cat-festas","11":"product_cat-figuras-de-acucar-comestiveis-2","13":"product_cat-sem-gluten-2","19":"first","20":"instock","21":"taxable","22":"shipping-taxable","23":"purchasable","24":"product-type-simple"},"acf":[],"df_price":3.43,"df_sale_price":"","df_regular_price":3.43,"df_image_link":"https:\/\/glotomania.com\/wp-content\/uploads\/2025\/11\/img_17049_8c4930946fdda298c914b92682cffbaf_1-12-300x300.jpg","brands":[],"_links":{"self":[{"href":"https:\/\/glotomania.com\/pt-pt\/wp-json\/wp\/v2\/product\/387988","targetHints":{"allow":["GET"]}}],"collection":[{"href":"https:\/\/glotomania.com\/pt-pt\/wp-json\/wp\/v2\/product"}],"about":[{"href":"https:\/\/glotomania.com\/pt-pt\/wp-json\/wp\/v2\/types\/product"}],"replies":[{"embeddable":true,"href":"https:\/\/glotomania.com\/pt-pt\/wp-json\/wp\/v2\/comments?post=387988"}],"wp:featuredmedia":[{"embeddable":true,"href":"https:\/\/glotomania.com\/pt-pt\/wp-json\/wp\/v2\/media\/343218"}],"wp:attachment":[{"href":"https:\/\/glotomania.com\/pt-pt\/wp-json\/wp\/v2\/media?parent=387988"}],"wp:term":[{"taxonomy":"pwb-brand","embeddable":true,"href":"https:\/\/glotomania.com\/pt-pt\/wp-json\/wp\/v2\/pwb-brand?post=387988"},{"taxonomy":"product_brand","embeddable":true,"href":"https:\/\/glotomania.com\/pt-pt\/wp-json\/wp\/v2\/product_brand?post=387988"},{"taxonomy":"product_cat","embeddable":true,"href":"https:\/\/glotomania.com\/pt-pt\/wp-json\/wp\/v2\/product_cat?post=387988"},{"taxonomy":"product_tag","embeddable":true,"href":"https:\/\/glotomania.com\/pt-pt\/wp-json\/wp\/v2\/product_tag?post=387988"}],"curies":[{"name":"wp","href":"https:\/\/api.w.org\/{rel}","templated":true}]}}