{"id":387989,"date":"2025-09-02T10:29:49","date_gmt":"2025-09-02T10:29:49","guid":{"rendered":"https:\/\/glotomania.com\/p\/decoraciones-de-azucar-funcakes-pies-bebe-azules-2\/"},"modified":"2026-03-10T14:06:00","modified_gmt":"2026-03-10T14:06:00","slug":"decoraciones-de-azucar-funcakes-pies-bebe-azules-2","status":"publish","type":"product","link":"https:\/\/glotomania.com\/pt-pt\/p\/decoraciones-de-azucar-funcakes-pies-bebe-azules-2\/","title":{"rendered":"Decora\u00c7\u00d5es De A\u00c7\u00dacar Funcakes &#8211; P\u00c9s De Beb\u00c9 Azul"},"content":{"rendered":"<p>\n<span style=\"color:#000000\"><span style=\"font-size: 14px\"><strong>Tamanho aproximado:&nbsp;<\/strong>1,5 x 2,2 cm.<\/span><\/span><\/p>\n<p><span style=\"color:#000000\"><span style=\"font-size: 14px\">A caixa inclui 16 unidades.<\/span><\/span><\/p>\n<div>&nbsp;<\/div>\n","protected":false},"excerpt":{"rendered":"<p>16 decora\u00e7\u00f5es de a\u00e7\u00facar em forma de p\u00e9s de beb\u00e9 azuis, ideais para um baptizado ou um Baby Shower.<\/p>\n","protected":false},"featured_media":349269,"comment_status":"open","ping_status":"closed","template":"","meta":{"_acf_changed":false},"pwb-brand":[],"product_brand":[],"product_cat":[2908,2979,2916,2988,2996,3004,1839,1832,1999,1833,1885,1951],"product_tag":[],"class_list":{"0":"post-387989","1":"product","2":"type-product","3":"status-publish","4":"has-post-thumbnail","6":"product_cat-batizados","7":"product_cat-decoracoes-comestiveis-2","8":"product_cat-dia-dos-pais-2","9":"product_cat-figuras-de-acucar-comestiveis-2","10":"product_cat-produtos-vegetarianos","11":"product_cat-sem-gluten-2","12":"product_cat-decoracion-comestible","13":"product_cat-diestas-especiales","14":"product_cat-figuras-de-azucar","15":"product_cat-dieta-sin-gluten","16":"product_cat-bautizos","17":"product_cat-dia-del-padre","19":"first","20":"instock","21":"taxable","22":"shipping-taxable","23":"purchasable","24":"product-type-simple"},"acf":[],"df_price":3.43,"df_sale_price":"","df_regular_price":3.43,"df_image_link":"https:\/\/glotomania.com\/wp-content\/uploads\/2025\/11\/img_16755_fe2833d3e5e4ffbf1aeca85d529345ca_1-17-300x300.jpg","brands":[],"_links":{"self":[{"href":"https:\/\/glotomania.com\/pt-pt\/wp-json\/wp\/v2\/product\/387989","targetHints":{"allow":["GET"]}}],"collection":[{"href":"https:\/\/glotomania.com\/pt-pt\/wp-json\/wp\/v2\/product"}],"about":[{"href":"https:\/\/glotomania.com\/pt-pt\/wp-json\/wp\/v2\/types\/product"}],"replies":[{"embeddable":true,"href":"https:\/\/glotomania.com\/pt-pt\/wp-json\/wp\/v2\/comments?post=387989"}],"wp:featuredmedia":[{"embeddable":true,"href":"https:\/\/glotomania.com\/pt-pt\/wp-json\/wp\/v2\/media\/349269"}],"wp:attachment":[{"href":"https:\/\/glotomania.com\/pt-pt\/wp-json\/wp\/v2\/media?parent=387989"}],"wp:term":[{"taxonomy":"pwb-brand","embeddable":true,"href":"https:\/\/glotomania.com\/pt-pt\/wp-json\/wp\/v2\/pwb-brand?post=387989"},{"taxonomy":"product_brand","embeddable":true,"href":"https:\/\/glotomania.com\/pt-pt\/wp-json\/wp\/v2\/product_brand?post=387989"},{"taxonomy":"product_cat","embeddable":true,"href":"https:\/\/glotomania.com\/pt-pt\/wp-json\/wp\/v2\/product_cat?post=387989"},{"taxonomy":"product_tag","embeddable":true,"href":"https:\/\/glotomania.com\/pt-pt\/wp-json\/wp\/v2\/product_tag?post=387989"}],"curies":[{"name":"wp","href":"https:\/\/api.w.org\/{rel}","templated":true}]}}