{"id":387990,"date":"2025-09-02T10:29:50","date_gmt":"2025-09-02T10:29:50","guid":{"rendered":"https:\/\/glotomania.com\/p\/decoraciones-de-azucar-funcakes-unicornio-y-arcoiris-2\/"},"modified":"2026-04-21T11:09:49","modified_gmt":"2026-04-21T11:09:49","slug":"decoraciones-de-azucar-funcakes-unicornio-y-arcoiris-2","status":"publish","type":"product","link":"https:\/\/glotomania.com\/pt-pt\/p\/decoraciones-de-azucar-funcakes-unicornio-y-arcoiris-2\/","title":{"rendered":"Decora\u00c7\u00d5es De A\u00c7\u00dacar Funcakes &#8211; Unic\u00d3rnio E Arco-\u00cdris"},"content":{"rendered":"<p>\n<span style=\"font-size:14px\"><span style=\"color:#000000\"><strong>Tamanho aproximado:<\/strong><strong style=\"font-size: 14px\">&nbsp;<\/strong>2 cm<\/span><\/span><\/p>\n<p><span style=\"font-size:14px\"><span style=\"color:#000000\">A caixa inclui 12&nbsp;unidades.<\/span><\/span><\/p>\n<div>&nbsp;<\/div>\n","protected":false},"excerpt":{"rendered":"<p>12 decora\u00e7\u00f5es de a\u00e7\u00facar em forma de unic\u00f3rnios e arco-\u00edris, perfeitas para dar um toque de cor \u00e0s nossas cria\u00e7\u00f5es.<\/p>\n","protected":false},"featured_media":36190,"comment_status":"open","ping_status":"closed","template":"","meta":{"_acf_changed":false},"pwb-brand":[],"product_brand":[],"product_cat":[1839,2979,1832,2988,1999,1833,2996,3004],"product_tag":[],"class_list":{"0":"post-387990","1":"product","2":"type-product","3":"status-publish","4":"has-post-thumbnail","6":"product_cat-decoracion-comestible","7":"product_cat-decoracoes-comestiveis-2","8":"product_cat-diestas-especiales","9":"product_cat-figuras-de-acucar-comestiveis-2","10":"product_cat-figuras-de-azucar","11":"product_cat-dieta-sin-gluten","12":"product_cat-produtos-vegetarianos","13":"product_cat-sem-gluten-2","15":"first","16":"instock","17":"taxable","18":"shipping-taxable","19":"purchasable","20":"product-type-simple"},"acf":[],"df_price":4.4,"df_sale_price":"","df_regular_price":4.4,"df_image_link":"https:\/\/glotomania.com\/wp-content\/uploads\/2022\/09\/img_16756_f61071d9555d66f092c075854f457b7f_1-300x300.png","brands":[],"_links":{"self":[{"href":"https:\/\/glotomania.com\/pt-pt\/wp-json\/wp\/v2\/product\/387990","targetHints":{"allow":["GET"]}}],"collection":[{"href":"https:\/\/glotomania.com\/pt-pt\/wp-json\/wp\/v2\/product"}],"about":[{"href":"https:\/\/glotomania.com\/pt-pt\/wp-json\/wp\/v2\/types\/product"}],"replies":[{"embeddable":true,"href":"https:\/\/glotomania.com\/pt-pt\/wp-json\/wp\/v2\/comments?post=387990"}],"wp:featuredmedia":[{"embeddable":true,"href":"https:\/\/glotomania.com\/pt-pt\/wp-json\/wp\/v2\/media\/36190"}],"wp:attachment":[{"href":"https:\/\/glotomania.com\/pt-pt\/wp-json\/wp\/v2\/media?parent=387990"}],"wp:term":[{"taxonomy":"pwb-brand","embeddable":true,"href":"https:\/\/glotomania.com\/pt-pt\/wp-json\/wp\/v2\/pwb-brand?post=387990"},{"taxonomy":"product_brand","embeddable":true,"href":"https:\/\/glotomania.com\/pt-pt\/wp-json\/wp\/v2\/product_brand?post=387990"},{"taxonomy":"product_cat","embeddable":true,"href":"https:\/\/glotomania.com\/pt-pt\/wp-json\/wp\/v2\/product_cat?post=387990"},{"taxonomy":"product_tag","embeddable":true,"href":"https:\/\/glotomania.com\/pt-pt\/wp-json\/wp\/v2\/product_tag?post=387990"}],"curies":[{"name":"wp","href":"https:\/\/api.w.org\/{rel}","templated":true}]}}