{"id":387991,"date":"2025-09-02T10:29:51","date_gmt":"2025-09-02T10:29:51","guid":{"rendered":"https:\/\/glotomania.com\/p\/decoraciones-de-azucar-funcakes-zanahorias-2\/"},"modified":"2026-04-25T00:26:35","modified_gmt":"2026-04-25T00:26:35","slug":"decoraciones-de-azucar-funcakes-zanahorias-2","status":"publish","type":"product","link":"https:\/\/glotomania.com\/pt-pt\/p\/decoraciones-de-azucar-funcakes-zanahorias-2\/","title":{"rendered":"Decora\u00c7\u00d5es De A\u00c7\u00dacar Funcakes &#8211; Cenoura"},"content":{"rendered":"<p>\n<span style=\"font-size:14px\"><span style=\"color:#000000\"><strong>Tamanho aproximado:\u00a0<\/strong>1 x\u00a02\u00a0cm.<\/span><\/span><\/p>\n<p><span style=\"font-size:14px\"><span style=\"color:#000000\">A caixa inclui 16 unidades.<\/span><\/span><\/p>\n<div>\u00a0<\/div>\n","protected":false},"excerpt":{"rendered":"<p>16 decora\u00e7\u00f5es de a\u00e7\u00facar em forma de cenoura, ideais para decorar os nossos cupcakes na P\u00e1scoa.<\/p>\n","protected":false},"featured_media":38371,"comment_status":"open","ping_status":"closed","template":"","meta":{"_acf_changed":false},"pwb-brand":[],"product_brand":[],"product_cat":[2979,2979,2996,2988,2988,3004,2921,2996,2921,3004],"product_tag":[],"class_list":{"0":"post-387991","1":"product","2":"type-product","3":"status-publish","4":"has-post-thumbnail","6":"product_cat-decoracoes-comestiveis-2","8":"product_cat-produtos-vegetarianos","9":"product_cat-figuras-de-acucar-comestiveis-2","11":"product_cat-sem-gluten-2","12":"product_cat-pascoa","17":"first","18":"outofstock","19":"taxable","20":"shipping-taxable","21":"purchasable","22":"product-type-simple"},"acf":[],"df_price":2.44,"df_sale_price":"","df_regular_price":2.44,"df_image_link":"https:\/\/glotomania.com\/wp-content\/uploads\/2022\/09\/img_16757_9352b3b3be061e00eee4dda259aabe4e_1-300x300.png","brands":[],"_links":{"self":[{"href":"https:\/\/glotomania.com\/pt-pt\/wp-json\/wp\/v2\/product\/387991","targetHints":{"allow":["GET"]}}],"collection":[{"href":"https:\/\/glotomania.com\/pt-pt\/wp-json\/wp\/v2\/product"}],"about":[{"href":"https:\/\/glotomania.com\/pt-pt\/wp-json\/wp\/v2\/types\/product"}],"replies":[{"embeddable":true,"href":"https:\/\/glotomania.com\/pt-pt\/wp-json\/wp\/v2\/comments?post=387991"}],"wp:featuredmedia":[{"embeddable":true,"href":"https:\/\/glotomania.com\/pt-pt\/wp-json\/wp\/v2\/media\/38371"}],"wp:attachment":[{"href":"https:\/\/glotomania.com\/pt-pt\/wp-json\/wp\/v2\/media?parent=387991"}],"wp:term":[{"taxonomy":"pwb-brand","embeddable":true,"href":"https:\/\/glotomania.com\/pt-pt\/wp-json\/wp\/v2\/pwb-brand?post=387991"},{"taxonomy":"product_brand","embeddable":true,"href":"https:\/\/glotomania.com\/pt-pt\/wp-json\/wp\/v2\/product_brand?post=387991"},{"taxonomy":"product_cat","embeddable":true,"href":"https:\/\/glotomania.com\/pt-pt\/wp-json\/wp\/v2\/product_cat?post=387991"},{"taxonomy":"product_tag","embeddable":true,"href":"https:\/\/glotomania.com\/pt-pt\/wp-json\/wp\/v2\/product_tag?post=387991"}],"curies":[{"name":"wp","href":"https:\/\/api.w.org\/{rel}","templated":true}]}}