{"id":387992,"date":"2025-09-02T10:29:51","date_gmt":"2025-09-02T10:29:51","guid":{"rendered":"https:\/\/glotomania.com\/p\/decoraciones-de-fondant-funcakes-calaveras-2\/"},"modified":"2026-04-27T00:16:53","modified_gmt":"2026-04-27T00:16:53","slug":"decoraciones-de-fondant-funcakes-calaveras-2","status":"publish","type":"product","link":"https:\/\/glotomania.com\/pt-pt\/p\/decoraciones-de-fondant-funcakes-calaveras-2\/","title":{"rendered":"Decora\u00c7\u00d5es De Pasta De A\u00c7\u00dacar Funcakes &#8211; Caveiras"},"content":{"rendered":"<div>&nbsp;<\/div>\n<div><span style=\"color:#000000\"><span style=\"font-size:14px\"><strong>Tamanho aproximado:<\/strong> 2 x 2,5 cm.<\/span><\/span><br \/>\n&nbsp;<\/div>\n<div><span style=\"color:#000000\"><span style=\"font-size:14px\">A caixa inclui 8 unidades.<\/span><\/span><\/div>\n<p>\n&nbsp;<\/p>\n","protected":false},"excerpt":{"rendered":"<p>8 decora\u00e7\u00f5es de pasta de a\u00e7\u00facar em forma de caveiras, ideais para decorar os nossos cupcakes no Halloween.<\/p>\n","protected":false},"featured_media":36192,"comment_status":"open","ping_status":"closed","template":"","meta":{"_acf_changed":false},"pwb-brand":[],"product_brand":[],"product_cat":[2979,2988,2917,2996,3004,1839,1832,1999,2773,1833,1863],"product_tag":[],"class_list":{"0":"post-387992","1":"product","2":"type-product","3":"status-publish","4":"has-post-thumbnail","6":"product_cat-decoracoes-comestiveis-2","7":"product_cat-figuras-de-acucar-comestiveis-2","8":"product_cat-halloween","9":"product_cat-produtos-vegetarianos","10":"product_cat-sem-gluten-2","11":"product_cat-decoracion-comestible","12":"product_cat-diestas-especiales","13":"product_cat-figuras-de-azucar","14":"product_cat-fondant-sin-gluten","15":"product_cat-dieta-sin-gluten","18":"first","19":"instock","20":"taxable","21":"shipping-taxable","22":"purchasable","23":"product-type-simple"},"acf":[],"df_price":2.96,"df_sale_price":2.07,"df_regular_price":2.96,"df_image_link":"https:\/\/glotomania.com\/wp-content\/uploads\/2022\/09\/img_16504_59dda032c3519a653bb875742596a78c_1-300x300.png","brands":[],"_links":{"self":[{"href":"https:\/\/glotomania.com\/pt-pt\/wp-json\/wp\/v2\/product\/387992","targetHints":{"allow":["GET"]}}],"collection":[{"href":"https:\/\/glotomania.com\/pt-pt\/wp-json\/wp\/v2\/product"}],"about":[{"href":"https:\/\/glotomania.com\/pt-pt\/wp-json\/wp\/v2\/types\/product"}],"replies":[{"embeddable":true,"href":"https:\/\/glotomania.com\/pt-pt\/wp-json\/wp\/v2\/comments?post=387992"}],"wp:featuredmedia":[{"embeddable":true,"href":"https:\/\/glotomania.com\/pt-pt\/wp-json\/wp\/v2\/media\/36192"}],"wp:attachment":[{"href":"https:\/\/glotomania.com\/pt-pt\/wp-json\/wp\/v2\/media?parent=387992"}],"wp:term":[{"taxonomy":"pwb-brand","embeddable":true,"href":"https:\/\/glotomania.com\/pt-pt\/wp-json\/wp\/v2\/pwb-brand?post=387992"},{"taxonomy":"product_brand","embeddable":true,"href":"https:\/\/glotomania.com\/pt-pt\/wp-json\/wp\/v2\/product_brand?post=387992"},{"taxonomy":"product_cat","embeddable":true,"href":"https:\/\/glotomania.com\/pt-pt\/wp-json\/wp\/v2\/product_cat?post=387992"},{"taxonomy":"product_tag","embeddable":true,"href":"https:\/\/glotomania.com\/pt-pt\/wp-json\/wp\/v2\/product_tag?post=387992"}],"curies":[{"name":"wp","href":"https:\/\/api.w.org\/{rel}","templated":true}]}}