{"id":387993,"date":"2025-09-02T10:29:52","date_gmt":"2025-09-02T10:29:52","guid":{"rendered":"https:\/\/glotomania.com\/p\/decoraciones-de-fondant-funcakes-futbol-2\/"},"modified":"2026-04-21T12:51:14","modified_gmt":"2026-04-21T12:51:14","slug":"decoraciones-de-fondant-funcakes-futbol-2","status":"publish","type":"product","link":"https:\/\/glotomania.com\/pt-pt\/p\/decoraciones-de-fondant-funcakes-futbol-2\/","title":{"rendered":"Decora\u00c7\u00d5es De Pasta De A\u00c7\u00dacar Funcakes &#8211; Futebol"},"content":{"rendered":"<p>\n<span style=\"font-size:14px\"><strong>Tamanho aproximado: <\/strong>2,5 cm &Oslash;.<\/span><\/p>\n<p><span style=\"font-size:14px\">A caixa inclui 8 unidades.<\/span><\/p>\n","protected":false},"excerpt":{"rendered":"<p>8 decora\u00e7\u00f5es de pasta de a\u00e7\u00facar em forma de bolas de futebol, ideais para os mais desportivos.<\/p>\n","protected":false},"featured_media":36191,"comment_status":"open","ping_status":"closed","template":"","meta":{"_acf_changed":false},"pwb-brand":[],"product_brand":[],"product_cat":[2911,2979,2979,2916,2996,2988,2988,2773,3004,2996,2911,2916,3004],"product_tag":[],"class_list":{"0":"post-387993","1":"product","2":"type-product","3":"status-publish","4":"has-post-thumbnail","6":"product_cat-comunhoes","7":"product_cat-decoracoes-comestiveis-2","9":"product_cat-dia-dos-pais-2","10":"product_cat-produtos-vegetarianos","11":"product_cat-figuras-de-acucar-comestiveis-2","13":"product_cat-fondant-sin-gluten","14":"product_cat-sem-gluten-2","20":"first","21":"instock","22":"taxable","23":"shipping-taxable","24":"purchasable","25":"product-type-simple"},"acf":[],"df_price":3.73,"df_sale_price":"","df_regular_price":3.73,"df_image_link":"https:\/\/glotomania.com\/wp-content\/uploads\/2022\/09\/img_16758_a4608ca6846b692563b29b270942b6cf_1-300x300.png","brands":[],"_links":{"self":[{"href":"https:\/\/glotomania.com\/pt-pt\/wp-json\/wp\/v2\/product\/387993","targetHints":{"allow":["GET"]}}],"collection":[{"href":"https:\/\/glotomania.com\/pt-pt\/wp-json\/wp\/v2\/product"}],"about":[{"href":"https:\/\/glotomania.com\/pt-pt\/wp-json\/wp\/v2\/types\/product"}],"replies":[{"embeddable":true,"href":"https:\/\/glotomania.com\/pt-pt\/wp-json\/wp\/v2\/comments?post=387993"}],"wp:featuredmedia":[{"embeddable":true,"href":"https:\/\/glotomania.com\/pt-pt\/wp-json\/wp\/v2\/media\/36191"}],"wp:attachment":[{"href":"https:\/\/glotomania.com\/pt-pt\/wp-json\/wp\/v2\/media?parent=387993"}],"wp:term":[{"taxonomy":"pwb-brand","embeddable":true,"href":"https:\/\/glotomania.com\/pt-pt\/wp-json\/wp\/v2\/pwb-brand?post=387993"},{"taxonomy":"product_brand","embeddable":true,"href":"https:\/\/glotomania.com\/pt-pt\/wp-json\/wp\/v2\/product_brand?post=387993"},{"taxonomy":"product_cat","embeddable":true,"href":"https:\/\/glotomania.com\/pt-pt\/wp-json\/wp\/v2\/product_cat?post=387993"},{"taxonomy":"product_tag","embeddable":true,"href":"https:\/\/glotomania.com\/pt-pt\/wp-json\/wp\/v2\/product_tag?post=387993"}],"curies":[{"name":"wp","href":"https:\/\/api.w.org\/{rel}","templated":true}]}}