{"id":387994,"date":"2025-09-02T10:29:52","date_gmt":"2025-09-02T10:29:52","guid":{"rendered":"https:\/\/glotomania.com\/p\/set-mangas-pasteleras-y-boquillas-fineliner-funcakes-2\/"},"modified":"2026-04-14T12:23:38","modified_gmt":"2026-04-14T12:23:38","slug":"set-mangas-pasteleras-y-boquillas-fineliner-funcakes-2","status":"publish","type":"product","link":"https:\/\/glotomania.com\/pt-pt\/p\/set-mangas-pasteleras-y-boquillas-fineliner-funcakes-2\/","title":{"rendered":"Set Sacos De Pasteleiro E Bicos &#8220;fineliner&#8221; Funcakes"},"content":{"rendered":"<p>&nbsp;<\/p>\n<p><span style=\"font-size:14px\">O conjunto FunCakes Fineliner consiste em 10 sacos de tubagem descart&aacute;veis com bicos. Os bicos s&atilde;o perfeitos para fazer decora&ccedil;&otilde;es muito precisas, tais como<strong> letras e n&uacute;meros<\/strong>, e pode utiliz&aacute;-los com elementos fluidos, tais como o<strong> chocolate.<\/strong><\/span><\/p>\n<p><span style=\"font-size:14px\">O Fineliner pode ser enchido antes de ser utilizado, mantido no frigor&iacute;fico e aquecido no microondas ou banho-maria quando pronto a ser utilizado.<\/span><\/p>\n<p><span style=\"font-size:14px\"><strong>Tamanho aproximado dos sacos de confeitar<\/strong>: 21 x 12 cm.&nbsp;<br \/>\n<strong>Tamanho aproximado do bico: <\/strong>0,8 mm.<\/span><\/p>\n","protected":false},"excerpt":{"rendered":"<p>Conjunto de 10 sacos de confeitar e bicos descart\u00e1veis, ideais para decora\u00e7\u00f5es e detalhes finos.<\/p>\n","protected":false},"featured_media":35853,"comment_status":"open","ping_status":"closed","template":"","meta":{"_acf_changed":false},"pwb-brand":[],"product_brand":[],"product_cat":[3106,3087,3126,1820,1883,1767],"product_tag":[],"class_list":{"0":"post-387994","1":"product","2":"type-product","3":"status-publish","4":"has-post-thumbnail","6":"product_cat-basicos-de-pastelaria","7":"product_cat-ordem-e-armazenamento","8":"product_cat-sacos-de-pasteleiro-e-acessorios-2","9":"product_cat-basicos","10":"product_cat-mangas-pasteleras","11":"product_cat-utensilios","13":"first","14":"instock","15":"taxable","16":"shipping-taxable","17":"purchasable","18":"product-type-simple"},"acf":[],"df_price":5.95,"df_sale_price":"","df_regular_price":5.95,"df_image_link":"https:\/\/glotomania.com\/wp-content\/uploads\/2022\/09\/img_15331_c584cb906e444eac86117607de331346_1-300x300.png","brands":[],"_links":{"self":[{"href":"https:\/\/glotomania.com\/pt-pt\/wp-json\/wp\/v2\/product\/387994","targetHints":{"allow":["GET"]}}],"collection":[{"href":"https:\/\/glotomania.com\/pt-pt\/wp-json\/wp\/v2\/product"}],"about":[{"href":"https:\/\/glotomania.com\/pt-pt\/wp-json\/wp\/v2\/types\/product"}],"replies":[{"embeddable":true,"href":"https:\/\/glotomania.com\/pt-pt\/wp-json\/wp\/v2\/comments?post=387994"}],"wp:featuredmedia":[{"embeddable":true,"href":"https:\/\/glotomania.com\/pt-pt\/wp-json\/wp\/v2\/media\/35853"}],"wp:attachment":[{"href":"https:\/\/glotomania.com\/pt-pt\/wp-json\/wp\/v2\/media?parent=387994"}],"wp:term":[{"taxonomy":"pwb-brand","embeddable":true,"href":"https:\/\/glotomania.com\/pt-pt\/wp-json\/wp\/v2\/pwb-brand?post=387994"},{"taxonomy":"product_brand","embeddable":true,"href":"https:\/\/glotomania.com\/pt-pt\/wp-json\/wp\/v2\/product_brand?post=387994"},{"taxonomy":"product_cat","embeddable":true,"href":"https:\/\/glotomania.com\/pt-pt\/wp-json\/wp\/v2\/product_cat?post=387994"},{"taxonomy":"product_tag","embeddable":true,"href":"https:\/\/glotomania.com\/pt-pt\/wp-json\/wp\/v2\/product_tag?post=387994"}],"curies":[{"name":"wp","href":"https:\/\/api.w.org\/{rel}","templated":true}]}}