{"id":387995,"date":"2025-09-02T10:29:53","date_gmt":"2025-09-02T10:29:53","guid":{"rendered":"https:\/\/glotomania.com\/p\/caja-para-galletas-y-bombones-kraft-con-ventana-12-x-11-cm-2\/"},"modified":"2026-04-23T11:37:02","modified_gmt":"2026-04-23T11:37:02","slug":"caja-para-galletas-y-bombones-kraft-con-ventana-12-x-11-cm-2","status":"publish","type":"product","link":"https:\/\/glotomania.com\/pt-pt\/p\/caja-para-galletas-y-bombones-kraft-con-ventana-12-x-11-cm-2\/","title":{"rendered":"Caixa Para Biscoitos E Chocolates Kraft Com Janela &#8211; 12 X 11 Cm"},"content":{"rendered":"<p>\n<span style=\"font-size: 14px\">Na sua lateral, incorpora uma&nbsp;<strong>janela<\/strong>&nbsp;de pl&aacute;stico transparente para visualizar o produto. A sua cor elegante permite-lhe personaliz&aacute;-la se assim o desejar.<\/span><\/p>\n<p><span style=\"font-size: 14px\">Fechamento de separadores f&aacute;cil de desdobrar e conveniente. Fabricado em cart&atilde;o resistente e janela de pl&aacute;stico, adequado para uso alimentar.<\/span><\/p>\n<p><span style=\"font-size: 14px\"><strong>Medidas<\/strong>: 12&nbsp;x 12&nbsp;x 11&nbsp;cm.<\/span><\/p>\n","protected":false},"excerpt":{"rendered":"<p>Pr\u00e1tica caixa de cart\u00e3o para biscoitos, chocolates, macarr\u00f5es,&#8230; para transportar ou como inv\u00f3lucro.<\/p>\n","protected":false},"featured_media":346627,"comment_status":"open","ping_status":"closed","template":"","meta":{"_acf_changed":false},"pwb-brand":[],"product_brand":[],"product_cat":[3158,3168,3162,3174,3087,1921,1785,1786,1782,1767],"product_tag":[],"class_list":{"0":"post-387995","1":"product","2":"type-product","3":"status-publish","4":"has-post-thumbnail","6":"product_cat-caixas-de-pastelaria","7":"product_cat-caixas-para-bolachas-2","8":"product_cat-caixas-para-chocolates-2","9":"product_cat-caixas-para-macarons-2","10":"product_cat-ordem-e-armazenamento","11":"product_cat-cajas-bombones","12":"product_cat-cajas-galletas","13":"product_cat-cajas-macarons","14":"product_cat-cajas","15":"product_cat-utensilios","17":"first","18":"instock","19":"taxable","20":"shipping-taxable","21":"purchasable","22":"product-type-simple"},"acf":[],"df_price":0.82,"df_sale_price":"","df_regular_price":0.9,"df_image_link":"https:\/\/glotomania.com\/wp-content\/uploads\/2025\/11\/img_20989_916c7ab0b284e400130d0edbd42e3114_1-16-300x300.jpg","brands":[],"_links":{"self":[{"href":"https:\/\/glotomania.com\/pt-pt\/wp-json\/wp\/v2\/product\/387995","targetHints":{"allow":["GET"]}}],"collection":[{"href":"https:\/\/glotomania.com\/pt-pt\/wp-json\/wp\/v2\/product"}],"about":[{"href":"https:\/\/glotomania.com\/pt-pt\/wp-json\/wp\/v2\/types\/product"}],"replies":[{"embeddable":true,"href":"https:\/\/glotomania.com\/pt-pt\/wp-json\/wp\/v2\/comments?post=387995"}],"wp:featuredmedia":[{"embeddable":true,"href":"https:\/\/glotomania.com\/pt-pt\/wp-json\/wp\/v2\/media\/346627"}],"wp:attachment":[{"href":"https:\/\/glotomania.com\/pt-pt\/wp-json\/wp\/v2\/media?parent=387995"}],"wp:term":[{"taxonomy":"pwb-brand","embeddable":true,"href":"https:\/\/glotomania.com\/pt-pt\/wp-json\/wp\/v2\/pwb-brand?post=387995"},{"taxonomy":"product_brand","embeddable":true,"href":"https:\/\/glotomania.com\/pt-pt\/wp-json\/wp\/v2\/product_brand?post=387995"},{"taxonomy":"product_cat","embeddable":true,"href":"https:\/\/glotomania.com\/pt-pt\/wp-json\/wp\/v2\/product_cat?post=387995"},{"taxonomy":"product_tag","embeddable":true,"href":"https:\/\/glotomania.com\/pt-pt\/wp-json\/wp\/v2\/product_tag?post=387995"}],"curies":[{"name":"wp","href":"https:\/\/api.w.org\/{rel}","templated":true}]}}