{"id":388023,"date":"2025-09-02T10:30:14","date_gmt":"2025-09-02T10:30:14","guid":{"rendered":"https:\/\/glotomania.com\/p\/decoraciones-de-azucar-funcakes-corazones-rojos-2\/"},"modified":"2026-04-23T06:03:02","modified_gmt":"2026-04-23T06:03:02","slug":"decoraciones-de-azucar-funcakes-corazones-rojos-2","status":"publish","type":"product","link":"https:\/\/glotomania.com\/pt-pt\/p\/decoraciones-de-azucar-funcakes-corazones-rojos-2\/","title":{"rendered":"Decora\u00c7\u00d5es De A\u00c7\u00dacar Funcakes &#8211; Cora\u00c7\u00d5es Vermelhos"},"content":{"rendered":"<p>\n<span style=\"font-size:14px\"><span style=\"color:#000000\"><strong>Tamanho aproximado:<\/strong><strong style=\"font-size: 14px\">&nbsp;<\/strong>2,5 x 2&nbsp;cm..<\/span><\/span><\/p>\n<p><span style=\"font-size:14px\"><span style=\"color:#000000\">A caixa inclui 8 unidades.<\/span><\/span><\/p>\n","protected":false},"excerpt":{"rendered":"<p>8 decora\u00e7\u00f5es de a\u00e7\u00facar em forma de cora\u00e7\u00e3o vermelho, ideais para as nossas cria\u00e7\u00f5es do Dia dos Namorados.<\/p>\n","protected":false},"featured_media":349280,"comment_status":"open","ping_status":"closed","template":"","meta":{"_acf_changed":false},"pwb-brand":[],"product_brand":[],"product_cat":[1852,2908,2910,2911,1839,2979,2913,1832,2988,1999,1833,2920,2996,1888,1862,1885,1851,1866,2924,3004],"product_tag":[],"class_list":{"0":"post-388023","1":"product","2":"type-product","3":"status-publish","4":"has-post-thumbnail","6":"product_cat-san-valentin","7":"product_cat-batizados","8":"product_cat-casamentos-2","9":"product_cat-comunhoes","10":"product_cat-decoracion-comestible","11":"product_cat-decoracoes-comestiveis-2","12":"product_cat-dia-das-maes","13":"product_cat-diestas-especiales","14":"product_cat-figuras-de-acucar-comestiveis-2","15":"product_cat-figuras-de-azucar","16":"product_cat-dieta-sin-gluten","17":"product_cat-natal-2","18":"product_cat-produtos-vegetarianos","19":"product_cat-bodas","20":"product_cat-comuniones","21":"product_cat-bautizos","22":"product_cat-dia-de-la-madre","23":"product_cat-navidad","24":"product_cat-sao-valentim-2","25":"product_cat-sem-gluten-2","27":"first","28":"instock","29":"taxable","30":"shipping-taxable","31":"purchasable","32":"product-type-simple"},"acf":[],"df_price":2.5,"df_sale_price":"","df_regular_price":2.5,"df_image_link":"https:\/\/glotomania.com\/wp-content\/uploads\/2025\/11\/img_19325_6b422ece9b3f3a3ef169fb0242cce313_1-21-300x300.jpg","brands":[],"_links":{"self":[{"href":"https:\/\/glotomania.com\/pt-pt\/wp-json\/wp\/v2\/product\/388023","targetHints":{"allow":["GET"]}}],"collection":[{"href":"https:\/\/glotomania.com\/pt-pt\/wp-json\/wp\/v2\/product"}],"about":[{"href":"https:\/\/glotomania.com\/pt-pt\/wp-json\/wp\/v2\/types\/product"}],"replies":[{"embeddable":true,"href":"https:\/\/glotomania.com\/pt-pt\/wp-json\/wp\/v2\/comments?post=388023"}],"wp:featuredmedia":[{"embeddable":true,"href":"https:\/\/glotomania.com\/pt-pt\/wp-json\/wp\/v2\/media\/349280"}],"wp:attachment":[{"href":"https:\/\/glotomania.com\/pt-pt\/wp-json\/wp\/v2\/media?parent=388023"}],"wp:term":[{"taxonomy":"pwb-brand","embeddable":true,"href":"https:\/\/glotomania.com\/pt-pt\/wp-json\/wp\/v2\/pwb-brand?post=388023"},{"taxonomy":"product_brand","embeddable":true,"href":"https:\/\/glotomania.com\/pt-pt\/wp-json\/wp\/v2\/product_brand?post=388023"},{"taxonomy":"product_cat","embeddable":true,"href":"https:\/\/glotomania.com\/pt-pt\/wp-json\/wp\/v2\/product_cat?post=388023"},{"taxonomy":"product_tag","embeddable":true,"href":"https:\/\/glotomania.com\/pt-pt\/wp-json\/wp\/v2\/product_tag?post=388023"}],"curies":[{"name":"wp","href":"https:\/\/api.w.org\/{rel}","templated":true}]}}