{"id":388025,"date":"2025-09-02T10:30:15","date_gmt":"2025-09-02T10:30:15","guid":{"rendered":"https:\/\/glotomania.com\/p\/preparado-funcakes-para-royal-icing-glasa-real-450-g-2\/"},"modified":"2026-04-21T15:11:06","modified_gmt":"2026-04-21T15:11:06","slug":"preparado-funcakes-para-royal-icing-glasa-real-450-g-2","status":"publish","type":"product","link":"https:\/\/glotomania.com\/pt-pt\/p\/preparado-funcakes-para-royal-icing-glasa-real-450-g-2\/","title":{"rendered":"Prepara\u00c7\u00c3o Funcakes Para &#8220;royal Icing&#8221; 450 G"},"content":{"rendered":"<p>&nbsp;<\/p>\n<p><span style=\"font-size:14px\"><strong>M&eacute;todo de prepara&ccedil;&atilde;o:<\/strong><br \/>\nPeneira 450 g da prepara&ccedil;&atilde;o. Em seguida, misturar com 55 ml de &aacute;gua para obter uma consist&ecirc;ncia de gelo real s&oacute;lido. Misturar a mistura e a &aacute;gua durante aproximadamente 7-10 minutos a baixa velocidade, at&eacute; que a cobertura seja branca, n&atilde;o brilhante e tenha a consist&ecirc;ncia desejada.<\/span><\/p>\n<div><span style=\"font-size:14px\">Tenha cuidado se usar um misturador manual, pois pode encravar.<\/span><\/div>\n<div>\n<span style=\"font-size:14px\">Para cada 200g de gelo real feito, adicionar 1 colher pequena de &aacute;gua para uma consist&ecirc;ncia m&eacute;dia; adicionar 2 colheres de ch&aacute; de &aacute;gua para uma consist&ecirc;ncia fina.<\/span><\/div>\n<ul>\n<li><span style=\"font-size:14px\">Um pacote de 450 g de glac&ecirc; real, com uma consist&ecirc;ncia m&eacute;dia, rende <strong>aproximadamente <\/strong>50 biscoitos (tamb&eacute;m depende muito dos pormenores, mas estimamos <strong>aproximadamente <\/strong>10 g para cada biscoito de cerca de 8 cm).<\/span><br \/>\n\t&nbsp;<\/li>\n<\/ul>\n","protected":false},"excerpt":{"rendered":"<p>Com a prepara\u00e7\u00e3o dos FunCakes pode fazer uma cereja real perfeita para as suas decora\u00e7\u00f5es.<\/p>\n","protected":false},"featured_media":343244,"comment_status":"open","ping_status":"closed","template":"","meta":{"_acf_changed":false},"pwb-brand":[],"product_brand":[],"product_cat":[1832,2997,1901,3054,1854,2996],"product_tag":[],"class_list":{"0":"post-388025","1":"product","2":"type-product","3":"status-publish","4":"has-post-thumbnail","6":"product_cat-diestas-especiales","7":"product_cat-halal","8":"product_cat-dieta-halal","9":"product_cat-preparados-de-pastelaria-2","10":"product_cat-preparados","11":"product_cat-produtos-vegetarianos","13":"first","14":"instock","15":"taxable","16":"shipping-taxable","17":"purchasable","18":"product-type-simple"},"acf":[],"df_price":4.3,"df_sale_price":"","df_regular_price":4.3,"df_image_link":"https:\/\/glotomania.com\/wp-content\/uploads\/2025\/11\/img_15801_8d156891657d770e48ddef75b8cbc6d0_1-13-300x300.jpg","brands":[],"_links":{"self":[{"href":"https:\/\/glotomania.com\/pt-pt\/wp-json\/wp\/v2\/product\/388025","targetHints":{"allow":["GET"]}}],"collection":[{"href":"https:\/\/glotomania.com\/pt-pt\/wp-json\/wp\/v2\/product"}],"about":[{"href":"https:\/\/glotomania.com\/pt-pt\/wp-json\/wp\/v2\/types\/product"}],"replies":[{"embeddable":true,"href":"https:\/\/glotomania.com\/pt-pt\/wp-json\/wp\/v2\/comments?post=388025"}],"wp:featuredmedia":[{"embeddable":true,"href":"https:\/\/glotomania.com\/pt-pt\/wp-json\/wp\/v2\/media\/343244"}],"wp:attachment":[{"href":"https:\/\/glotomania.com\/pt-pt\/wp-json\/wp\/v2\/media?parent=388025"}],"wp:term":[{"taxonomy":"pwb-brand","embeddable":true,"href":"https:\/\/glotomania.com\/pt-pt\/wp-json\/wp\/v2\/pwb-brand?post=388025"},{"taxonomy":"product_brand","embeddable":true,"href":"https:\/\/glotomania.com\/pt-pt\/wp-json\/wp\/v2\/product_brand?post=388025"},{"taxonomy":"product_cat","embeddable":true,"href":"https:\/\/glotomania.com\/pt-pt\/wp-json\/wp\/v2\/product_cat?post=388025"},{"taxonomy":"product_tag","embeddable":true,"href":"https:\/\/glotomania.com\/pt-pt\/wp-json\/wp\/v2\/product_tag?post=388025"}],"curies":[{"name":"wp","href":"https:\/\/api.w.org\/{rel}","templated":true}]}}