{"id":388077,"date":"2025-09-02T10:30:36","date_gmt":"2025-09-02T10:30:36","guid":{"rendered":"https:\/\/glotomania.com\/p\/aroma-de-vainilla-transparente-wilton-236-ml-2\/"},"modified":"2026-04-29T00:33:26","modified_gmt":"2026-04-29T00:33:26","slug":"aroma-de-vainilla-transparente-wilton-236-ml-2","status":"publish","type":"product","link":"https:\/\/glotomania.com\/pt-pt\/p\/aroma-de-vainilla-transparente-wilton-236-ml-2\/","title":{"rendered":"Aroma De Vainilla Transparente Wilton &#8211; 236 Ml"},"content":{"rendered":"","protected":false},"excerpt":{"rendered":"<p>Esta baunilha incoloro de Wilton \u00e9 ideal para aromatizar qualquer tipo de gelado ou creme de manteiga. A baunilha em si n\u00e3o afetar\u00e1 a cor da geada.<\/p>\n","protected":false},"featured_media":349321,"comment_status":"open","ping_status":"closed","template":"","meta":{"_acf_changed":false},"pwb-brand":[],"product_brand":[],"product_cat":[2943,2950,2999,2996,1831,1830,1832,1902],"product_tag":[],"class_list":{"0":"post-388077","1":"product","2":"type-product","3":"status-publish","4":"has-post-thumbnail","6":"product_cat-aromas-e-extractos","7":"product_cat-aromas-liquidos-2","8":"product_cat-kosher-2","9":"product_cat-produtos-vegetarianos","10":"product_cat-aroma-liquido","11":"product_cat-aromas-y-extractos","12":"product_cat-diestas-especiales","13":"product_cat-dieta-kosher","15":"first","16":"instock","17":"taxable","18":"shipping-taxable","19":"purchasable","20":"product-type-simple"},"acf":[],"df_price":6.68,"df_sale_price":"","df_regular_price":6.68,"df_image_link":"https:\/\/glotomania.com\/wp-content\/uploads\/2025\/11\/img_15199_4b91f5384467d738caf56e8d2714b3c2_1-14-300x300.jpg","brands":[],"_links":{"self":[{"href":"https:\/\/glotomania.com\/pt-pt\/wp-json\/wp\/v2\/product\/388077","targetHints":{"allow":["GET"]}}],"collection":[{"href":"https:\/\/glotomania.com\/pt-pt\/wp-json\/wp\/v2\/product"}],"about":[{"href":"https:\/\/glotomania.com\/pt-pt\/wp-json\/wp\/v2\/types\/product"}],"replies":[{"embeddable":true,"href":"https:\/\/glotomania.com\/pt-pt\/wp-json\/wp\/v2\/comments?post=388077"}],"wp:featuredmedia":[{"embeddable":true,"href":"https:\/\/glotomania.com\/pt-pt\/wp-json\/wp\/v2\/media\/349321"}],"wp:attachment":[{"href":"https:\/\/glotomania.com\/pt-pt\/wp-json\/wp\/v2\/media?parent=388077"}],"wp:term":[{"taxonomy":"pwb-brand","embeddable":true,"href":"https:\/\/glotomania.com\/pt-pt\/wp-json\/wp\/v2\/pwb-brand?post=388077"},{"taxonomy":"product_brand","embeddable":true,"href":"https:\/\/glotomania.com\/pt-pt\/wp-json\/wp\/v2\/product_brand?post=388077"},{"taxonomy":"product_cat","embeddable":true,"href":"https:\/\/glotomania.com\/pt-pt\/wp-json\/wp\/v2\/product_cat?post=388077"},{"taxonomy":"product_tag","embeddable":true,"href":"https:\/\/glotomania.com\/pt-pt\/wp-json\/wp\/v2\/product_tag?post=388077"}],"curies":[{"name":"wp","href":"https:\/\/api.w.org\/{rel}","templated":true}]}}