{"id":388083,"date":"2025-09-02T10:30:39","date_gmt":"2025-09-02T10:30:39","guid":{"rendered":"https:\/\/glotomania.com\/p\/tapete-medidor-roll-n-cut-wilton-59-x-60-cm-2\/"},"modified":"2026-04-28T00:13:27","modified_gmt":"2026-04-28T00:13:27","slug":"tapete-medidor-roll-n-cut-wilton-59-x-60-cm-2","status":"publish","type":"product","link":"https:\/\/glotomania.com\/pt-pt\/p\/tapete-medidor-roll-n-cut-wilton-59-x-60-cm-2\/","title":{"rendered":"Tapete De Medi\u00c7\u00c3o &#8220;roll N Cut&#8221; Wilton &#8211; 59 X 60 Cm"},"content":{"rendered":"<p>&nbsp;<\/p>\n<p><span style=\"font-size:14px\">Os c&iacute;rculos e linhas pr&eacute;-impressas permitem determinar o tamanho correcto e cortar em linha recta.<\/span><\/p>\n<p><span style=\"font-size:14px\">Com este tapete pode cobrir um bolo de at&eacute; 10 x 35,5 cm. Tem tamb&eacute;m uma grelha que pode utilizar para medir tiras de fondant, para fazer arcos a condizer, por exemplo.<\/span><\/p>\n<p><strong><span style=\"font-size:14px\">Como utilizar:<\/span><\/strong><\/p>\n<p><span style=\"font-size:14px\">Polvilhar o tapete com uma pequena quantidade de a&ccedil;&uacute;car em p&oacute; antes da primeira utiliza&ccedil;&atilde;o, ou gordura vegetal como o Crisco.<br \/>\nColocar o fondant ou o ma&ccedil;ap&atilde;o no tapete e enrolar at&eacute; uma espessura de 0,5 cm. Estender-se ao tamanho desejado para o bolo.<br \/>\nRecortar as formas e figuras usando uma faca ou um cortador redondo (cortador de pizza).<\/span><\/p>\n<p><span style=\"font-size:14px\"><strong>Dica<\/strong>: Se o tapete se mover, humedecer a parte de tr&aacute;s do tapete e col&aacute;-lo &agrave; superf&iacute;cie de trabalho.<\/span><\/p>\n<p><span style=\"font-size:14px\">O tapete tem uma superf&iacute;cie anti-aderente e as medidas s&atilde;o em polegadas.<\/span><\/p>\n<p><span style=\"font-size:14px\"><strong>Medidas<\/strong>: 59 x 60 cm.<\/span><br \/>\n&nbsp;<\/p>\n","protected":false},"excerpt":{"rendered":"<p>O tapete de medi\u00e7\u00e3o Wilton \u00e9 uma superf\u00edcie de trabalho pr\u00e1tica, ideal para enrolar e cortar a nossa massa, enquanto mede o di\u00e2metro de que necessita.<\/p>\n","protected":false},"featured_media":153216,"comment_status":"open","ping_status":"closed","template":"","meta":{"_acf_changed":false},"pwb-brand":[],"product_brand":[],"product_cat":[3106,1820,3087,1828,3143,1824,3229,1767],"product_tag":[],"class_list":{"0":"post-388083","1":"product","2":"type-product","3":"status-publish","4":"has-post-thumbnail","6":"product_cat-basicos-de-pastelaria","7":"product_cat-basicos","8":"product_cat-ordem-e-armazenamento","9":"product_cat-tapetes-silicona","10":"product_cat-tapetes-de-silicone-2","11":"product_cat-medida","12":"product_cat-utensilios-de-medida","13":"product_cat-utensilios","15":"first","16":"instock","17":"taxable","18":"shipping-taxable","19":"purchasable","20":"product-type-simple"},"acf":[],"df_price":8.29,"df_sale_price":8.29,"df_regular_price":11.85,"df_image_link":"https:\/\/glotomania.com\/wp-content\/uploads\/2025\/09\/img_22309_ec59de827d7d1968ed3ab5380ff7ac4a_1-300x300.png","brands":[],"_links":{"self":[{"href":"https:\/\/glotomania.com\/pt-pt\/wp-json\/wp\/v2\/product\/388083","targetHints":{"allow":["GET"]}}],"collection":[{"href":"https:\/\/glotomania.com\/pt-pt\/wp-json\/wp\/v2\/product"}],"about":[{"href":"https:\/\/glotomania.com\/pt-pt\/wp-json\/wp\/v2\/types\/product"}],"replies":[{"embeddable":true,"href":"https:\/\/glotomania.com\/pt-pt\/wp-json\/wp\/v2\/comments?post=388083"}],"wp:featuredmedia":[{"embeddable":true,"href":"https:\/\/glotomania.com\/pt-pt\/wp-json\/wp\/v2\/media\/153216"}],"wp:attachment":[{"href":"https:\/\/glotomania.com\/pt-pt\/wp-json\/wp\/v2\/media?parent=388083"}],"wp:term":[{"taxonomy":"pwb-brand","embeddable":true,"href":"https:\/\/glotomania.com\/pt-pt\/wp-json\/wp\/v2\/pwb-brand?post=388083"},{"taxonomy":"product_brand","embeddable":true,"href":"https:\/\/glotomania.com\/pt-pt\/wp-json\/wp\/v2\/product_brand?post=388083"},{"taxonomy":"product_cat","embeddable":true,"href":"https:\/\/glotomania.com\/pt-pt\/wp-json\/wp\/v2\/product_cat?post=388083"},{"taxonomy":"product_tag","embeddable":true,"href":"https:\/\/glotomania.com\/pt-pt\/wp-json\/wp\/v2\/product_tag?post=388083"}],"curies":[{"name":"wp","href":"https:\/\/api.w.org\/{rel}","templated":true}]}}