{"id":388085,"date":"2025-09-02T10:30:40","date_gmt":"2025-09-02T10:30:40","guid":{"rendered":"https:\/\/glotomania.com\/p\/set-coloca-y-lava-boquillas-para-flores-wilton-2\/"},"modified":"2026-04-27T00:17:17","modified_gmt":"2026-04-27T00:17:17","slug":"set-coloca-y-lava-boquillas-para-flores-wilton-2","status":"publish","type":"product","link":"https:\/\/glotomania.com\/pt-pt\/p\/set-coloca-y-lava-boquillas-para-flores-wilton-2\/","title":{"rendered":"Set Coloca-e-lava Bicos Para Flores Wilton"},"content":{"rendered":"<p>\n<span style=\"font-size: 14px\">A limpeza dos seus bicos nunca foi t&atilde;o f&aacute;cil. Depois de decorar, colocar todos os bocais na bola e coloc&aacute;-la na&nbsp;<strong>m&aacute;quina de lavar lou&ccedil;a<\/strong>. O interior oco permite que a &aacute;gua entre e saia dos bicos, deixando-os perfeitamente limpos.&nbsp;<\/span><\/p>\n<p><span style=\"font-size: 14px\"><strong>Bicos<\/strong>: <\/span><span style=\"font-size: 14px\">#69 &#8211;&nbsp;#131 &#8211;&nbsp;#6 &#8211;&nbsp;#20 &#8211;&nbsp;#102 &#8211;&nbsp;#124.<\/span><\/p>\n<p><em><span style=\"font-size: 14px\">Cada conjunto tem a sua pr&oacute;pria cor, pelo que &eacute; muito mais f&aacute;cil encontrar um bico espec&iacute;fico.<\/span><\/em><\/p>\n","protected":false},"excerpt":{"rendered":"<p>Fa\u00e7a belas flores com este pr\u00e1tico conjunto da Wilton, inclui 5 bicos de tamanho padr\u00e3o e 1 grande.<\/p>\n","protected":false},"featured_media":339519,"comment_status":"open","ping_status":"closed","template":"","meta":{"_acf_changed":false},"pwb-brand":[],"product_brand":[],"product_cat":[3087,3157,1770,1767],"product_tag":[],"class_list":{"0":"post-388085","1":"product","2":"type-product","3":"status-publish","4":"has-post-thumbnail","6":"product_cat-ordem-e-armazenamento","7":"product_cat-sets-de-bicos","8":"product_cat-boquilas","9":"product_cat-utensilios","11":"first","12":"instock","13":"taxable","14":"shipping-taxable","15":"purchasable","16":"product-type-simple"},"acf":[],"df_price":11.01,"df_sale_price":7.71,"df_regular_price":11.01,"df_image_link":"https:\/\/glotomania.com\/wp-content\/uploads\/2025\/11\/img_15225_b4356508b12eb814d0a3a37dd6ac8c59_1-16-300x300.jpg","brands":[],"_links":{"self":[{"href":"https:\/\/glotomania.com\/pt-pt\/wp-json\/wp\/v2\/product\/388085","targetHints":{"allow":["GET"]}}],"collection":[{"href":"https:\/\/glotomania.com\/pt-pt\/wp-json\/wp\/v2\/product"}],"about":[{"href":"https:\/\/glotomania.com\/pt-pt\/wp-json\/wp\/v2\/types\/product"}],"replies":[{"embeddable":true,"href":"https:\/\/glotomania.com\/pt-pt\/wp-json\/wp\/v2\/comments?post=388085"}],"wp:featuredmedia":[{"embeddable":true,"href":"https:\/\/glotomania.com\/pt-pt\/wp-json\/wp\/v2\/media\/339519"}],"wp:attachment":[{"href":"https:\/\/glotomania.com\/pt-pt\/wp-json\/wp\/v2\/media?parent=388085"}],"wp:term":[{"taxonomy":"pwb-brand","embeddable":true,"href":"https:\/\/glotomania.com\/pt-pt\/wp-json\/wp\/v2\/pwb-brand?post=388085"},{"taxonomy":"product_brand","embeddable":true,"href":"https:\/\/glotomania.com\/pt-pt\/wp-json\/wp\/v2\/product_brand?post=388085"},{"taxonomy":"product_cat","embeddable":true,"href":"https:\/\/glotomania.com\/pt-pt\/wp-json\/wp\/v2\/product_cat?post=388085"},{"taxonomy":"product_tag","embeddable":true,"href":"https:\/\/glotomania.com\/pt-pt\/wp-json\/wp\/v2\/product_tag?post=388085"}],"curies":[{"name":"wp","href":"https:\/\/api.w.org\/{rel}","templated":true}]}}