{"id":388090,"date":"2025-09-02T10:30:43","date_gmt":"2025-09-02T10:30:43","guid":{"rendered":"https:\/\/glotomania.com\/p\/espatulas-para-medir-y-raspar-versa-tools-wilton-2\/"},"modified":"2026-04-28T00:13:28","modified_gmt":"2026-04-28T00:13:28","slug":"espatulas-para-medir-y-raspar-versa-tools-wilton-2","status":"publish","type":"product","link":"https:\/\/glotomania.com\/pt-pt\/p\/espatulas-para-medir-y-raspar-versa-tools-wilton-2\/","title":{"rendered":"Esp\u00c1tulas Para Medir Y Raspar &#8220;versa-tools&#8221; Wilton"},"content":{"rendered":"<p>\n<span style=\"font-size:14px\">Medir e raspar com uma ferramenta. O conjunto de esp&aacute;tulas Wilton &quot;Versa-Tools Scrape &amp; Measure&quot; cont&eacute;m 2 esp&aacute;tulas de tamanhos diferentes. As esp&aacute;tulas s&atilde;o tamb&eacute;m ideais para misturar, agitar e espalhar gelo em todas as suas cria&ccedil;&otilde;es.<\/span><\/p>\n<p><span style=\"font-size:14px\"><strong>Dimens&otilde;es aproximadas:<\/strong> 28 cm.<\/span><\/p>\n","protected":false},"excerpt":{"rendered":"<p>Wilton Versa-Tools conjunto de 2 esp\u00e1tulas, ferramentas de cozedura multiusos, especialmente concebidas para a sua fun\u00e7\u00e3o.<\/p>\n","protected":false},"featured_media":349344,"comment_status":"open","ping_status":"closed","template":"","meta":{"_acf_changed":false},"pwb-brand":[],"product_brand":[],"product_cat":[3120,1943,3087,3229,1824,1767],"product_tag":[],"class_list":{"0":"post-388090","1":"product","2":"type-product","3":"status-publish","4":"has-post-thumbnail","6":"product_cat-espatulas-e-alisadores-2","7":"product_cat-espatulas-y-alisadores","8":"product_cat-ordem-e-armazenamento","9":"product_cat-utensilios-de-medida","10":"product_cat-medida","11":"product_cat-utensilios","13":"first","14":"instock","15":"taxable","16":"shipping-taxable","17":"purchasable","18":"product-type-simple"},"acf":[],"df_price":8.26,"df_sale_price":8.26,"df_regular_price":11.8,"df_image_link":"https:\/\/glotomania.com\/wp-content\/uploads\/2025\/11\/img_15255_8169944e00f04426657838bc6c3e8456_1-13-300x300.jpg","brands":[],"_links":{"self":[{"href":"https:\/\/glotomania.com\/pt-pt\/wp-json\/wp\/v2\/product\/388090","targetHints":{"allow":["GET"]}}],"collection":[{"href":"https:\/\/glotomania.com\/pt-pt\/wp-json\/wp\/v2\/product"}],"about":[{"href":"https:\/\/glotomania.com\/pt-pt\/wp-json\/wp\/v2\/types\/product"}],"replies":[{"embeddable":true,"href":"https:\/\/glotomania.com\/pt-pt\/wp-json\/wp\/v2\/comments?post=388090"}],"wp:featuredmedia":[{"embeddable":true,"href":"https:\/\/glotomania.com\/pt-pt\/wp-json\/wp\/v2\/media\/349344"}],"wp:attachment":[{"href":"https:\/\/glotomania.com\/pt-pt\/wp-json\/wp\/v2\/media?parent=388090"}],"wp:term":[{"taxonomy":"pwb-brand","embeddable":true,"href":"https:\/\/glotomania.com\/pt-pt\/wp-json\/wp\/v2\/pwb-brand?post=388090"},{"taxonomy":"product_brand","embeddable":true,"href":"https:\/\/glotomania.com\/pt-pt\/wp-json\/wp\/v2\/product_brand?post=388090"},{"taxonomy":"product_cat","embeddable":true,"href":"https:\/\/glotomania.com\/pt-pt\/wp-json\/wp\/v2\/product_cat?post=388090"},{"taxonomy":"product_tag","embeddable":true,"href":"https:\/\/glotomania.com\/pt-pt\/wp-json\/wp\/v2\/product_tag?post=388090"}],"curies":[{"name":"wp","href":"https:\/\/api.w.org\/{rel}","templated":true}]}}