{"id":388091,"date":"2025-09-02T10:30:44","date_gmt":"2025-09-02T10:30:44","guid":{"rendered":"https:\/\/glotomania.com\/p\/espatula-para-mezclar-y-triturar-versa-tools-wilton-2\/"},"modified":"2026-04-10T04:13:06","modified_gmt":"2026-04-10T04:13:06","slug":"espatula-para-mezclar-y-triturar-versa-tools-wilton-2","status":"publish","type":"product","link":"https:\/\/glotomania.com\/pt-pt\/p\/espatula-para-mezclar-y-triturar-versa-tools-wilton-2\/","title":{"rendered":"Esp\u00c1tula Para Misturar E Triturar &#8220;versa-tools&#8221; Wilton"},"content":{"rendered":"<p>\n<span style=\"font-size:14px\">O flex&iacute;vel Wilton <strong>Silicone<\/strong> Versa-Tools Baking Whisk\/Mixer &eacute; a ferramenta perfeita para raspar e triturar, misturar, agitar e moer.<\/span><\/p>\n<p><span style=\"font-size:14px\"><strong>Medidas aprox.:<\/strong> 28 cm.<\/span><\/p>\n<p>&nbsp;<\/p>\n","protected":false},"excerpt":{"rendered":"<p>Wilton Versa-Tools esp\u00e1tula de mistura e rectifica\u00e7\u00e3o, uma ferramenta de cozedura polivalente, especialmente concebida para a sua fun\u00e7\u00e3o.<\/p>\n","protected":false},"featured_media":349306,"comment_status":"open","ping_status":"closed","template":"","meta":{"_acf_changed":false,"_joinchat":[]},"pwb-brand":[],"product_brand":[],"product_cat":[3106,3120,3087,1820,1943,1767],"product_tag":[],"class_list":{"0":"post-388091","1":"product","2":"type-product","3":"status-publish","4":"has-post-thumbnail","6":"product_cat-basicos-de-pastelaria","7":"product_cat-espatulas-e-alisadores-2","8":"product_cat-ordem-e-armazenamento","9":"product_cat-basicos","10":"product_cat-espatulas-y-alisadores","11":"product_cat-utensilios","13":"first","14":"instock","15":"taxable","16":"shipping-taxable","17":"purchasable","18":"product-type-simple"},"acf":[],"df_price":10.6,"df_sale_price":7.42,"df_regular_price":10.6,"df_image_link":"https:\/\/e622tfk5wxd.exactdn.com\/wp-content\/uploads\/2025\/11\/img_15257_7e4fdb42dfa7f18779d35f184912a058_1-10-300x300.jpg?strip=all","brands":[],"_links":{"self":[{"href":"https:\/\/glotomania.com\/pt-pt\/wp-json\/wp\/v2\/product\/388091","targetHints":{"allow":["GET"]}}],"collection":[{"href":"https:\/\/glotomania.com\/pt-pt\/wp-json\/wp\/v2\/product"}],"about":[{"href":"https:\/\/glotomania.com\/pt-pt\/wp-json\/wp\/v2\/types\/product"}],"replies":[{"embeddable":true,"href":"https:\/\/glotomania.com\/pt-pt\/wp-json\/wp\/v2\/comments?post=388091"}],"wp:featuredmedia":[{"embeddable":true,"href":"https:\/\/glotomania.com\/pt-pt\/wp-json\/wp\/v2\/media\/349306"}],"wp:attachment":[{"href":"https:\/\/glotomania.com\/pt-pt\/wp-json\/wp\/v2\/media?parent=388091"}],"wp:term":[{"taxonomy":"pwb-brand","embeddable":true,"href":"https:\/\/glotomania.com\/pt-pt\/wp-json\/wp\/v2\/pwb-brand?post=388091"},{"taxonomy":"product_brand","embeddable":true,"href":"https:\/\/glotomania.com\/pt-pt\/wp-json\/wp\/v2\/product_brand?post=388091"},{"taxonomy":"product_cat","embeddable":true,"href":"https:\/\/glotomania.com\/pt-pt\/wp-json\/wp\/v2\/product_cat?post=388091"},{"taxonomy":"product_tag","embeddable":true,"href":"https:\/\/glotomania.com\/pt-pt\/wp-json\/wp\/v2\/product_tag?post=388091"}],"curies":[{"name":"wp","href":"https:\/\/api.w.org\/{rel}","templated":true}]}}