{"id":388093,"date":"2025-09-02T10:30:45","date_gmt":"2025-09-02T10:30:45","guid":{"rendered":"https:\/\/glotomania.com\/p\/espatula-para-extender-y-verter-versa-tools-wilton-2\/"},"modified":"2026-04-28T00:13:29","modified_gmt":"2026-04-28T00:13:29","slug":"espatula-para-extender-y-verter-versa-tools-wilton-2","status":"publish","type":"product","link":"https:\/\/glotomania.com\/pt-pt\/p\/espatula-para-extender-y-verter-versa-tools-wilton-2\/","title":{"rendered":"Esp\u00c1tula Para Espalhar E Servir &#8220;versa-tools&#8221; Wilton"},"content":{"rendered":"<p>\n<span style=\"font-size:14px\">Est&aacute; &agrave; procura de uma ferramenta perfeita para raspar e colher, misturar e agitar, levantar pequenos bolos e sobremesas, ou verter e espalhar gelo sobre os seus bolos? Ent&atilde;o o pr&aacute;tico Wilton &quot;Versa-Tools Squeeze &amp; Pour Spatula&quot; &eacute; perfeito para si.<\/span><\/p>\n<p><span style=\"font-size:14px\"><strong>Dimens&otilde;es aproximadas: <\/strong>26 cm.<\/span><\/p>\n","protected":false},"excerpt":{"rendered":"<p>Wilton Versa-Tools esp\u00e1tula de mistura e vazamento, uma ferramenta de cozedura multiusos, especialmente concebida para a sua fun\u00e7\u00e3o.<\/p>\n","protected":false},"featured_media":349312,"comment_status":"open","ping_status":"closed","template":"","meta":{"_acf_changed":false},"pwb-brand":[],"product_brand":[],"product_cat":[3106,3106,3120,3120,3087,3087],"product_tag":[],"class_list":{"0":"post-388093","1":"product","2":"type-product","3":"status-publish","4":"has-post-thumbnail","6":"product_cat-basicos-de-pastelaria","8":"product_cat-espatulas-e-alisadores-2","10":"product_cat-ordem-e-armazenamento","13":"first","14":"instock","15":"taxable","16":"shipping-taxable","17":"purchasable","18":"product-type-simple"},"acf":[],"df_price":7.66,"df_sale_price":7.66,"df_regular_price":10.94,"df_image_link":"https:\/\/glotomania.com\/wp-content\/uploads\/2025\/11\/img_15262_5308d7e53db7239478e2ef112b152ef4_1-12-300x300.jpg","brands":[],"_links":{"self":[{"href":"https:\/\/glotomania.com\/pt-pt\/wp-json\/wp\/v2\/product\/388093","targetHints":{"allow":["GET"]}}],"collection":[{"href":"https:\/\/glotomania.com\/pt-pt\/wp-json\/wp\/v2\/product"}],"about":[{"href":"https:\/\/glotomania.com\/pt-pt\/wp-json\/wp\/v2\/types\/product"}],"replies":[{"embeddable":true,"href":"https:\/\/glotomania.com\/pt-pt\/wp-json\/wp\/v2\/comments?post=388093"}],"wp:featuredmedia":[{"embeddable":true,"href":"https:\/\/glotomania.com\/pt-pt\/wp-json\/wp\/v2\/media\/349312"}],"wp:attachment":[{"href":"https:\/\/glotomania.com\/pt-pt\/wp-json\/wp\/v2\/media?parent=388093"}],"wp:term":[{"taxonomy":"pwb-brand","embeddable":true,"href":"https:\/\/glotomania.com\/pt-pt\/wp-json\/wp\/v2\/pwb-brand?post=388093"},{"taxonomy":"product_brand","embeddable":true,"href":"https:\/\/glotomania.com\/pt-pt\/wp-json\/wp\/v2\/product_brand?post=388093"},{"taxonomy":"product_cat","embeddable":true,"href":"https:\/\/glotomania.com\/pt-pt\/wp-json\/wp\/v2\/product_cat?post=388093"},{"taxonomy":"product_tag","embeddable":true,"href":"https:\/\/glotomania.com\/pt-pt\/wp-json\/wp\/v2\/product_tag?post=388093"}],"curies":[{"name":"wp","href":"https:\/\/api.w.org\/{rel}","templated":true}]}}