{"id":388094,"date":"2025-09-02T10:30:46","date_gmt":"2025-09-02T10:30:46","guid":{"rendered":"https:\/\/glotomania.com\/p\/espatula-universal-versa-tools-wilton-2\/"},"modified":"2026-04-29T00:20:28","modified_gmt":"2026-04-29T00:20:28","slug":"espatula-universal-versa-tools-wilton-2","status":"publish","type":"product","link":"https:\/\/glotomania.com\/pt-pt\/p\/espatula-universal-versa-tools-wilton-2\/","title":{"rendered":"Esp\u00c1tula Universal &#8220;versa-tools&#8221; Wilton"},"content":{"rendered":"<p>\n<span style=\"font-size:14px\">O raspador universal Wilton Versa-Tools &eacute; um acess&oacute;rio obrigat&oacute;rio para qualquer padeiro. O raspador &eacute; perfeito para misturar, mexer em movimentos de embrulho, raspar, espalhar cereja nos seus doces e muito mais.<\/span><\/p>\n<p><span style=\"font-size:14px\">O raspador de silicone tem uma <u>extremidade afilada<\/u> para frascos estreitos e uma <u>extremidade larga <\/u>para ta&ccedil;as e moldes.<\/span><\/p>\n<p><span style=\"font-size:14px\"><strong>Dimens&otilde;es aproximadas: <\/strong>28 cm.<\/span><\/p>\n","protected":false},"excerpt":{"rendered":"<p>Esp\u00e1tula universal Wilton Versa-Tools, ferramenta de cozedura polivalente, especialmente concebida para a sua fun\u00e7\u00e3o.<\/p>\n","protected":false},"featured_media":349318,"comment_status":"open","ping_status":"closed","template":"","meta":{"_acf_changed":false},"pwb-brand":[],"product_brand":[],"product_cat":[3106,3120,3087,1820,1943,1767],"product_tag":[],"class_list":{"0":"post-388094","1":"product","2":"type-product","3":"status-publish","4":"has-post-thumbnail","6":"product_cat-basicos-de-pastelaria","7":"product_cat-espatulas-e-alisadores-2","8":"product_cat-ordem-e-armazenamento","9":"product_cat-basicos","10":"product_cat-espatulas-y-alisadores","11":"product_cat-utensilios","13":"first","14":"instock","15":"taxable","16":"shipping-taxable","17":"purchasable","18":"product-type-simple"},"acf":[],"df_price":11.8,"df_sale_price":8.26,"df_regular_price":11.8,"df_image_link":"https:\/\/glotomania.com\/wp-content\/uploads\/2025\/11\/img_15264_66a984923a2fc4c1fb85c6eef0cb6f56_1-13-300x300.jpg","brands":[],"_links":{"self":[{"href":"https:\/\/glotomania.com\/pt-pt\/wp-json\/wp\/v2\/product\/388094","targetHints":{"allow":["GET"]}}],"collection":[{"href":"https:\/\/glotomania.com\/pt-pt\/wp-json\/wp\/v2\/product"}],"about":[{"href":"https:\/\/glotomania.com\/pt-pt\/wp-json\/wp\/v2\/types\/product"}],"replies":[{"embeddable":true,"href":"https:\/\/glotomania.com\/pt-pt\/wp-json\/wp\/v2\/comments?post=388094"}],"wp:featuredmedia":[{"embeddable":true,"href":"https:\/\/glotomania.com\/pt-pt\/wp-json\/wp\/v2\/media\/349318"}],"wp:attachment":[{"href":"https:\/\/glotomania.com\/pt-pt\/wp-json\/wp\/v2\/media?parent=388094"}],"wp:term":[{"taxonomy":"pwb-brand","embeddable":true,"href":"https:\/\/glotomania.com\/pt-pt\/wp-json\/wp\/v2\/pwb-brand?post=388094"},{"taxonomy":"product_brand","embeddable":true,"href":"https:\/\/glotomania.com\/pt-pt\/wp-json\/wp\/v2\/product_brand?post=388094"},{"taxonomy":"product_cat","embeddable":true,"href":"https:\/\/glotomania.com\/pt-pt\/wp-json\/wp\/v2\/product_cat?post=388094"},{"taxonomy":"product_tag","embeddable":true,"href":"https:\/\/glotomania.com\/pt-pt\/wp-json\/wp\/v2\/product_tag?post=388094"}],"curies":[{"name":"wp","href":"https:\/\/api.w.org\/{rel}","templated":true}]}}