{"id":388095,"date":"2025-09-02T10:30:46","date_gmt":"2025-09-02T10:30:46","guid":{"rendered":"https:\/\/glotomania.com\/p\/tapete-silicona-eclair-choux-silikomart-2\/"},"modified":"2026-04-24T00:17:35","modified_gmt":"2026-04-24T00:17:35","slug":"tapete-silicona-eclair-choux-silikomart-2","status":"publish","type":"product","link":"https:\/\/glotomania.com\/pt-pt\/p\/tapete-silicona-eclair-choux-silikomart-2\/","title":{"rendered":"Tapete De Silicone &#8220;eclair &amp; Choux&#8221; Silikomart"},"content":{"rendered":"<div>&nbsp;<\/div>\n<div><span style=\"font-size:14px\">Gra&ccedil;as aos seus buracos, o calor espalha-se uniformemente sobre a superf&iacute;cie do tapete, o que garante uma <strong>cozedura perfeita.<\/strong><\/span><\/div>\n<div><span style=\"font-size:14px\">Este tapete de cozedura Silikomart &eacute; adequado para <strong>forno<\/strong>, <strong>frigor&iacute;fico<\/strong>, <strong>refrigerador<\/strong> de sopro e m&aacute;quina de lavar lou&ccedil;a. O molde &eacute; adequado para temperaturas de -60&deg;C (-76&deg;F) a +230&deg;C (+446&deg;F).<\/span><\/div>\n<div>\n<span style=\"font-size:14px\"><strong>Dimens&otilde;es aproximadas<\/strong><\/span><\/div>\n<ul>\n<li><span style=\"font-size:14px\"><strong>&Eacute;clair<\/strong>: 12 x 2,5 mm.<\/span><\/li>\n<li><span style=\"font-size:14px\"><strong>Choux<\/strong>: <u>pequeno<\/u> 3 mm &Oslash; &#8211; <u>regular<\/u> 5 mm &Oslash;.<\/span><\/li>\n<li><span style=\"font-size:14px\"><strong>Tapete<\/strong>: 30 x 40 cm.<\/span><br \/>\n\t&nbsp;<\/li>\n<\/ul>\n","protected":false},"excerpt":{"rendered":"<p>O tapete micro-perfurado de silicone com n\u00facleo de fibra de vidro \u00e9 perfeito para assar \u00e9clairs e profiteroles.<\/p>\n","protected":false},"featured_media":346685,"comment_status":"open","ping_status":"closed","template":"","meta":{"_acf_changed":false},"pwb-brand":[],"product_brand":[],"product_cat":[3106,3087,3143,1820,1828,1767],"product_tag":[],"class_list":{"0":"post-388095","1":"product","2":"type-product","3":"status-publish","4":"has-post-thumbnail","6":"product_cat-basicos-de-pastelaria","7":"product_cat-ordem-e-armazenamento","8":"product_cat-tapetes-de-silicone-2","9":"product_cat-basicos","10":"product_cat-tapetes-silicona","11":"product_cat-utensilios","13":"first","14":"instock","15":"taxable","16":"shipping-taxable","17":"purchasable","18":"product-type-simple"},"acf":[],"df_price":17.5,"df_sale_price":17.5,"df_regular_price":24.99,"df_image_link":"https:\/\/glotomania.com\/wp-content\/uploads\/2025\/11\/img_15275_90eb7a69bc41a2cf02ecd0d28ee7c555_1-10-300x300.jpg","brands":[],"_links":{"self":[{"href":"https:\/\/glotomania.com\/pt-pt\/wp-json\/wp\/v2\/product\/388095","targetHints":{"allow":["GET"]}}],"collection":[{"href":"https:\/\/glotomania.com\/pt-pt\/wp-json\/wp\/v2\/product"}],"about":[{"href":"https:\/\/glotomania.com\/pt-pt\/wp-json\/wp\/v2\/types\/product"}],"replies":[{"embeddable":true,"href":"https:\/\/glotomania.com\/pt-pt\/wp-json\/wp\/v2\/comments?post=388095"}],"wp:featuredmedia":[{"embeddable":true,"href":"https:\/\/glotomania.com\/pt-pt\/wp-json\/wp\/v2\/media\/346685"}],"wp:attachment":[{"href":"https:\/\/glotomania.com\/pt-pt\/wp-json\/wp\/v2\/media?parent=388095"}],"wp:term":[{"taxonomy":"pwb-brand","embeddable":true,"href":"https:\/\/glotomania.com\/pt-pt\/wp-json\/wp\/v2\/pwb-brand?post=388095"},{"taxonomy":"product_brand","embeddable":true,"href":"https:\/\/glotomania.com\/pt-pt\/wp-json\/wp\/v2\/product_brand?post=388095"},{"taxonomy":"product_cat","embeddable":true,"href":"https:\/\/glotomania.com\/pt-pt\/wp-json\/wp\/v2\/product_cat?post=388095"},{"taxonomy":"product_tag","embeddable":true,"href":"https:\/\/glotomania.com\/pt-pt\/wp-json\/wp\/v2\/product_tag?post=388095"}],"curies":[{"name":"wp","href":"https:\/\/api.w.org\/{rel}","templated":true}]}}