{"id":388097,"date":"2025-09-02T10:30:48","date_gmt":"2025-09-02T10:30:48","guid":{"rendered":"https:\/\/glotomania.com\/p\/spray-desmoldante-funcakes-200-ml-2\/"},"modified":"2026-04-15T12:58:19","modified_gmt":"2026-04-15T12:58:19","slug":"spray-desmoldante-funcakes-200-ml-2","status":"publish","type":"product","link":"https:\/\/glotomania.com\/pt-pt\/p\/spray-desmoldante-funcakes-200-ml-2\/","title":{"rendered":"Spray Desmoldante Funcakes 200 Ml"},"content":{"rendered":"<p>\n<span style=\"font-size:14px\"><strong>Instru&ccedil;&otilde;es:<\/strong><\/span><\/p>\n<p><span style=\"font-size:14px\">Para melhores resultados, agitar bem antes de usar. Manter o recipiente na vertical e pulverizar a assadeira com uma camada uniforme a partir de uma dist&acirc;ncia de 25-30 cm.<\/span><\/p>\n<p>&nbsp;<\/p>\n","protected":false},"excerpt":{"rendered":"<p>FunCakes release spray \u00e9 um spray vegetal perfeito para cozer todas as suas cria\u00e7\u00f5es sem colar.<\/p>\n","protected":false},"featured_media":349322,"comment_status":"open","ping_status":"closed","template":"","meta":{"_acf_changed":false},"pwb-brand":[],"product_brand":[],"product_cat":[3056,1855],"product_tag":[],"class_list":{"0":"post-388097","1":"product","2":"type-product","3":"status-publish","4":"has-post-thumbnail","6":"product_cat-spray-antiadherente","7":"product_cat-spray-antiadeherente-comestible","9":"first","10":"instock","11":"taxable","12":"shipping-taxable","13":"purchasable","14":"product-type-simple"},"acf":[],"df_price":4.75,"df_sale_price":"","df_regular_price":4.75,"df_image_link":"https:\/\/glotomania.com\/wp-content\/uploads\/2025\/11\/img_18044_95dd153ee844ae79703ea649a7c43ad4_1-13-300x300.jpg","brands":[],"_links":{"self":[{"href":"https:\/\/glotomania.com\/pt-pt\/wp-json\/wp\/v2\/product\/388097","targetHints":{"allow":["GET"]}}],"collection":[{"href":"https:\/\/glotomania.com\/pt-pt\/wp-json\/wp\/v2\/product"}],"about":[{"href":"https:\/\/glotomania.com\/pt-pt\/wp-json\/wp\/v2\/types\/product"}],"replies":[{"embeddable":true,"href":"https:\/\/glotomania.com\/pt-pt\/wp-json\/wp\/v2\/comments?post=388097"}],"wp:featuredmedia":[{"embeddable":true,"href":"https:\/\/glotomania.com\/pt-pt\/wp-json\/wp\/v2\/media\/349322"}],"wp:attachment":[{"href":"https:\/\/glotomania.com\/pt-pt\/wp-json\/wp\/v2\/media?parent=388097"}],"wp:term":[{"taxonomy":"pwb-brand","embeddable":true,"href":"https:\/\/glotomania.com\/pt-pt\/wp-json\/wp\/v2\/pwb-brand?post=388097"},{"taxonomy":"product_brand","embeddable":true,"href":"https:\/\/glotomania.com\/pt-pt\/wp-json\/wp\/v2\/product_brand?post=388097"},{"taxonomy":"product_cat","embeddable":true,"href":"https:\/\/glotomania.com\/pt-pt\/wp-json\/wp\/v2\/product_cat?post=388097"},{"taxonomy":"product_tag","embeddable":true,"href":"https:\/\/glotomania.com\/pt-pt\/wp-json\/wp\/v2\/product_tag?post=388097"}],"curies":[{"name":"wp","href":"https:\/\/api.w.org\/{rel}","templated":true}]}}