{"id":388098,"date":"2025-09-02T10:30:48","date_gmt":"2025-09-02T10:30:48","guid":{"rendered":"https:\/\/glotomania.com\/p\/manteca-vegetal-crisco-136-kg-2\/"},"modified":"2026-04-25T00:30:22","modified_gmt":"2026-04-25T00:30:22","slug":"manteca-vegetal-crisco-136-kg-2","status":"publish","type":"product","link":"https:\/\/glotomania.com\/pt-pt\/p\/manteca-vegetal-crisco-136-kg-2\/","title":{"rendered":"Manteiga Vegetal Crisco 1,36 Kg"},"content":{"rendered":"<p>\n<span style=\"font-size:14px\">Gordura vegetal Crisco, ideal para m&uacute;ltiplas utiliza&ccedil;&otilde;es: para o nosso creme de manteiga, para colar decora&ccedil;&otilde;es diferentes ao fondant e para untar os utens&iacute;lios.<\/span><\/p>\n<p><span style=\"font-size:14px\">Podemos tamb&eacute;m us&aacute;-la para evitar que a nossa pasta de pastilha cola se cole, e para amaciar o fondant quando o amassamos.<\/span><\/p>\n","protected":false},"excerpt":{"rendered":"<p>Crisco gordura vegetal, perfeito para amaciar fondant, colar as nossas decora\u00e7\u00f5es, e lubrificar os nossos utens\u00edlios, entre outros.<\/p>\n","protected":false},"featured_media":346704,"comment_status":"open","ping_status":"closed","template":"","meta":{"_acf_changed":false},"pwb-brand":[],"product_brand":[],"product_cat":[3018,2999,2996,1832,1902,1844],"product_tag":[],"class_list":{"0":"post-388098","1":"product","2":"type-product","3":"status-publish","4":"has-post-thumbnail","6":"product_cat-ingredientes-de-pastelaria-2","7":"product_cat-kosher-2","8":"product_cat-produtos-vegetarianos","9":"product_cat-diestas-especiales","10":"product_cat-dieta-kosher","11":"product_cat-ingredientes-reposteria","13":"first","14":"instock","15":"taxable","16":"shipping-taxable","17":"purchasable","18":"product-type-simple"},"acf":[],"df_price":23.75,"df_sale_price":"","df_regular_price":23.75,"df_image_link":"https:\/\/glotomania.com\/wp-content\/uploads\/2025\/11\/img_15284_550b4b70afbeed2f35d27846f9909dfc_1-14-300x300.jpg","brands":[],"_links":{"self":[{"href":"https:\/\/glotomania.com\/pt-pt\/wp-json\/wp\/v2\/product\/388098","targetHints":{"allow":["GET"]}}],"collection":[{"href":"https:\/\/glotomania.com\/pt-pt\/wp-json\/wp\/v2\/product"}],"about":[{"href":"https:\/\/glotomania.com\/pt-pt\/wp-json\/wp\/v2\/types\/product"}],"replies":[{"embeddable":true,"href":"https:\/\/glotomania.com\/pt-pt\/wp-json\/wp\/v2\/comments?post=388098"}],"wp:featuredmedia":[{"embeddable":true,"href":"https:\/\/glotomania.com\/pt-pt\/wp-json\/wp\/v2\/media\/346704"}],"wp:attachment":[{"href":"https:\/\/glotomania.com\/pt-pt\/wp-json\/wp\/v2\/media?parent=388098"}],"wp:term":[{"taxonomy":"pwb-brand","embeddable":true,"href":"https:\/\/glotomania.com\/pt-pt\/wp-json\/wp\/v2\/pwb-brand?post=388098"},{"taxonomy":"product_brand","embeddable":true,"href":"https:\/\/glotomania.com\/pt-pt\/wp-json\/wp\/v2\/product_brand?post=388098"},{"taxonomy":"product_cat","embeddable":true,"href":"https:\/\/glotomania.com\/pt-pt\/wp-json\/wp\/v2\/product_cat?post=388098"},{"taxonomy":"product_tag","embeddable":true,"href":"https:\/\/glotomania.com\/pt-pt\/wp-json\/wp\/v2\/product_tag?post=388098"}],"curies":[{"name":"wp","href":"https:\/\/api.w.org\/{rel}","templated":true}]}}