{"id":388101,"date":"2025-09-02T10:30:50","date_gmt":"2025-09-02T10:30:50","guid":{"rendered":"https:\/\/glotomania.com\/p\/callets-de-chocolate-con-leche-callebaut-1-kg-2\/"},"modified":"2026-04-20T11:43:53","modified_gmt":"2026-04-20T11:43:53","slug":"callets-de-chocolate-con-leche-callebaut-1-kg-2","status":"publish","type":"product","link":"https:\/\/glotomania.com\/pt-pt\/p\/callets-de-chocolate-con-leche-callebaut-1-kg-2\/","title":{"rendered":"Callets De Chocolate De Leite Callebaut 1 Kg"},"content":{"rendered":"<p>&nbsp;<\/p>\n<p><span style=\"color:#000000\"><span style=\"font-size:14px\">Estes c&aacute;lices s&atilde;o concebidos para se misturarem e terem um <strong>sabor cremoso e equilibrado.<\/strong><\/span><\/span><\/p>\n<p><span style=\"color:#000000\"><span style=\"font-size:14px\">Perfeito para fazer chocolates ou figuras de chocolate. Mas tamb&eacute;m perfeito para decorar os seus bolos e bolachas.<\/span><\/span><\/p><\/p>\n","protected":false},"excerpt":{"rendered":"<p>Os c\u00e1lices de chocolate de leite cont\u00eam 33,6% de cacau e s\u00e3o feitos com o melhor chocolate belga.<\/p>\n","protected":false},"featured_media":349358,"comment_status":"open","ping_status":"closed","template":"","meta":{"_acf_changed":false},"pwb-brand":[],"product_brand":[],"product_cat":[3028,1914,1832,2997,3018,1901,1902,1844,1833,2999,2996,3004],"product_tag":[],"class_list":{"0":"post-388101","1":"product","2":"type-product","3":"status-publish","4":"has-post-thumbnail","6":"product_cat-cacau-e-chocolates-2","7":"product_cat-chocolate","8":"product_cat-diestas-especiales","9":"product_cat-halal","10":"product_cat-ingredientes-de-pastelaria-2","11":"product_cat-dieta-halal","12":"product_cat-dieta-kosher","13":"product_cat-ingredientes-reposteria","14":"product_cat-dieta-sin-gluten","15":"product_cat-kosher-2","16":"product_cat-produtos-vegetarianos","17":"product_cat-sem-gluten-2","19":"first","20":"instock","21":"taxable","22":"shipping-taxable","23":"purchasable","24":"product-type-simple"},"acf":[],"df_price":24.95,"df_sale_price":"","df_regular_price":24.95,"df_image_link":"https:\/\/glotomania.com\/wp-content\/uploads\/2025\/11\/img_15295_ed4493ad946176bda28139c634b9ccd7_1-15-300x300.jpg","brands":[],"_links":{"self":[{"href":"https:\/\/glotomania.com\/pt-pt\/wp-json\/wp\/v2\/product\/388101","targetHints":{"allow":["GET"]}}],"collection":[{"href":"https:\/\/glotomania.com\/pt-pt\/wp-json\/wp\/v2\/product"}],"about":[{"href":"https:\/\/glotomania.com\/pt-pt\/wp-json\/wp\/v2\/types\/product"}],"replies":[{"embeddable":true,"href":"https:\/\/glotomania.com\/pt-pt\/wp-json\/wp\/v2\/comments?post=388101"}],"wp:featuredmedia":[{"embeddable":true,"href":"https:\/\/glotomania.com\/pt-pt\/wp-json\/wp\/v2\/media\/349358"}],"wp:attachment":[{"href":"https:\/\/glotomania.com\/pt-pt\/wp-json\/wp\/v2\/media?parent=388101"}],"wp:term":[{"taxonomy":"pwb-brand","embeddable":true,"href":"https:\/\/glotomania.com\/pt-pt\/wp-json\/wp\/v2\/pwb-brand?post=388101"},{"taxonomy":"product_brand","embeddable":true,"href":"https:\/\/glotomania.com\/pt-pt\/wp-json\/wp\/v2\/product_brand?post=388101"},{"taxonomy":"product_cat","embeddable":true,"href":"https:\/\/glotomania.com\/pt-pt\/wp-json\/wp\/v2\/product_cat?post=388101"},{"taxonomy":"product_tag","embeddable":true,"href":"https:\/\/glotomania.com\/pt-pt\/wp-json\/wp\/v2\/product_tag?post=388101"}],"curies":[{"name":"wp","href":"https:\/\/api.w.org\/{rel}","templated":true}]}}