{"id":388112,"date":"2025-09-02T10:30:55","date_gmt":"2025-09-02T10:30:55","guid":{"rendered":"https:\/\/glotomania.com\/p\/tapete-de-silicona-para-hornear-patisse-59-x-39-cm-2\/"},"modified":"2026-03-10T14:11:02","modified_gmt":"2026-03-10T14:11:02","slug":"tapete-de-silicona-para-hornear-patisse-59-x-39-cm-2","status":"publish","type":"product","link":"https:\/\/glotomania.com\/pt-pt\/p\/tapete-de-silicona-para-hornear-patisse-59-x-39-cm-2\/","title":{"rendered":"Tapete De Silicone Patisse &#8211; 59 X 39 Cm"},"content":{"rendered":"<p>&nbsp;<\/p>\n<p><span style=\"font-size:14px\"><strong>Dimens&otilde;es&nbsp;aproximadas: <\/strong>59&nbsp;x 39&nbsp;cm.<\/span><\/p>\n","protected":false},"excerpt":{"rendered":"<p>Estenda a sua massa de fondant, ma\u00e7ap\u00e3o ou biscoito neste pr\u00e1tico tapete de silicone da Patisse.<\/p>\n","protected":false},"featured_media":339548,"comment_status":"open","ping_status":"closed","template":"","meta":{"_acf_changed":false},"pwb-brand":[],"product_brand":[],"product_cat":[3106,1820,3087,1828,3143,1767],"product_tag":[],"class_list":{"0":"post-388112","1":"product","2":"type-product","3":"status-publish","4":"has-post-thumbnail","6":"product_cat-basicos-de-pastelaria","7":"product_cat-basicos","8":"product_cat-ordem-e-armazenamento","9":"product_cat-tapetes-silicona","10":"product_cat-tapetes-de-silicone-2","11":"product_cat-utensilios","13":"first","14":"instock","15":"taxable","16":"shipping-taxable","17":"purchasable","18":"product-type-simple"},"acf":[],"df_price":29.98,"df_sale_price":"","df_regular_price":29.98,"df_image_link":"https:\/\/glotomania.com\/wp-content\/uploads\/2025\/11\/img_15340_a09f3e330766ff377374cb287f097f78_1-9-300x300.jpg","brands":[],"_links":{"self":[{"href":"https:\/\/glotomania.com\/pt-pt\/wp-json\/wp\/v2\/product\/388112","targetHints":{"allow":["GET"]}}],"collection":[{"href":"https:\/\/glotomania.com\/pt-pt\/wp-json\/wp\/v2\/product"}],"about":[{"href":"https:\/\/glotomania.com\/pt-pt\/wp-json\/wp\/v2\/types\/product"}],"replies":[{"embeddable":true,"href":"https:\/\/glotomania.com\/pt-pt\/wp-json\/wp\/v2\/comments?post=388112"}],"wp:featuredmedia":[{"embeddable":true,"href":"https:\/\/glotomania.com\/pt-pt\/wp-json\/wp\/v2\/media\/339548"}],"wp:attachment":[{"href":"https:\/\/glotomania.com\/pt-pt\/wp-json\/wp\/v2\/media?parent=388112"}],"wp:term":[{"taxonomy":"pwb-brand","embeddable":true,"href":"https:\/\/glotomania.com\/pt-pt\/wp-json\/wp\/v2\/pwb-brand?post=388112"},{"taxonomy":"product_brand","embeddable":true,"href":"https:\/\/glotomania.com\/pt-pt\/wp-json\/wp\/v2\/product_brand?post=388112"},{"taxonomy":"product_cat","embeddable":true,"href":"https:\/\/glotomania.com\/pt-pt\/wp-json\/wp\/v2\/product_cat?post=388112"},{"taxonomy":"product_tag","embeddable":true,"href":"https:\/\/glotomania.com\/pt-pt\/wp-json\/wp\/v2\/product_tag?post=388112"}],"curies":[{"name":"wp","href":"https:\/\/api.w.org\/{rel}","templated":true}]}}