{"id":388113,"date":"2025-09-02T10:30:55","date_gmt":"2025-09-02T10:30:55","guid":{"rendered":"https:\/\/glotomania.com\/p\/termometro-para-azucar-rvs-patisse-2\/"},"modified":"2026-03-10T14:11:04","modified_gmt":"2026-03-10T14:11:04","slug":"termometro-para-azucar-rvs-patisse-2","status":"publish","type":"product","link":"https:\/\/glotomania.com\/pt-pt\/p\/termometro-para-azucar-rvs-patisse-2\/","title":{"rendered":"Term\u00d3metro Para A\u00c7\u00dacar (rvs) Patisse"},"content":{"rendered":"<p>&nbsp;<\/p>\n<p><span style=\"font-size:14px\">O term&oacute;metro pode ser utilizado tanto para converter a&ccedil;&uacute;car em caramelo como para fazer compotas e marmeladas.<\/span><\/p>\n<p><span style=\"font-size:14px\">Este term&oacute;metro &eacute; feito de<strong> a&ccedil;o inoxid&aacute;vel <\/strong>e tem um visor que mostra a temperatura de <strong>40 &#8211; 200 &deg;C (100 &#8211; 400 &deg;F)<\/strong>.<\/span><\/p>\n<p><span style=\"font-size:14px\"><strong>Medidas<\/strong>: Comprimento 31 cm.<\/span><\/p>\n","protected":false},"excerpt":{"rendered":"<p>O term\u00f3metro para a\u00e7\u00facar Patisse \u00e9 uma ferramenta indispens\u00e1vel para derreter a\u00e7\u00facar, chocolate ou qualquer outro ingrediente.<\/p>\n","protected":false},"featured_media":349340,"comment_status":"open","ping_status":"closed","template":"","meta":{"_acf_changed":false},"pwb-brand":[],"product_brand":[],"product_cat":[3087,1824,3229,1767],"product_tag":[],"class_list":{"0":"post-388113","1":"product","2":"type-product","3":"status-publish","4":"has-post-thumbnail","6":"product_cat-ordem-e-armazenamento","7":"product_cat-medida","8":"product_cat-utensilios-de-medida","9":"product_cat-utensilios","11":"first","12":"instock","13":"taxable","14":"shipping-taxable","15":"purchasable","16":"product-type-simple"},"acf":[],"df_price":19.95,"df_sale_price":"","df_regular_price":19.95,"df_image_link":"https:\/\/glotomania.com\/wp-content\/uploads\/2025\/11\/img_15341_6b5a9912f5f8472fd0dbec0b7c99380a_1-10-300x300.jpg","brands":[],"_links":{"self":[{"href":"https:\/\/glotomania.com\/pt-pt\/wp-json\/wp\/v2\/product\/388113","targetHints":{"allow":["GET"]}}],"collection":[{"href":"https:\/\/glotomania.com\/pt-pt\/wp-json\/wp\/v2\/product"}],"about":[{"href":"https:\/\/glotomania.com\/pt-pt\/wp-json\/wp\/v2\/types\/product"}],"replies":[{"embeddable":true,"href":"https:\/\/glotomania.com\/pt-pt\/wp-json\/wp\/v2\/comments?post=388113"}],"wp:featuredmedia":[{"embeddable":true,"href":"https:\/\/glotomania.com\/pt-pt\/wp-json\/wp\/v2\/media\/349340"}],"wp:attachment":[{"href":"https:\/\/glotomania.com\/pt-pt\/wp-json\/wp\/v2\/media?parent=388113"}],"wp:term":[{"taxonomy":"pwb-brand","embeddable":true,"href":"https:\/\/glotomania.com\/pt-pt\/wp-json\/wp\/v2\/pwb-brand?post=388113"},{"taxonomy":"product_brand","embeddable":true,"href":"https:\/\/glotomania.com\/pt-pt\/wp-json\/wp\/v2\/product_brand?post=388113"},{"taxonomy":"product_cat","embeddable":true,"href":"https:\/\/glotomania.com\/pt-pt\/wp-json\/wp\/v2\/product_cat?post=388113"},{"taxonomy":"product_tag","embeddable":true,"href":"https:\/\/glotomania.com\/pt-pt\/wp-json\/wp\/v2\/product_tag?post=388113"}],"curies":[{"name":"wp","href":"https:\/\/api.w.org\/{rel}","templated":true}]}}