{"id":388120,"date":"2025-09-02T10:31:04","date_gmt":"2025-09-02T10:31:04","guid":{"rendered":"https:\/\/glotomania.com\/p\/pack-5-cartuchos-de-tinta-comestible-580-581-2\/"},"modified":"2026-04-02T14:08:21","modified_gmt":"2026-04-02T14:08:21","slug":"pack-5-cartuchos-de-tinta-comestible-580-581-2","status":"publish","type":"product","link":"https:\/\/glotomania.com\/pt-pt\/p\/pack-5-cartuchos-de-tinta-comestible-580-581-2\/","title":{"rendered":"Pack 5 Cartuchos De Tinta Comest\u00cdvel 580 \/ 581"},"content":{"rendered":"<p>&nbsp;<\/p>\n<p><span style=\"font-size:14px\"><strong>Componentes<\/strong><br \/>\n&#8211; 1 cartucho preto XL 16 ml.<br \/>\n&#8211; 1 cartucho preto de 11 ml.&nbsp;<br \/>\n&#8211; 1 cartucho de cianeto de 11 ml.<br \/>\n&#8211; 1 cartucho magenta de 11 ml.<br \/>\n&#8211; 1 cartucho amarelo 11 ml.<\/span><\/p>\n<p>\n<span style=\"font-size: 14px\">Mais de 400 p&aacute;ginas de papel comest&iacute;vel podem ser impressas, com as configura&ccedil;&otilde;es de impress&atilde;o de alta qualidade necess&aacute;rias para este tipo de papel.<\/span><\/p>\n<p><span style=\"font-size: 14px\"><strong>Tinteiro comest&iacute;vel&nbsp;<\/strong>compat&iacute;vel com impressoras Canon : <\/span><span style=\"font-size: 14px\"><span>PIXMA TR7550 &#8211; TR8550 &#8211; TS705 &#8211; TS6100 &#8211; TS6150 &#8211; TS6151 &#8211; TS6200 &#8211;&nbsp;TS6240&nbsp;&#8211; &nbsp;TS6241&nbsp;&#8211;&nbsp;TS6250 &#8211; TS6251 &#8211;&nbsp;TS6300<\/span><\/span><span>&nbsp;&#8211;&nbsp;<span style=\"font-size: 14px\">TS6350 &#8211;&nbsp;<span style=\"font-family: sans-serif\">TS6350A &#8211;&nbsp;<\/span>TS6351 &#8211;&nbsp;<span style=\"font-family: sans-serif\">TS6351A &#8211;&nbsp;TS705 &#8211;&nbsp;TS705A &#8211;&nbsp;<\/span>TS8100 &#8211; TS8150 &#8211; TS8151 &#8211; TS8152 &#8211; TS8200 &#8211;&nbsp;TS8240&nbsp;&#8211;&nbsp;TS8241&nbsp;&#8211;&nbsp;TS8242&nbsp;&#8211;&nbsp;TS8250 &#8211; TS8251 &#8211; TS8252 &#8211; TS8300 &#8211; TS8350 &#8211; TS8351 &#8211; TS8352 &#8211; TS9100 &#8211;&nbsp;TS9540&nbsp;&#8211;&nbsp;TS9541c &#8211;&nbsp;TS9150 &#8211; TS9155 &#8211; TS9550 &#8211; TS9551c (A3).<\/span><\/span><\/p>\n<div><span style=\"font-size: 14px\"><strong>M&eacute;todo de utiliza&ccedil;&atilde;o<\/strong><\/span><\/div>\n<ul>\n<li><span style=\"font-size:14px\">Retirar o protector laranja e retirar o selo de seguran&ccedil;a antes de inserir o cartucho no carrinho de impress&atilde;o.<\/span><\/li>\n<li><span style=\"font-size:14px\">N&atilde;o exceder 7 g por 1 kg de massa.<\/span><\/li>\n<\/ul>\n<div><span style=\"font-size: 14px\"><strong>Estes tinteiros comest&iacute;veis devem ser utilizados em impressoras Canon novinhas em folha. Em circunst&acirc;ncia alguma devem ser utilizadas em impressoras que tenham trabalhado com tintas cl&aacute;ssicas normalmente utilizadas para imprimir documentos ou fotografias, uma vez que a tinta residual pode ser prejudicial para a sa&uacute;de.<\/strong><\/span><\/div>\n<p>&nbsp;<\/p>\n","protected":false},"excerpt":{"rendered":"<p>Cartucho de tinta preta para impress\u00f5es comest\u00edveis, com ele conseguimos impress\u00f5es com cores vivas, alto brilho e resolu\u00e7\u00e3o.<\/p>\n","protected":false},"featured_media":349380,"comment_status":"open","ping_status":"closed","template":"","meta":{"_acf_changed":false,"_joinchat":[]},"pwb-brand":[],"product_brand":[],"product_cat":[2940,2925,2996,3004,2936,2003,1832,1841,1833,2001],"product_tag":[],"class_list":{"0":"post-388120","1":"product","2":"type-product","3":"status-publish","4":"has-post-thumbnail","6":"product_cat-cartuchos-de-tinta-comestiveis-2","7":"product_cat-impressoes-comestiveis","8":"product_cat-produtos-vegetarianos","9":"product_cat-sem-gluten-2","10":"product_cat-tintas-comestiveis-2","11":"product_cat-cartuchos-tinta-comestible","12":"product_cat-diestas-especiales","13":"product_cat-impresiones","14":"product_cat-dieta-sin-gluten","15":"product_cat-tinta-comestible","17":"first","18":"instock","19":"taxable","20":"shipping-taxable","21":"purchasable","22":"product-type-simple"},"acf":[],"df_price":70.95,"df_sale_price":"","df_regular_price":70.95,"df_image_link":"https:\/\/e622tfk5wxd.exactdn.com\/wp-content\/uploads\/2025\/11\/img_18231_41247aac152b3b625fdc1d02540e4b4e_1-16-300x300.jpg?strip=all","brands":[],"_links":{"self":[{"href":"https:\/\/glotomania.com\/pt-pt\/wp-json\/wp\/v2\/product\/388120","targetHints":{"allow":["GET"]}}],"collection":[{"href":"https:\/\/glotomania.com\/pt-pt\/wp-json\/wp\/v2\/product"}],"about":[{"href":"https:\/\/glotomania.com\/pt-pt\/wp-json\/wp\/v2\/types\/product"}],"replies":[{"embeddable":true,"href":"https:\/\/glotomania.com\/pt-pt\/wp-json\/wp\/v2\/comments?post=388120"}],"wp:featuredmedia":[{"embeddable":true,"href":"https:\/\/glotomania.com\/pt-pt\/wp-json\/wp\/v2\/media\/349380"}],"wp:attachment":[{"href":"https:\/\/glotomania.com\/pt-pt\/wp-json\/wp\/v2\/media?parent=388120"}],"wp:term":[{"taxonomy":"pwb-brand","embeddable":true,"href":"https:\/\/glotomania.com\/pt-pt\/wp-json\/wp\/v2\/pwb-brand?post=388120"},{"taxonomy":"product_brand","embeddable":true,"href":"https:\/\/glotomania.com\/pt-pt\/wp-json\/wp\/v2\/product_brand?post=388120"},{"taxonomy":"product_cat","embeddable":true,"href":"https:\/\/glotomania.com\/pt-pt\/wp-json\/wp\/v2\/product_cat?post=388120"},{"taxonomy":"product_tag","embeddable":true,"href":"https:\/\/glotomania.com\/pt-pt\/wp-json\/wp\/v2\/product_tag?post=388120"}],"curies":[{"name":"wp","href":"https:\/\/api.w.org\/{rel}","templated":true}]}}