{"id":388123,"date":"2025-09-02T10:31:05","date_gmt":"2025-09-02T10:31:05","guid":{"rendered":"https:\/\/glotomania.com\/p\/tapete-de-silicona-para-hornear-patisse-60-x-40-cm-2\/"},"modified":"2026-03-10T14:11:22","modified_gmt":"2026-03-10T14:11:22","slug":"tapete-de-silicona-para-hornear-patisse-60-x-40-cm-2","status":"publish","type":"product","link":"https:\/\/glotomania.com\/pt-pt\/p\/tapete-de-silicona-para-hornear-patisse-60-x-40-cm-2\/","title":{"rendered":"Tapete De Silicone Patisse &#8211; 60 X 40 Cm"},"content":{"rendered":"<p>&nbsp;<\/p>\n<p><span style=\"font-size:14px\">O tapete de cozedura cont&eacute;m diferentes tamanhos para que se possa enrolar o quanto for necess&aacute;rio.<\/span><\/p>\n<p><span style=\"font-size:14px\">Com todas as unidades de medida mais importantes impressas.&nbsp;<\/span><\/p>\n<p><span style=\"font-size:14px\"><strong>Dimens&otilde;es aproximadas: <\/strong>60 x 40 cm.<\/span><\/p>\n","protected":false},"excerpt":{"rendered":"<p>Espalhe o seu fondant, ma\u00e7ap\u00e3o ou massa de biscoito neste pr\u00e1tico tapete de silicone da Patisse.<\/p>\n","protected":false},"featured_media":349357,"comment_status":"open","ping_status":"closed","template":"","meta":{"_acf_changed":false},"pwb-brand":[],"product_brand":[],"product_cat":[3106,1820,3087,1828,3143,1824,3229,1767],"product_tag":[],"class_list":{"0":"post-388123","1":"product","2":"type-product","3":"status-publish","4":"has-post-thumbnail","6":"product_cat-basicos-de-pastelaria","7":"product_cat-basicos","8":"product_cat-ordem-e-armazenamento","9":"product_cat-tapetes-silicona","10":"product_cat-tapetes-de-silicone-2","11":"product_cat-medida","12":"product_cat-utensilios-de-medida","13":"product_cat-utensilios","15":"first","16":"instock","17":"taxable","18":"shipping-taxable","19":"purchasable","20":"product-type-simple"},"acf":[],"df_price":21.74,"df_sale_price":"","df_regular_price":21.74,"df_image_link":"https:\/\/glotomania.com\/wp-content\/uploads\/2025\/11\/img_15379_97201f73215770743d1739fc9145b5ea_1-19-300x300.jpg","brands":[],"_links":{"self":[{"href":"https:\/\/glotomania.com\/pt-pt\/wp-json\/wp\/v2\/product\/388123","targetHints":{"allow":["GET"]}}],"collection":[{"href":"https:\/\/glotomania.com\/pt-pt\/wp-json\/wp\/v2\/product"}],"about":[{"href":"https:\/\/glotomania.com\/pt-pt\/wp-json\/wp\/v2\/types\/product"}],"replies":[{"embeddable":true,"href":"https:\/\/glotomania.com\/pt-pt\/wp-json\/wp\/v2\/comments?post=388123"}],"wp:featuredmedia":[{"embeddable":true,"href":"https:\/\/glotomania.com\/pt-pt\/wp-json\/wp\/v2\/media\/349357"}],"wp:attachment":[{"href":"https:\/\/glotomania.com\/pt-pt\/wp-json\/wp\/v2\/media?parent=388123"}],"wp:term":[{"taxonomy":"pwb-brand","embeddable":true,"href":"https:\/\/glotomania.com\/pt-pt\/wp-json\/wp\/v2\/pwb-brand?post=388123"},{"taxonomy":"product_brand","embeddable":true,"href":"https:\/\/glotomania.com\/pt-pt\/wp-json\/wp\/v2\/product_brand?post=388123"},{"taxonomy":"product_cat","embeddable":true,"href":"https:\/\/glotomania.com\/pt-pt\/wp-json\/wp\/v2\/product_cat?post=388123"},{"taxonomy":"product_tag","embeddable":true,"href":"https:\/\/glotomania.com\/pt-pt\/wp-json\/wp\/v2\/product_tag?post=388123"}],"curies":[{"name":"wp","href":"https:\/\/api.w.org\/{rel}","templated":true}]}}