{"id":388132,"date":"2025-09-02T10:31:10","date_gmt":"2025-09-02T10:31:10","guid":{"rendered":"https:\/\/glotomania.com\/p\/boquilla-0233-wilton-multi-aperturas-2\/"},"modified":"2026-04-29T16:44:00","modified_gmt":"2026-04-29T16:44:00","slug":"boquilla-0233-wilton-multi-aperturas-2","status":"publish","type":"product","link":"https:\/\/glotomania.com\/pt-pt\/p\/boquilla-0233-wilton-multi-aperturas-2\/","title":{"rendered":"Bico #0233 Wilton &#8211; Multi Aperturas"},"content":{"rendered":"<p>&nbsp;<\/p>\n<p><span style=\"font-size: 14px\">Lavagem da lou&ccedil;a em seguran&ccedil;a.<\/span><\/p>\n<p><em><span style=\"font-size: 14px\">Para ser utilizado em combina&ccedil;&atilde;o com um adaptador de tamanho padr&atilde;o.<\/span><\/em><\/p>\n","protected":false},"excerpt":{"rendered":"<p>Bico de metal Wilton para criar p\u00e9rolas, treli\u00e7a, estrelas,&#8230; Sem esquecer a espantosa t\u00e9cnica do efeito relva!<\/p>\n","protected":false},"featured_media":313756,"comment_status":"open","ping_status":"closed","template":"","meta":{"_acf_changed":false},"pwb-brand":[],"product_brand":[],"product_cat":[3087,3157,1770,1767],"product_tag":[],"class_list":{"0":"post-388132","1":"product","2":"type-product","3":"status-publish","4":"has-post-thumbnail","6":"product_cat-ordem-e-armazenamento","7":"product_cat-sets-de-bicos","8":"product_cat-boquilas","9":"product_cat-utensilios","11":"first","12":"instock","13":"taxable","14":"shipping-taxable","15":"purchasable","16":"product-type-simple"},"acf":[],"df_price":2.58,"df_sale_price":"","df_regular_price":2.58,"df_image_link":"https:\/\/glotomania.com\/wp-content\/uploads\/2025\/11\/img_15400_dc38fa8cc2e4c7e3d09897ec620fcf6b_1-4-300x300.jpg","brands":[],"_links":{"self":[{"href":"https:\/\/glotomania.com\/pt-pt\/wp-json\/wp\/v2\/product\/388132","targetHints":{"allow":["GET"]}}],"collection":[{"href":"https:\/\/glotomania.com\/pt-pt\/wp-json\/wp\/v2\/product"}],"about":[{"href":"https:\/\/glotomania.com\/pt-pt\/wp-json\/wp\/v2\/types\/product"}],"replies":[{"embeddable":true,"href":"https:\/\/glotomania.com\/pt-pt\/wp-json\/wp\/v2\/comments?post=388132"}],"wp:featuredmedia":[{"embeddable":true,"href":"https:\/\/glotomania.com\/pt-pt\/wp-json\/wp\/v2\/media\/313756"}],"wp:attachment":[{"href":"https:\/\/glotomania.com\/pt-pt\/wp-json\/wp\/v2\/media?parent=388132"}],"wp:term":[{"taxonomy":"pwb-brand","embeddable":true,"href":"https:\/\/glotomania.com\/pt-pt\/wp-json\/wp\/v2\/pwb-brand?post=388132"},{"taxonomy":"product_brand","embeddable":true,"href":"https:\/\/glotomania.com\/pt-pt\/wp-json\/wp\/v2\/product_brand?post=388132"},{"taxonomy":"product_cat","embeddable":true,"href":"https:\/\/glotomania.com\/pt-pt\/wp-json\/wp\/v2\/product_cat?post=388132"},{"taxonomy":"product_tag","embeddable":true,"href":"https:\/\/glotomania.com\/pt-pt\/wp-json\/wp\/v2\/product_tag?post=388132"}],"curies":[{"name":"wp","href":"https:\/\/api.w.org\/{rel}","templated":true}]}}