{"id":388134,"date":"2025-09-02T10:31:11","date_gmt":"2025-09-02T10:31:11","guid":{"rendered":"https:\/\/glotomania.com\/p\/set-cortadores-para-placas-orlas-wilton-2\/"},"modified":"2026-04-25T00:30:43","modified_gmt":"2026-04-25T00:30:43","slug":"set-cortadores-para-placas-orlas-wilton-2","status":"publish","type":"product","link":"https:\/\/glotomania.com\/pt-pt\/p\/set-cortadores-para-placas-orlas-wilton-2\/","title":{"rendered":"Conjunto De Cortadores Para Placas (orlas) Wilton"},"content":{"rendered":"<p>&nbsp;<\/p>\n<p><span style=\"font-size:14px\">Feito de a&ccedil;o inoxid&aacute;vel de alta qualidade, com lados pronunciados para criar arestas vivas.<\/span><\/p>\n<p><span style=\"font-size:14px\"><strong>Dimens&otilde;es aproximadas: <\/strong>11,3 x 8,8 x 1,9 cm.<\/span><\/p>\n<p><em><span style=\"font-size:14px\">Antes e depois de cada utiliza&ccedil;&atilde;o, lavar &agrave; m&atilde;o em &aacute;gua morna com sab&atilde;o; enxaguar e secar bem com um pano macio.<\/span><\/em><\/p>\n","protected":false},"excerpt":{"rendered":"<p>Inclui 6 cortadores de a\u00e7o inoxid\u00e1vel Wilton, ideal para biscoitos, decora\u00e7\u00f5es fondant, pasta de goma,&#8230;<\/p>\n","protected":false},"featured_media":346756,"comment_status":"open","ping_status":"closed","template":"","meta":{"_acf_changed":false},"pwb-brand":[],"product_brand":[],"product_cat":[2908,2910,2911,3199,2907,3087,1788,1888,1862,1885,1849,1767],"product_tag":[],"class_list":{"0":"post-388134","1":"product","2":"type-product","3":"status-publish","4":"has-post-thumbnail","6":"product_cat-batizados","7":"product_cat-casamentos-2","8":"product_cat-comunhoes","9":"product_cat-cortadores-de-metal","10":"product_cat-festas","11":"product_cat-ordem-e-armazenamento","12":"product_cat-cortadores-de-cobre","13":"product_cat-bodas","14":"product_cat-comuniones","15":"product_cat-bautizos","16":"product_cat-fiestas","17":"product_cat-utensilios","19":"first","20":"instock","21":"taxable","22":"shipping-taxable","23":"purchasable","24":"product-type-simple"},"acf":[],"df_price":7.37,"df_sale_price":5.15,"df_regular_price":7.37,"df_image_link":"https:\/\/glotomania.com\/wp-content\/uploads\/2025\/11\/img_15410_b98a34a8855d1ee68c21e67b79a97e54_1-17-300x300.jpg","brands":[],"_links":{"self":[{"href":"https:\/\/glotomania.com\/pt-pt\/wp-json\/wp\/v2\/product\/388134","targetHints":{"allow":["GET"]}}],"collection":[{"href":"https:\/\/glotomania.com\/pt-pt\/wp-json\/wp\/v2\/product"}],"about":[{"href":"https:\/\/glotomania.com\/pt-pt\/wp-json\/wp\/v2\/types\/product"}],"replies":[{"embeddable":true,"href":"https:\/\/glotomania.com\/pt-pt\/wp-json\/wp\/v2\/comments?post=388134"}],"wp:featuredmedia":[{"embeddable":true,"href":"https:\/\/glotomania.com\/pt-pt\/wp-json\/wp\/v2\/media\/346756"}],"wp:attachment":[{"href":"https:\/\/glotomania.com\/pt-pt\/wp-json\/wp\/v2\/media?parent=388134"}],"wp:term":[{"taxonomy":"pwb-brand","embeddable":true,"href":"https:\/\/glotomania.com\/pt-pt\/wp-json\/wp\/v2\/pwb-brand?post=388134"},{"taxonomy":"product_brand","embeddable":true,"href":"https:\/\/glotomania.com\/pt-pt\/wp-json\/wp\/v2\/product_brand?post=388134"},{"taxonomy":"product_cat","embeddable":true,"href":"https:\/\/glotomania.com\/pt-pt\/wp-json\/wp\/v2\/product_cat?post=388134"},{"taxonomy":"product_tag","embeddable":true,"href":"https:\/\/glotomania.com\/pt-pt\/wp-json\/wp\/v2\/product_tag?post=388134"}],"curies":[{"name":"wp","href":"https:\/\/api.w.org\/{rel}","templated":true}]}}