{"id":388138,"date":"2025-09-02T10:31:14","date_gmt":"2025-09-02T10:31:14","guid":{"rendered":"https:\/\/glotomania.com\/p\/rodillo-con-anillas-wilton-225-cm-2\/"},"modified":"2026-03-10T14:11:52","modified_gmt":"2026-03-10T14:11:52","slug":"rodillo-con-anillas-wilton-225-cm-2","status":"publish","type":"product","link":"https:\/\/glotomania.com\/pt-pt\/p\/rodillo-con-anillas-wilton-225-cm-2\/","title":{"rendered":"Rolo De Pastel Com An\u00c9is Wilton &#8211; 22,5 Cm"},"content":{"rendered":"<p>&nbsp;<\/p>\n<p><span style=\"font-size:14px\">Feito de pl&aacute;stico anti-aderente, adequado para uso alimentar.<\/span><\/p>\n<p><span style=\"font-size:14px\"><strong>Medidas<\/strong>: 22,5 x 2,5 cm.<\/span><\/p>\n<p><span style=\"font-size:14px\"><em>Inclui 4 an&eacute;is de nivelamento.<\/em><\/span><br \/>\n&nbsp;<\/p>\n","protected":false},"excerpt":{"rendered":"<p>Pino de enrolar Wilton com an\u00e9is deslizantes, ideal para enrolar as nossas massas at\u00e9 \u00e0 espessura perfeita.<\/p>\n","protected":false},"featured_media":346760,"comment_status":"open","ping_status":"closed","template":"","meta":{"_acf_changed":false},"pwb-brand":[],"product_brand":[],"product_cat":[3106,1820,3087,1827,3139,1767],"product_tag":[],"class_list":{"0":"post-388138","1":"product","2":"type-product","3":"status-publish","4":"has-post-thumbnail","6":"product_cat-basicos-de-pastelaria","7":"product_cat-basicos","8":"product_cat-ordem-e-armazenamento","9":"product_cat-rodillos","10":"product_cat-rolos-de-massa-e-acessorios-2","11":"product_cat-utensilios","13":"first","14":"instock","15":"taxable","16":"shipping-taxable","17":"purchasable","18":"product-type-simple"},"acf":[],"df_price":9,"df_sale_price":"","df_regular_price":9,"df_image_link":"https:\/\/glotomania.com\/wp-content\/uploads\/2025\/11\/img_15430_04280921749f6829c801c5390664e9e6_1-9-300x300.jpg","brands":[],"_links":{"self":[{"href":"https:\/\/glotomania.com\/pt-pt\/wp-json\/wp\/v2\/product\/388138","targetHints":{"allow":["GET"]}}],"collection":[{"href":"https:\/\/glotomania.com\/pt-pt\/wp-json\/wp\/v2\/product"}],"about":[{"href":"https:\/\/glotomania.com\/pt-pt\/wp-json\/wp\/v2\/types\/product"}],"replies":[{"embeddable":true,"href":"https:\/\/glotomania.com\/pt-pt\/wp-json\/wp\/v2\/comments?post=388138"}],"wp:featuredmedia":[{"embeddable":true,"href":"https:\/\/glotomania.com\/pt-pt\/wp-json\/wp\/v2\/media\/346760"}],"wp:attachment":[{"href":"https:\/\/glotomania.com\/pt-pt\/wp-json\/wp\/v2\/media?parent=388138"}],"wp:term":[{"taxonomy":"pwb-brand","embeddable":true,"href":"https:\/\/glotomania.com\/pt-pt\/wp-json\/wp\/v2\/pwb-brand?post=388138"},{"taxonomy":"product_brand","embeddable":true,"href":"https:\/\/glotomania.com\/pt-pt\/wp-json\/wp\/v2\/product_brand?post=388138"},{"taxonomy":"product_cat","embeddable":true,"href":"https:\/\/glotomania.com\/pt-pt\/wp-json\/wp\/v2\/product_cat?post=388138"},{"taxonomy":"product_tag","embeddable":true,"href":"https:\/\/glotomania.com\/pt-pt\/wp-json\/wp\/v2\/product_tag?post=388138"}],"curies":[{"name":"wp","href":"https:\/\/api.w.org\/{rel}","templated":true}]}}