{"id":388145,"date":"2025-09-02T10:31:18","date_gmt":"2025-09-02T10:31:18","guid":{"rendered":"https:\/\/glotomania.com\/p\/chips-de-chocolate-negro-funcakes-chunks-350-g-2\/"},"modified":"2026-04-20T23:20:13","modified_gmt":"2026-04-20T23:20:13","slug":"chips-de-chocolate-negro-funcakes-chunks-350-g-2","status":"publish","type":"product","link":"https:\/\/glotomania.com\/pt-pt\/p\/chips-de-chocolate-negro-funcakes-chunks-350-g-2\/","title":{"rendered":"Chips De Chocolate Preto Funcakes &#8211; Chunks 350 G"},"content":{"rendered":"<p>&nbsp;<\/p>\n<p><span style=\"font-size:14px\">Chocolate Belga 100% est&aacute;vel ao forno. Pode ser adicionado a bolos, bolos, bolinhos, bolachas, bolachas,&#8230;<\/span><\/p>\n<p><span style=\"font-size:14px\"><strong>Prepara&ccedil;&atilde;o<\/strong>: Verter a quantidade desejada de pe&ccedil;as directamente no produto desejado (massa, massa, gelado, etc.).<\/span><\/p>\n","protected":false},"excerpt":{"rendered":"<p>Aut\u00eanticos peda\u00e7os de chocolate belga Funcakes, ideais para os nossos biscoitos, uma vez que s\u00e3o resistentes \u00e0s altas temperaturas do forno.<\/p>\n","protected":false},"featured_media":14429,"comment_status":"open","ping_status":"closed","template":"","meta":{"_acf_changed":false},"pwb-brand":[],"product_brand":[],"product_cat":[3028,1914,1839,1890,2979,2984,1832,2997,3018,1901,1844,2996],"product_tag":[],"class_list":{"0":"post-388145","1":"product","2":"type-product","3":"status-publish","4":"has-post-thumbnail","6":"product_cat-cacau-e-chocolates-2","7":"product_cat-chocolate","8":"product_cat-decoracion-comestible","9":"product_cat-chocolate-decorar","10":"product_cat-decoracoes-comestiveis-2","11":"product_cat-decoracoes-de-chocolate-2","12":"product_cat-diestas-especiales","13":"product_cat-halal","14":"product_cat-ingredientes-de-pastelaria-2","15":"product_cat-dieta-halal","16":"product_cat-ingredientes-reposteria","17":"product_cat-produtos-vegetarianos","19":"first","20":"instock","21":"taxable","22":"shipping-taxable","23":"purchasable","24":"product-type-simple"},"acf":[],"df_price":11.15,"df_sale_price":"","df_regular_price":11.15,"df_image_link":"https:\/\/glotomania.com\/wp-content\/uploads\/2022\/09\/img_15554_8baf1c62eaa068bd7378a96c4c60e52c_1-300x300.png","brands":[],"_links":{"self":[{"href":"https:\/\/glotomania.com\/pt-pt\/wp-json\/wp\/v2\/product\/388145","targetHints":{"allow":["GET"]}}],"collection":[{"href":"https:\/\/glotomania.com\/pt-pt\/wp-json\/wp\/v2\/product"}],"about":[{"href":"https:\/\/glotomania.com\/pt-pt\/wp-json\/wp\/v2\/types\/product"}],"replies":[{"embeddable":true,"href":"https:\/\/glotomania.com\/pt-pt\/wp-json\/wp\/v2\/comments?post=388145"}],"wp:featuredmedia":[{"embeddable":true,"href":"https:\/\/glotomania.com\/pt-pt\/wp-json\/wp\/v2\/media\/14429"}],"wp:attachment":[{"href":"https:\/\/glotomania.com\/pt-pt\/wp-json\/wp\/v2\/media?parent=388145"}],"wp:term":[{"taxonomy":"pwb-brand","embeddable":true,"href":"https:\/\/glotomania.com\/pt-pt\/wp-json\/wp\/v2\/pwb-brand?post=388145"},{"taxonomy":"product_brand","embeddable":true,"href":"https:\/\/glotomania.com\/pt-pt\/wp-json\/wp\/v2\/product_brand?post=388145"},{"taxonomy":"product_cat","embeddable":true,"href":"https:\/\/glotomania.com\/pt-pt\/wp-json\/wp\/v2\/product_cat?post=388145"},{"taxonomy":"product_tag","embeddable":true,"href":"https:\/\/glotomania.com\/pt-pt\/wp-json\/wp\/v2\/product_tag?post=388145"}],"curies":[{"name":"wp","href":"https:\/\/api.w.org\/{rel}","templated":true}]}}