{"id":388148,"date":"2025-09-02T10:31:20","date_gmt":"2025-09-02T10:31:20","guid":{"rendered":"https:\/\/glotomania.com\/p\/termometro-de-horno-patisse-2\/"},"modified":"2026-04-20T05:45:36","modified_gmt":"2026-04-20T05:45:36","slug":"termometro-de-horno-patisse-2","status":"publish","type":"product","link":"https:\/\/glotomania.com\/pt-pt\/p\/termometro-de-horno-patisse-2\/","title":{"rendered":"Term\u00d3metro De Forno Patisse"},"content":{"rendered":"<p>&nbsp;<\/p>\n<p><span style=\"font-size:14px\">&nbsp;Fabricado em <strong>a&ccedil;o inoxid&aacute;vel<\/strong>, resistente a altas temperaturas, at&eacute; 300 &ordm;C.<\/span><\/p>\n","protected":false},"excerpt":{"rendered":"<p>Term\u00f3metro em a\u00e7o inoxid\u00e1vel, perfeito para saber a temperatura correcta do nosso forno.<\/p>\n","protected":false},"featured_media":349423,"comment_status":"open","ping_status":"closed","template":"","meta":{"_acf_changed":false},"pwb-brand":[],"product_brand":[],"product_cat":[3087,1824,3229,1767],"product_tag":[],"class_list":{"0":"post-388148","1":"product","2":"type-product","3":"status-publish","4":"has-post-thumbnail","6":"product_cat-ordem-e-armazenamento","7":"product_cat-medida","8":"product_cat-utensilios-de-medida","9":"product_cat-utensilios","11":"first","12":"instock","13":"taxable","14":"shipping-taxable","15":"purchasable","16":"product-type-simple"},"acf":[],"df_price":9.13,"df_sale_price":"","df_regular_price":9.13,"df_image_link":"https:\/\/glotomania.com\/wp-content\/uploads\/2025\/11\/img_15562_c76fb96ca747c8e5ba1db5d1845e6874_1-21-300x300.jpg","brands":[],"_links":{"self":[{"href":"https:\/\/glotomania.com\/pt-pt\/wp-json\/wp\/v2\/product\/388148","targetHints":{"allow":["GET"]}}],"collection":[{"href":"https:\/\/glotomania.com\/pt-pt\/wp-json\/wp\/v2\/product"}],"about":[{"href":"https:\/\/glotomania.com\/pt-pt\/wp-json\/wp\/v2\/types\/product"}],"replies":[{"embeddable":true,"href":"https:\/\/glotomania.com\/pt-pt\/wp-json\/wp\/v2\/comments?post=388148"}],"wp:featuredmedia":[{"embeddable":true,"href":"https:\/\/glotomania.com\/pt-pt\/wp-json\/wp\/v2\/media\/349423"}],"wp:attachment":[{"href":"https:\/\/glotomania.com\/pt-pt\/wp-json\/wp\/v2\/media?parent=388148"}],"wp:term":[{"taxonomy":"pwb-brand","embeddable":true,"href":"https:\/\/glotomania.com\/pt-pt\/wp-json\/wp\/v2\/pwb-brand?post=388148"},{"taxonomy":"product_brand","embeddable":true,"href":"https:\/\/glotomania.com\/pt-pt\/wp-json\/wp\/v2\/product_brand?post=388148"},{"taxonomy":"product_cat","embeddable":true,"href":"https:\/\/glotomania.com\/pt-pt\/wp-json\/wp\/v2\/product_cat?post=388148"},{"taxonomy":"product_tag","embeddable":true,"href":"https:\/\/glotomania.com\/pt-pt\/wp-json\/wp\/v2\/product_tag?post=388148"}],"curies":[{"name":"wp","href":"https:\/\/api.w.org\/{rel}","templated":true}]}}