{"id":388149,"date":"2025-09-02T10:31:20","date_gmt":"2025-09-02T10:31:20","guid":{"rendered":"https:\/\/glotomania.com\/p\/wrapper-toppers-para-tarta-scrapcooking-dino-2\/"},"modified":"2026-04-28T00:13:36","modified_gmt":"2026-04-28T00:13:36","slug":"wrapper-toppers-para-tarta-scrapcooking-dino-2","status":"publish","type":"product","link":"https:\/\/glotomania.com\/pt-pt\/p\/wrapper-toppers-para-tarta-scrapcooking-dino-2\/","title":{"rendered":"Wrapper + Topos De Bolo Scrapcooking &#8211; Dino"},"content":{"rendered":"<p>\n<span style=\"font-size:14px\">O inv&oacute;lucro do bolo e os toppers n&atilde;o s&atilde;o comest&iacute;veis. Ajustar o esquema do bolo com fita adesiva ou uma picareta.<\/span><\/p>\n<p><span style=\"font-size:14px\"><strong>Dimens&otilde;es do inv&oacute;lucro do bolo: <\/strong>&Oslash; 18 &#8211; 24 cm \/ H 6 cm.<\/span><\/p>\n<p><span style=\"font-size:14px\"><strong>Inclui<\/strong>: 1 inv&oacute;lucro de bolo e 3 toppers de bolo.<\/span><\/p>\n<p><em><span style=\"font-size:14px\">Este produto n&atilde;o est&aacute; dispon&iacute;vel para a B&eacute;lgica, Fran&ccedil;a e Su&iacute;&ccedil;a.<\/span><\/em><\/p>\n","protected":false},"excerpt":{"rendered":"<p>Decorar um bolo nunca foi t\u00e3o f\u00e1cil! O conjunto \u00e9 perfeito para uma festa tem\u00e1tica dos dinossauros.<\/p>\n","protected":false},"featured_media":349425,"comment_status":"open","ping_status":"closed","template":"","meta":{"_acf_changed":false},"pwb-brand":[],"product_brand":[],"product_cat":[1792,3200,2907,3087,1849,3208,1793,1767],"product_tag":[],"class_list":{"0":"post-388149","1":"product","2":"type-product","3":"status-publish","4":"has-post-thumbnail","6":"product_cat-decoracion-no-comestible","7":"product_cat-decoracoes-nao-comestiveis","8":"product_cat-festas","9":"product_cat-ordem-e-armazenamento","10":"product_cat-fiestas","11":"product_cat-toppers-para-bolos","12":"product_cat-toppers","13":"product_cat-utensilios","15":"first","16":"instock","17":"taxable","18":"shipping-taxable","19":"purchasable","20":"product-type-simple"},"acf":[],"df_price":4.16,"df_sale_price":4.16,"df_regular_price":5.95,"df_image_link":"https:\/\/glotomania.com\/wp-content\/uploads\/2025\/11\/img_15564_bd32492f0f16734efb40efb11521c6af_1-17-300x300.jpg","brands":[],"_links":{"self":[{"href":"https:\/\/glotomania.com\/pt-pt\/wp-json\/wp\/v2\/product\/388149","targetHints":{"allow":["GET"]}}],"collection":[{"href":"https:\/\/glotomania.com\/pt-pt\/wp-json\/wp\/v2\/product"}],"about":[{"href":"https:\/\/glotomania.com\/pt-pt\/wp-json\/wp\/v2\/types\/product"}],"replies":[{"embeddable":true,"href":"https:\/\/glotomania.com\/pt-pt\/wp-json\/wp\/v2\/comments?post=388149"}],"wp:featuredmedia":[{"embeddable":true,"href":"https:\/\/glotomania.com\/pt-pt\/wp-json\/wp\/v2\/media\/349425"}],"wp:attachment":[{"href":"https:\/\/glotomania.com\/pt-pt\/wp-json\/wp\/v2\/media?parent=388149"}],"wp:term":[{"taxonomy":"pwb-brand","embeddable":true,"href":"https:\/\/glotomania.com\/pt-pt\/wp-json\/wp\/v2\/pwb-brand?post=388149"},{"taxonomy":"product_brand","embeddable":true,"href":"https:\/\/glotomania.com\/pt-pt\/wp-json\/wp\/v2\/product_brand?post=388149"},{"taxonomy":"product_cat","embeddable":true,"href":"https:\/\/glotomania.com\/pt-pt\/wp-json\/wp\/v2\/product_cat?post=388149"},{"taxonomy":"product_tag","embeddable":true,"href":"https:\/\/glotomania.com\/pt-pt\/wp-json\/wp\/v2\/product_tag?post=388149"}],"curies":[{"name":"wp","href":"https:\/\/api.w.org\/{rel}","templated":true}]}}