{"id":388156,"date":"2025-09-02T10:31:23","date_gmt":"2025-09-02T10:31:23","guid":{"rendered":"https:\/\/glotomania.com\/p\/boquilla-366-wilton-hoja-2\/"},"modified":"2026-04-12T02:00:23","modified_gmt":"2026-04-12T02:00:23","slug":"boquilla-366-wilton-hoja-2","status":"publish","type":"product","link":"https:\/\/glotomania.com\/pt-pt\/p\/boquilla-366-wilton-hoja-2\/","title":{"rendered":"Bico #366 Wilton &#8211; Folha"},"content":{"rendered":"<p>&nbsp;<\/p>\n<p><span style=\"font-size:14px\"><strong>Dimens&otilde;es aproximadas: <\/strong>abertura de 1 cm.<\/span><\/p>\n<p><em><span style=\"font-size:14px\">Lavagem da lou&ccedil;a em seguran&ccedil;a.<\/span><\/em><\/p>\n<p><span style=\"font-size:14px\">Este bico&nbsp;n&atilde;o se fixa a nenhum adaptador, deve ser utilizado directamente com um saco de tubagem.<\/span><\/p>\n<p>&nbsp;<\/p>\n","protected":false},"excerpt":{"rendered":"<p>Bico de metal Wilton para a produ\u00e7\u00e3o de folhas realistas, mas tamb\u00e9m para a cria\u00e7\u00e3o, por exemplo, de conchas.<\/p>\n","protected":false},"featured_media":349436,"comment_status":"open","ping_status":"closed","template":"","meta":{"_acf_changed":false},"pwb-brand":[],"product_brand":[],"product_cat":[1770,3087,3157,1767],"product_tag":[],"class_list":{"0":"post-388156","1":"product","2":"type-product","3":"status-publish","4":"has-post-thumbnail","6":"product_cat-boquilas","7":"product_cat-ordem-e-armazenamento","8":"product_cat-sets-de-bicos","9":"product_cat-utensilios","11":"first","12":"instock","13":"taxable","14":"shipping-taxable","15":"purchasable","16":"product-type-simple"},"acf":[],"df_price":2.38,"df_sale_price":"","df_regular_price":2.38,"df_image_link":"https:\/\/glotomania.com\/wp-content\/uploads\/2025\/11\/img_15574_b1a9f2d8c0dc855a75f0e21c7bac161d_1-13-300x300.jpg","brands":[],"_links":{"self":[{"href":"https:\/\/glotomania.com\/pt-pt\/wp-json\/wp\/v2\/product\/388156","targetHints":{"allow":["GET"]}}],"collection":[{"href":"https:\/\/glotomania.com\/pt-pt\/wp-json\/wp\/v2\/product"}],"about":[{"href":"https:\/\/glotomania.com\/pt-pt\/wp-json\/wp\/v2\/types\/product"}],"replies":[{"embeddable":true,"href":"https:\/\/glotomania.com\/pt-pt\/wp-json\/wp\/v2\/comments?post=388156"}],"wp:featuredmedia":[{"embeddable":true,"href":"https:\/\/glotomania.com\/pt-pt\/wp-json\/wp\/v2\/media\/349436"}],"wp:attachment":[{"href":"https:\/\/glotomania.com\/pt-pt\/wp-json\/wp\/v2\/media?parent=388156"}],"wp:term":[{"taxonomy":"pwb-brand","embeddable":true,"href":"https:\/\/glotomania.com\/pt-pt\/wp-json\/wp\/v2\/pwb-brand?post=388156"},{"taxonomy":"product_brand","embeddable":true,"href":"https:\/\/glotomania.com\/pt-pt\/wp-json\/wp\/v2\/product_brand?post=388156"},{"taxonomy":"product_cat","embeddable":true,"href":"https:\/\/glotomania.com\/pt-pt\/wp-json\/wp\/v2\/product_cat?post=388156"},{"taxonomy":"product_tag","embeddable":true,"href":"https:\/\/glotomania.com\/pt-pt\/wp-json\/wp\/v2\/product_tag?post=388156"}],"curies":[{"name":"wp","href":"https:\/\/api.w.org\/{rel}","templated":true}]}}