{"id":388159,"date":"2025-09-02T10:31:25","date_gmt":"2025-09-02T10:31:25","guid":{"rendered":"https:\/\/glotomania.com\/p\/boquilla-1m-wilton-estrella-abierta-2\/"},"modified":"2026-04-15T11:48:10","modified_gmt":"2026-04-15T11:48:10","slug":"boquilla-1m-wilton-estrella-abierta-2","status":"publish","type":"product","link":"https:\/\/glotomania.com\/pt-pt\/p\/boquilla-1m-wilton-estrella-abierta-2\/","title":{"rendered":"Bico #1m Wilton &#8211; Estrela Aberta"},"content":{"rendered":"<p>&nbsp;<\/p>\n<p><span style=\"font-size:14px\"><strong>Tamanho aproximado: <\/strong>abertura de 1,2 cm.<\/span><\/p>\n<p><em><span style=\"font-size:14px\">Lavagem da lou&ccedil;a em seguran&ccedil;a.<\/span><\/em><\/p>\n<p><span style=\"font-size:14px\">Para ser utilizado em combina&ccedil;&atilde;o com um grande adaptador.<\/span><\/p>\n","protected":false},"excerpt":{"rendered":"<p>Bico de metal Wilton para a produ\u00e7\u00e3o de t\u00e9cnicas de estrela, gota de flor e borda serrilhada.<\/p>\n","protected":false},"featured_media":346788,"comment_status":"open","ping_status":"closed","template":"","meta":{"_acf_changed":false},"pwb-brand":[],"product_brand":[],"product_cat":[3087,3157,1770,1767],"product_tag":[],"class_list":{"0":"post-388159","1":"product","2":"type-product","3":"status-publish","4":"has-post-thumbnail","6":"product_cat-ordem-e-armazenamento","7":"product_cat-sets-de-bicos","8":"product_cat-boquilas","9":"product_cat-utensilios","11":"first","12":"instock","13":"taxable","14":"shipping-taxable","15":"purchasable","16":"product-type-simple"},"acf":[],"df_price":2.31,"df_sale_price":"","df_regular_price":2.31,"df_image_link":"https:\/\/glotomania.com\/wp-content\/uploads\/2025\/11\/img_15582_9db1082546b169e3122266a97ddbbdce_1-13-300x300.jpg","brands":[],"_links":{"self":[{"href":"https:\/\/glotomania.com\/pt-pt\/wp-json\/wp\/v2\/product\/388159","targetHints":{"allow":["GET"]}}],"collection":[{"href":"https:\/\/glotomania.com\/pt-pt\/wp-json\/wp\/v2\/product"}],"about":[{"href":"https:\/\/glotomania.com\/pt-pt\/wp-json\/wp\/v2\/types\/product"}],"replies":[{"embeddable":true,"href":"https:\/\/glotomania.com\/pt-pt\/wp-json\/wp\/v2\/comments?post=388159"}],"wp:featuredmedia":[{"embeddable":true,"href":"https:\/\/glotomania.com\/pt-pt\/wp-json\/wp\/v2\/media\/346788"}],"wp:attachment":[{"href":"https:\/\/glotomania.com\/pt-pt\/wp-json\/wp\/v2\/media?parent=388159"}],"wp:term":[{"taxonomy":"pwb-brand","embeddable":true,"href":"https:\/\/glotomania.com\/pt-pt\/wp-json\/wp\/v2\/pwb-brand?post=388159"},{"taxonomy":"product_brand","embeddable":true,"href":"https:\/\/glotomania.com\/pt-pt\/wp-json\/wp\/v2\/product_brand?post=388159"},{"taxonomy":"product_cat","embeddable":true,"href":"https:\/\/glotomania.com\/pt-pt\/wp-json\/wp\/v2\/product_cat?post=388159"},{"taxonomy":"product_tag","embeddable":true,"href":"https:\/\/glotomania.com\/pt-pt\/wp-json\/wp\/v2\/product_tag?post=388159"}],"curies":[{"name":"wp","href":"https:\/\/api.w.org\/{rel}","templated":true}]}}