{"id":388162,"date":"2025-09-02T10:31:26","date_gmt":"2025-09-02T10:31:26","guid":{"rendered":"https:\/\/glotomania.com\/p\/molde-para-numeros-y-letras-wilton-2\/"},"modified":"2026-03-10T14:12:45","modified_gmt":"2026-03-10T14:12:45","slug":"molde-para-numeros-y-letras-wilton-2","status":"publish","type":"product","link":"https:\/\/glotomania.com\/pt-pt\/p\/molde-para-numeros-y-letras-wilton-2\/","title":{"rendered":"Molde De N\u00damero E Letra Wilton"},"content":{"rendered":"<p>&nbsp;<\/p>\n<p><span style=\"font-size:14px\">Com as diferentes pe&ccedil;as soltas pode desenhar a letra ou n&uacute;mero que desejar. Coloque-os na forma que forma a carta de que necessita, encha-os com a massa e leve-os ao forno.<\/span><\/p>\n<p><span style=\"font-size:14px\">Este molde tem um revestimento anti-aderente para facilitar a sua utiliza&ccedil;&atilde;o e limpeza. Lavagem da lou&ccedil;a em seguran&ccedil;a.<\/span><\/p>\n<p><span style=\"font-size:14px\"><strong>Medidas<\/strong>: Molde 38 x 23 x 23 x 5 cm &#8211; <u>Pe&ccedil;as &uacute;nicas:<\/u> 7 x 3,5 x 5 cm (3x) \/ 7 x 7 x 7 x 5 cm (2x) \/ 14 x 6,5 x 5 cm (2x) \/ 28 x 6,5 x 5 cm (1x) \/ 13,5 x 6 x 5 cm (1x).<\/span><\/p>\n<p><span style=\"font-size:14px\">Inclui 1 molde + 9 pe&ccedil;as soltas.<\/span><\/p>\n","protected":false},"excerpt":{"rendered":"<p>Com este molde pode fazer todas as letras e n\u00fameros que quiser, o que \u00e9 \u00f3ptimo para anivers\u00e1rios e anivers\u00e1rios.<\/p>\n","protected":false},"featured_media":349407,"comment_status":"open","ping_status":"closed","template":"","meta":{"_acf_changed":false},"pwb-brand":[],"product_brand":[],"product_cat":[2907,3217,1802,3214,1801,3087,1849,1767],"product_tag":[],"class_list":{"0":"post-388162","1":"product","2":"type-product","3":"status-publish","4":"has-post-thumbnail","6":"product_cat-festas","7":"product_cat-moldes-de-formas-especiais","8":"product_cat-moldes-metal","9":"product_cat-moldes-de-pastelaria","10":"product_cat-moldes","11":"product_cat-ordem-e-armazenamento","12":"product_cat-fiestas","13":"product_cat-utensilios","15":"first","16":"instock","17":"taxable","18":"shipping-taxable","19":"purchasable","20":"product-type-simple"},"acf":[],"df_price":37.69,"df_sale_price":"","df_regular_price":40.97,"df_image_link":"https:\/\/glotomania.com\/wp-content\/uploads\/2025\/11\/img_19181_d9ff95b86efe79b3c8c537d5b717516b_1-14-300x300.jpg","brands":[],"_links":{"self":[{"href":"https:\/\/glotomania.com\/pt-pt\/wp-json\/wp\/v2\/product\/388162","targetHints":{"allow":["GET"]}}],"collection":[{"href":"https:\/\/glotomania.com\/pt-pt\/wp-json\/wp\/v2\/product"}],"about":[{"href":"https:\/\/glotomania.com\/pt-pt\/wp-json\/wp\/v2\/types\/product"}],"replies":[{"embeddable":true,"href":"https:\/\/glotomania.com\/pt-pt\/wp-json\/wp\/v2\/comments?post=388162"}],"wp:featuredmedia":[{"embeddable":true,"href":"https:\/\/glotomania.com\/pt-pt\/wp-json\/wp\/v2\/media\/349407"}],"wp:attachment":[{"href":"https:\/\/glotomania.com\/pt-pt\/wp-json\/wp\/v2\/media?parent=388162"}],"wp:term":[{"taxonomy":"pwb-brand","embeddable":true,"href":"https:\/\/glotomania.com\/pt-pt\/wp-json\/wp\/v2\/pwb-brand?post=388162"},{"taxonomy":"product_brand","embeddable":true,"href":"https:\/\/glotomania.com\/pt-pt\/wp-json\/wp\/v2\/product_brand?post=388162"},{"taxonomy":"product_cat","embeddable":true,"href":"https:\/\/glotomania.com\/pt-pt\/wp-json\/wp\/v2\/product_cat?post=388162"},{"taxonomy":"product_tag","embeddable":true,"href":"https:\/\/glotomania.com\/pt-pt\/wp-json\/wp\/v2\/product_tag?post=388162"}],"curies":[{"name":"wp","href":"https:\/\/api.w.org\/{rel}","templated":true}]}}