{"id":388165,"date":"2025-09-02T10:31:29","date_gmt":"2025-09-02T10:31:29","guid":{"rendered":"https:\/\/glotomania.com\/p\/callets-de-chocolate-ruby-callebaut-25-kg-2\/"},"modified":"2026-03-10T14:12:51","modified_gmt":"2026-03-10T14:12:51","slug":"callets-de-chocolate-ruby-callebaut-25-kg-2","status":"publish","type":"product","link":"https:\/\/glotomania.com\/pt-pt\/p\/callets-de-chocolate-ruby-callebaut-25-kg-2\/","title":{"rendered":"Callets De Chocolate Ruby Callebaut 2,5 Kg"},"content":{"rendered":"<p>&nbsp;<\/p>\n<p><span style=\"color:#000000\"><span style=\"font-size:14px\">Os c&aacute;lices seduzem com a sua cor <strong>vermelha<\/strong> <strong>rosada<\/strong> e sobrecarregam-no com o seu intenso sabor a <strong>frutos silvestres.<\/strong><\/span><\/span><\/p>\n<p><span style=\"color:#000000\"><span style=\"font-size:14px\">Pode simplesmente derreter os callets para fazer belas cria&ccedil;&otilde;es, tais como fant&aacute;sticos e deliciosos chocolates. Mas claro que tamb&eacute;m podem ser usados para decorar bolos, bolinhos e bolachas.<\/span><\/span><\/p>\n<p><span style=\"color:#000000\"><span style=\"font-size:14px\">Os callets de rubi s&atilde;o deliciosos com <em>champanhe rosa<\/em>, caramelo salgado e at&eacute; <em>ingredientes salgados.<\/em><\/span><\/span><\/p><\/p>\n","protected":false},"excerpt":{"rendered":"<p>A cor rosa \u00e9 causada pelas sementes de cacau (47,3 %), pelo que n\u00e3o s\u00e3o adicionados corantes a este chocolate.<\/p>\n","protected":false},"featured_media":349455,"comment_status":"open","ping_status":"closed","template":"","meta":{"_acf_changed":false},"pwb-brand":[],"product_brand":[],"product_cat":[3028,1914,1832,2997,3018,1901,1902,1844,1833,2999,2996,3004],"product_tag":[],"class_list":{"0":"post-388165","1":"product","2":"type-product","3":"status-publish","4":"has-post-thumbnail","6":"product_cat-cacau-e-chocolates-2","7":"product_cat-chocolate","8":"product_cat-diestas-especiales","9":"product_cat-halal","10":"product_cat-ingredientes-de-pastelaria-2","11":"product_cat-dieta-halal","12":"product_cat-dieta-kosher","13":"product_cat-ingredientes-reposteria","14":"product_cat-dieta-sin-gluten","15":"product_cat-kosher-2","16":"product_cat-produtos-vegetarianos","17":"product_cat-sem-gluten-2","19":"first","20":"instock","21":"taxable","22":"shipping-taxable","23":"purchasable","24":"product-type-simple"},"acf":[],"df_price":82.85,"df_sale_price":"","df_regular_price":82.85,"df_image_link":"https:\/\/glotomania.com\/wp-content\/uploads\/2025\/11\/img_15604_4f7b4e78438f10206de16d0e48d5c200_1-13-300x300.jpg","brands":[],"_links":{"self":[{"href":"https:\/\/glotomania.com\/pt-pt\/wp-json\/wp\/v2\/product\/388165","targetHints":{"allow":["GET"]}}],"collection":[{"href":"https:\/\/glotomania.com\/pt-pt\/wp-json\/wp\/v2\/product"}],"about":[{"href":"https:\/\/glotomania.com\/pt-pt\/wp-json\/wp\/v2\/types\/product"}],"replies":[{"embeddable":true,"href":"https:\/\/glotomania.com\/pt-pt\/wp-json\/wp\/v2\/comments?post=388165"}],"wp:featuredmedia":[{"embeddable":true,"href":"https:\/\/glotomania.com\/pt-pt\/wp-json\/wp\/v2\/media\/349455"}],"wp:attachment":[{"href":"https:\/\/glotomania.com\/pt-pt\/wp-json\/wp\/v2\/media?parent=388165"}],"wp:term":[{"taxonomy":"pwb-brand","embeddable":true,"href":"https:\/\/glotomania.com\/pt-pt\/wp-json\/wp\/v2\/pwb-brand?post=388165"},{"taxonomy":"product_brand","embeddable":true,"href":"https:\/\/glotomania.com\/pt-pt\/wp-json\/wp\/v2\/product_brand?post=388165"},{"taxonomy":"product_cat","embeddable":true,"href":"https:\/\/glotomania.com\/pt-pt\/wp-json\/wp\/v2\/product_cat?post=388165"},{"taxonomy":"product_tag","embeddable":true,"href":"https:\/\/glotomania.com\/pt-pt\/wp-json\/wp\/v2\/product_tag?post=388165"}],"curies":[{"name":"wp","href":"https:\/\/api.w.org\/{rel}","templated":true}]}}