{"id":388168,"date":"2025-09-02T10:31:31","date_gmt":"2025-09-02T10:31:31","guid":{"rendered":"https:\/\/glotomania.com\/p\/set-capsulas-cupcake-wilton-celebracion-2\/"},"modified":"2026-04-12T05:06:10","modified_gmt":"2026-04-12T05:06:10","slug":"set-capsulas-cupcake-wilton-celebracion-2","status":"publish","type":"product","link":"https:\/\/glotomania.com\/pt-pt\/p\/set-capsulas-cupcake-wilton-celebracion-2\/","title":{"rendered":"Set De C\u00c1psulas De Cupcake Wilton &#8211; Celebra\u00c7\u00c3o"},"content":{"rendered":"<p>\n<span style=\"font-size:14px\">Moldes feitos de papel de qualidade alimentar. Cofre do forno.<\/span><\/p>\n<p><span style=\"font-size:14px\"><strong>Tamanhos:<\/strong> &Oslash; 5 cm.<\/span><\/p>\n","protected":false},"excerpt":{"rendered":"<p>Set de 150 copos de papel Wilton para cozer. Inclui 6 padr\u00f5es diferentes, perfeitos para os nossos cupcakes!<\/p>\n","protected":false},"featured_media":346806,"comment_status":"open","ping_status":"closed","template":"","meta":{"_acf_changed":false,"_joinchat":[]},"pwb-brand":[],"product_brand":[],"product_cat":[3191,3193,2907,3087,2009,2010,1849,1767],"product_tag":[],"class_list":{"0":"post-388168","1":"product","2":"type-product","3":"status-publish","4":"has-post-thumbnail","6":"product_cat-capacillos-de-papel-2","7":"product_cat-capsulas-para-cupcakes-2","8":"product_cat-festas","9":"product_cat-ordem-e-armazenamento","10":"product_cat-capsulas","11":"product_cat-capsulas-cupcakes","12":"product_cat-fiestas","13":"product_cat-utensilios","15":"first","16":"instock","17":"taxable","18":"shipping-taxable","19":"purchasable","20":"product-type-simple"},"acf":[],"df_price":7.73,"df_sale_price":5.41,"df_regular_price":7.73,"df_image_link":"https:\/\/e622tfk5wxd.exactdn.com\/wp-content\/uploads\/2025\/11\/img_15626_c813f14f4cd5a6b5bbbdba6661cc5aeb_1-18-300x300.jpg?strip=all","brands":[],"_links":{"self":[{"href":"https:\/\/glotomania.com\/pt-pt\/wp-json\/wp\/v2\/product\/388168","targetHints":{"allow":["GET"]}}],"collection":[{"href":"https:\/\/glotomania.com\/pt-pt\/wp-json\/wp\/v2\/product"}],"about":[{"href":"https:\/\/glotomania.com\/pt-pt\/wp-json\/wp\/v2\/types\/product"}],"replies":[{"embeddable":true,"href":"https:\/\/glotomania.com\/pt-pt\/wp-json\/wp\/v2\/comments?post=388168"}],"wp:featuredmedia":[{"embeddable":true,"href":"https:\/\/glotomania.com\/pt-pt\/wp-json\/wp\/v2\/media\/346806"}],"wp:attachment":[{"href":"https:\/\/glotomania.com\/pt-pt\/wp-json\/wp\/v2\/media?parent=388168"}],"wp:term":[{"taxonomy":"pwb-brand","embeddable":true,"href":"https:\/\/glotomania.com\/pt-pt\/wp-json\/wp\/v2\/pwb-brand?post=388168"},{"taxonomy":"product_brand","embeddable":true,"href":"https:\/\/glotomania.com\/pt-pt\/wp-json\/wp\/v2\/product_brand?post=388168"},{"taxonomy":"product_cat","embeddable":true,"href":"https:\/\/glotomania.com\/pt-pt\/wp-json\/wp\/v2\/product_cat?post=388168"},{"taxonomy":"product_tag","embeddable":true,"href":"https:\/\/glotomania.com\/pt-pt\/wp-json\/wp\/v2\/product_tag?post=388168"}],"curies":[{"name":"wp","href":"https:\/\/api.w.org\/{rel}","templated":true}]}}