{"id":388187,"date":"2025-09-02T10:31:44","date_gmt":"2025-09-02T10:31:44","guid":{"rendered":"https:\/\/glotomania.com\/p\/set-cortadores-wilton-corazones-2\/"},"modified":"2026-03-10T16:01:47","modified_gmt":"2026-03-10T16:01:47","slug":"set-cortadores-wilton-corazones-2","status":"publish","type":"product","link":"https:\/\/glotomania.com\/pt-pt\/p\/set-cortadores-wilton-corazones-2\/","title":{"rendered":"Conjunto De Cortadores Wilton &#8211; Cora\u00c7\u00d5es"},"content":{"rendered":"<p>&nbsp;<\/p>\n<p><span style=\"font-size:14px\">Fabricado em pl&aacute;stico de alta qualidade, adequado para uso alimentar.<\/span><\/p>\n<p><span style=\"font-size:14px\"><strong>Dimens&otilde;es aproximadas:<\/strong> <\/span><span style=\"font-size: 14px\">&Oslash; 3,2 &#8211; 5 &#8211; 6,5 &#8211; 8 &#8211; 9,5 &#8211; 11,5 cm.<\/span><\/p>\n","protected":false},"excerpt":{"rendered":"<p>Inclui 6 cortadores rosas Wilton em forma de cora\u00e7\u00e3o, perfeitos para as nossas decora\u00e7\u00f5es do Dia dos Namorados.<\/p>\n","protected":false},"featured_media":349497,"comment_status":"open","ping_status":"closed","template":"","meta":{"_acf_changed":false},"pwb-brand":[],"product_brand":[],"product_cat":[3199,2907,3087,2924,1852,1788,1849,1767],"product_tag":[],"class_list":{"0":"post-388187","1":"product","2":"type-product","3":"status-publish","4":"has-post-thumbnail","6":"product_cat-cortadores-de-metal","7":"product_cat-festas","8":"product_cat-ordem-e-armazenamento","9":"product_cat-sao-valentim-2","10":"product_cat-san-valentin","11":"product_cat-cortadores-de-cobre","12":"product_cat-fiestas","13":"product_cat-utensilios","15":"first","16":"instock","17":"taxable","18":"shipping-taxable","19":"purchasable","20":"product-type-simple"},"acf":[],"df_price":4.57,"df_sale_price":"","df_regular_price":4.57,"df_image_link":"https:\/\/glotomania.com\/wp-content\/uploads\/2025\/11\/img_22363_5bff5114e06b9db81359e680460b9194_1-14-300x300.jpg","brands":[],"_links":{"self":[{"href":"https:\/\/glotomania.com\/pt-pt\/wp-json\/wp\/v2\/product\/388187","targetHints":{"allow":["GET"]}}],"collection":[{"href":"https:\/\/glotomania.com\/pt-pt\/wp-json\/wp\/v2\/product"}],"about":[{"href":"https:\/\/glotomania.com\/pt-pt\/wp-json\/wp\/v2\/types\/product"}],"replies":[{"embeddable":true,"href":"https:\/\/glotomania.com\/pt-pt\/wp-json\/wp\/v2\/comments?post=388187"}],"wp:featuredmedia":[{"embeddable":true,"href":"https:\/\/glotomania.com\/pt-pt\/wp-json\/wp\/v2\/media\/349497"}],"wp:attachment":[{"href":"https:\/\/glotomania.com\/pt-pt\/wp-json\/wp\/v2\/media?parent=388187"}],"wp:term":[{"taxonomy":"pwb-brand","embeddable":true,"href":"https:\/\/glotomania.com\/pt-pt\/wp-json\/wp\/v2\/pwb-brand?post=388187"},{"taxonomy":"product_brand","embeddable":true,"href":"https:\/\/glotomania.com\/pt-pt\/wp-json\/wp\/v2\/product_brand?post=388187"},{"taxonomy":"product_cat","embeddable":true,"href":"https:\/\/glotomania.com\/pt-pt\/wp-json\/wp\/v2\/product_cat?post=388187"},{"taxonomy":"product_tag","embeddable":true,"href":"https:\/\/glotomania.com\/pt-pt\/wp-json\/wp\/v2\/product_tag?post=388187"}],"curies":[{"name":"wp","href":"https:\/\/api.w.org\/{rel}","templated":true}]}}