{"id":388190,"date":"2025-09-02T10:31:46","date_gmt":"2025-09-02T10:31:46","guid":{"rendered":"https:\/\/glotomania.com\/p\/boquilla-103-wilton-petalo-2\/"},"modified":"2026-04-21T10:57:29","modified_gmt":"2026-04-21T10:57:29","slug":"boquilla-103-wilton-petalo-2","status":"publish","type":"product","link":"https:\/\/glotomania.com\/pt-pt\/p\/boquilla-103-wilton-petalo-2\/","title":{"rendered":"Bico #103 Wilton &#8211; P\u00c9talas"},"content":{"rendered":"<p>\n<span style=\"font-size:14px\"><strong>Dimens&otilde;es aproximadas: <\/strong>abertura de 1 cm.<\/span><\/p>\n<p><span style=\"font-size:14px\">Lavagem da lou&ccedil;a em seguran&ccedil;a.<\/span><\/p>\n<p><em><span style=\"font-size:14px\">Para ser utilizado em combina&ccedil;&atilde;o com um adaptador de tamanho padr&atilde;o.<\/span><\/em><\/p>\n","protected":false},"excerpt":{"rendered":"<p>Bico de metal Wilton para a elabora\u00e7\u00e3o de p\u00e9talas, arcos, cortinas,&#8230;<\/p>\n","protected":false},"featured_media":346852,"comment_status":"open","ping_status":"closed","template":"","meta":{"_acf_changed":false},"pwb-brand":[],"product_brand":[],"product_cat":[3087,3157,1770,1767],"product_tag":[],"class_list":{"0":"post-388190","1":"product","2":"type-product","3":"status-publish","4":"has-post-thumbnail","6":"product_cat-ordem-e-armazenamento","7":"product_cat-sets-de-bicos","8":"product_cat-boquilas","9":"product_cat-utensilios","11":"first","12":"instock","13":"taxable","14":"shipping-taxable","15":"purchasable","16":"product-type-simple"},"acf":[],"df_price":1.5,"df_sale_price":"","df_regular_price":1.5,"df_image_link":"https:\/\/glotomania.com\/wp-content\/uploads\/2025\/11\/img_15707_dc02c328be94a183d1f04325df947590_1-16-300x300.jpg","brands":[],"_links":{"self":[{"href":"https:\/\/glotomania.com\/pt-pt\/wp-json\/wp\/v2\/product\/388190","targetHints":{"allow":["GET"]}}],"collection":[{"href":"https:\/\/glotomania.com\/pt-pt\/wp-json\/wp\/v2\/product"}],"about":[{"href":"https:\/\/glotomania.com\/pt-pt\/wp-json\/wp\/v2\/types\/product"}],"replies":[{"embeddable":true,"href":"https:\/\/glotomania.com\/pt-pt\/wp-json\/wp\/v2\/comments?post=388190"}],"wp:featuredmedia":[{"embeddable":true,"href":"https:\/\/glotomania.com\/pt-pt\/wp-json\/wp\/v2\/media\/346852"}],"wp:attachment":[{"href":"https:\/\/glotomania.com\/pt-pt\/wp-json\/wp\/v2\/media?parent=388190"}],"wp:term":[{"taxonomy":"pwb-brand","embeddable":true,"href":"https:\/\/glotomania.com\/pt-pt\/wp-json\/wp\/v2\/pwb-brand?post=388190"},{"taxonomy":"product_brand","embeddable":true,"href":"https:\/\/glotomania.com\/pt-pt\/wp-json\/wp\/v2\/product_brand?post=388190"},{"taxonomy":"product_cat","embeddable":true,"href":"https:\/\/glotomania.com\/pt-pt\/wp-json\/wp\/v2\/product_cat?post=388190"},{"taxonomy":"product_tag","embeddable":true,"href":"https:\/\/glotomania.com\/pt-pt\/wp-json\/wp\/v2\/product_tag?post=388190"}],"curies":[{"name":"wp","href":"https:\/\/api.w.org\/{rel}","templated":true}]}}