{"id":388193,"date":"2025-09-02T10:31:48","date_gmt":"2025-09-02T10:31:48","guid":{"rendered":"https:\/\/glotomania.com\/p\/boquilla-2d-wilton-flor-de-gota-2\/"},"modified":"2026-04-14T00:14:52","modified_gmt":"2026-04-14T00:14:52","slug":"boquilla-2d-wilton-flor-de-gota-2","status":"publish","type":"product","link":"https:\/\/glotomania.com\/pt-pt\/p\/boquilla-2d-wilton-flor-de-gota-2\/","title":{"rendered":"Bico #2d Wilton &#8211; Flor De Gota"},"content":{"rendered":"<p>&nbsp;<\/p>\n<p><span style=\"font-size: 14px\">Lavagem da lou&ccedil;a em seguran&ccedil;a.<\/span><\/p>\n<p><em><span style=\"font-size: 14px\">Para ser utilizado em combina&ccedil;&atilde;o com um adaptador de tamanho padr&atilde;o.<\/span><\/em><\/p>\n","protected":false},"excerpt":{"rendered":"<p>Bico de metal Wilton para a realiza\u00e7\u00e3o de t\u00e9cnicas de flora\u00e7\u00e3o.<\/p>\n","protected":false},"featured_media":349505,"comment_status":"open","ping_status":"closed","template":"","meta":{"_acf_changed":false},"pwb-brand":[],"product_brand":[],"product_cat":[3087,3157,1770,1767],"product_tag":[],"class_list":{"0":"post-388193","1":"product","2":"type-product","3":"status-publish","4":"has-post-thumbnail","6":"product_cat-ordem-e-armazenamento","7":"product_cat-sets-de-bicos","8":"product_cat-boquilas","9":"product_cat-utensilios","11":"first","12":"instock","13":"taxable","14":"shipping-taxable","15":"purchasable","16":"product-type-simple"},"acf":[],"df_price":2.58,"df_sale_price":"","df_regular_price":2.58,"df_image_link":"https:\/\/glotomania.com\/wp-content\/uploads\/2025\/11\/img_15713_985a1aa606f91bd7be7f64a6d9c3d93a_1-18-300x300.jpg","brands":[],"_links":{"self":[{"href":"https:\/\/glotomania.com\/pt-pt\/wp-json\/wp\/v2\/product\/388193","targetHints":{"allow":["GET"]}}],"collection":[{"href":"https:\/\/glotomania.com\/pt-pt\/wp-json\/wp\/v2\/product"}],"about":[{"href":"https:\/\/glotomania.com\/pt-pt\/wp-json\/wp\/v2\/types\/product"}],"replies":[{"embeddable":true,"href":"https:\/\/glotomania.com\/pt-pt\/wp-json\/wp\/v2\/comments?post=388193"}],"wp:featuredmedia":[{"embeddable":true,"href":"https:\/\/glotomania.com\/pt-pt\/wp-json\/wp\/v2\/media\/349505"}],"wp:attachment":[{"href":"https:\/\/glotomania.com\/pt-pt\/wp-json\/wp\/v2\/media?parent=388193"}],"wp:term":[{"taxonomy":"pwb-brand","embeddable":true,"href":"https:\/\/glotomania.com\/pt-pt\/wp-json\/wp\/v2\/pwb-brand?post=388193"},{"taxonomy":"product_brand","embeddable":true,"href":"https:\/\/glotomania.com\/pt-pt\/wp-json\/wp\/v2\/product_brand?post=388193"},{"taxonomy":"product_cat","embeddable":true,"href":"https:\/\/glotomania.com\/pt-pt\/wp-json\/wp\/v2\/product_cat?post=388193"},{"taxonomy":"product_tag","embeddable":true,"href":"https:\/\/glotomania.com\/pt-pt\/wp-json\/wp\/v2\/product_tag?post=388193"}],"curies":[{"name":"wp","href":"https:\/\/api.w.org\/{rel}","templated":true}]}}