{"id":388197,"date":"2025-09-02T10:31:50","date_gmt":"2025-09-02T10:31:50","guid":{"rendered":"https:\/\/glotomania.com\/p\/set-boquillas-wilton-47-y-233-2\/"},"modified":"2026-03-10T16:02:34","modified_gmt":"2026-03-10T16:02:34","slug":"set-boquillas-wilton-47-y-233-2","status":"publish","type":"product","link":"https:\/\/glotomania.com\/pt-pt\/p\/set-boquillas-wilton-47-y-233-2\/","title":{"rendered":"Set De Bicos Wilton &#8211; #47 E #233"},"content":{"rendered":"<p>\n<span style=\"font-size:14px\">O conjunto inclui:<\/span><\/p>\n<ul>\n<li><span style=\"font-size:14px\"><strong>Cestaria #47<\/strong>: bocal de metal para a confec&ccedil;&atilde;o de linhas lisas e caneladas (um lado tem uma borda lisa, o outro uma borda serrilhada).<\/span><\/li>\n<li><span style=\"font-size:14px\"><strong>V&aacute;rias aberturas #233<\/strong>: bocal de metal para fazer p&eacute;rolas, treli&ccedil;as, estrelas, cabelo, relva,&#8230;<\/span><\/li>\n<\/ul>\n<p><em><span style=\"font-size:14px\">Todos os bocais podem ser montados em adaptadores padr&atilde;o e sacos de tubagem.<\/span><\/em><\/p>\n","protected":false},"excerpt":{"rendered":"<p>Conjunto de bico Wilton perfeito para decora\u00e7\u00f5es, inclui tecelagem de cestos (47) e v\u00e1rias aberturas (233).<\/p>\n","protected":false},"featured_media":343463,"comment_status":"open","ping_status":"closed","template":"","meta":{"_acf_changed":false},"pwb-brand":[],"product_brand":[],"product_cat":[1770,3087,3157,1767],"product_tag":[],"class_list":{"0":"post-388197","1":"product","2":"type-product","3":"status-publish","4":"has-post-thumbnail","6":"product_cat-boquilas","7":"product_cat-ordem-e-armazenamento","8":"product_cat-sets-de-bicos","9":"product_cat-utensilios","11":"first","12":"instock","13":"taxable","14":"shipping-taxable","15":"purchasable","16":"product-type-simple"},"acf":[],"df_price":2.31,"df_sale_price":"","df_regular_price":2.31,"df_image_link":"https:\/\/glotomania.com\/wp-content\/uploads\/2025\/11\/img_15812_f550396fd83b119b448705bfd5f8068f_1-11-300x300.jpg","brands":[],"_links":{"self":[{"href":"https:\/\/glotomania.com\/pt-pt\/wp-json\/wp\/v2\/product\/388197","targetHints":{"allow":["GET"]}}],"collection":[{"href":"https:\/\/glotomania.com\/pt-pt\/wp-json\/wp\/v2\/product"}],"about":[{"href":"https:\/\/glotomania.com\/pt-pt\/wp-json\/wp\/v2\/types\/product"}],"replies":[{"embeddable":true,"href":"https:\/\/glotomania.com\/pt-pt\/wp-json\/wp\/v2\/comments?post=388197"}],"wp:featuredmedia":[{"embeddable":true,"href":"https:\/\/glotomania.com\/pt-pt\/wp-json\/wp\/v2\/media\/343463"}],"wp:attachment":[{"href":"https:\/\/glotomania.com\/pt-pt\/wp-json\/wp\/v2\/media?parent=388197"}],"wp:term":[{"taxonomy":"pwb-brand","embeddable":true,"href":"https:\/\/glotomania.com\/pt-pt\/wp-json\/wp\/v2\/pwb-brand?post=388197"},{"taxonomy":"product_brand","embeddable":true,"href":"https:\/\/glotomania.com\/pt-pt\/wp-json\/wp\/v2\/product_brand?post=388197"},{"taxonomy":"product_cat","embeddable":true,"href":"https:\/\/glotomania.com\/pt-pt\/wp-json\/wp\/v2\/product_cat?post=388197"},{"taxonomy":"product_tag","embeddable":true,"href":"https:\/\/glotomania.com\/pt-pt\/wp-json\/wp\/v2\/product_tag?post=388197"}],"curies":[{"name":"wp","href":"https:\/\/api.w.org\/{rel}","templated":true}]}}