{"id":388217,"date":"2025-09-02T10:32:06","date_gmt":"2025-09-02T10:32:06","guid":{"rendered":"https:\/\/glotomania.com\/p\/set-decoracion-de-galletas-wilton-pecera-2\/"},"modified":"2026-03-10T16:03:27","modified_gmt":"2026-03-10T16:03:27","slug":"set-decoracion-de-galletas-wilton-pecera-2","status":"publish","type":"product","link":"https:\/\/glotomania.com\/pt-pt\/p\/set-decoracion-de-galletas-wilton-pecera-2\/","title":{"rendered":"Conjunto De Decora\u00c7\u00c3o De Biscoitos Wilton &#8211; Aqu\u00c1rio"},"content":{"rendered":"<p>\n<span style=\"font-size:14px\">Este conjunto cont&eacute;m os seguintes cortadores: <strong>caranguejo<\/strong>, <strong>aqu&aacute;rio<\/strong>, <strong>baleia<\/strong>, <strong>cauda de sereia<\/strong>.<\/span><\/p>\n<p><span style=\"font-size:14px\"><strong>Medidas<\/strong>: 3,5 &#8211; 8,5 cm.<\/span><\/p>\n","protected":false},"excerpt":{"rendered":"<p>Inclui 4 cortadores, 4 sacos de tubagem e 4 bicos Wilton. Tudo o que precisa para criar o seu pr\u00f3prio aqu\u00e1rio doce.<\/p>\n","protected":false},"featured_media":349496,"comment_status":"open","ping_status":"closed","template":"","meta":{"_acf_changed":false},"pwb-brand":[],"product_brand":[],"product_cat":[3199,2907,3087,3231,1788,1849,1994,1767],"product_tag":[],"class_list":{"0":"post-388217","1":"product","2":"type-product","3":"status-publish","4":"has-post-thumbnail","6":"product_cat-cortadores-de-metal","7":"product_cat-festas","8":"product_cat-ordem-e-armazenamento","9":"product_cat-utensilios-para-bolachas","10":"product_cat-cortadores-de-cobre","11":"product_cat-fiestas","12":"product_cat-utensilios-galletas","13":"product_cat-utensilios","15":"first","16":"instock","17":"taxable","18":"shipping-taxable","19":"purchasable","20":"product-type-simple"},"acf":[],"df_price":9.61,"df_sale_price":"","df_regular_price":9.61,"df_image_link":"https:\/\/glotomania.com\/wp-content\/uploads\/2025\/11\/img_15876_93771a2ed580ef4810614325f6845832_1-14-300x300.jpg","brands":[],"_links":{"self":[{"href":"https:\/\/glotomania.com\/pt-pt\/wp-json\/wp\/v2\/product\/388217","targetHints":{"allow":["GET"]}}],"collection":[{"href":"https:\/\/glotomania.com\/pt-pt\/wp-json\/wp\/v2\/product"}],"about":[{"href":"https:\/\/glotomania.com\/pt-pt\/wp-json\/wp\/v2\/types\/product"}],"replies":[{"embeddable":true,"href":"https:\/\/glotomania.com\/pt-pt\/wp-json\/wp\/v2\/comments?post=388217"}],"wp:featuredmedia":[{"embeddable":true,"href":"https:\/\/glotomania.com\/pt-pt\/wp-json\/wp\/v2\/media\/349496"}],"wp:attachment":[{"href":"https:\/\/glotomania.com\/pt-pt\/wp-json\/wp\/v2\/media?parent=388217"}],"wp:term":[{"taxonomy":"pwb-brand","embeddable":true,"href":"https:\/\/glotomania.com\/pt-pt\/wp-json\/wp\/v2\/pwb-brand?post=388217"},{"taxonomy":"product_brand","embeddable":true,"href":"https:\/\/glotomania.com\/pt-pt\/wp-json\/wp\/v2\/product_brand?post=388217"},{"taxonomy":"product_cat","embeddable":true,"href":"https:\/\/glotomania.com\/pt-pt\/wp-json\/wp\/v2\/product_cat?post=388217"},{"taxonomy":"product_tag","embeddable":true,"href":"https:\/\/glotomania.com\/pt-pt\/wp-json\/wp\/v2\/product_tag?post=388217"}],"curies":[{"name":"wp","href":"https:\/\/api.w.org\/{rel}","templated":true}]}}