{"id":388218,"date":"2025-09-02T10:32:06","date_gmt":"2025-09-02T10:32:06","guid":{"rendered":"https:\/\/glotomania.com\/p\/set-decoracion-de-galletas-wilton-unicornio-2\/"},"modified":"2026-03-10T16:03:29","modified_gmt":"2026-03-10T16:03:29","slug":"set-decoracion-de-galletas-wilton-unicornio-2","status":"publish","type":"product","link":"https:\/\/glotomania.com\/pt-pt\/p\/set-decoracion-de-galletas-wilton-unicornio-2\/","title":{"rendered":"Conjunto De Decora\u00c7\u00c3o De Biscoitos Wilton &#8211; Unic\u00d3rnio"},"content":{"rendered":"<p>\n<span style=\"font-size:14px\">Este conjunto cont&eacute;m os seguintes cortadores: <strong>estrela cadente, unic&oacute;rnio, cora&ccedil;&atilde;o, arco-&iacute;ris com nuvem.<\/strong><\/span><\/p>\n<p><span style=\"font-size:14px\"><strong>Medidas<\/strong>: 3,5 &#8211; 8,5 cm.<\/span><\/p>\n","protected":false},"excerpt":{"rendered":"<p>Inclui 4 cortadores, 4 sacos de tubagem e 4 bicos Wilton. Tudo o que precisa para os nossos biscoitos de unic\u00f3rnio.<\/p>\n","protected":false},"featured_media":346897,"comment_status":"open","ping_status":"closed","template":"","meta":{"_acf_changed":false},"pwb-brand":[],"product_brand":[],"product_cat":[3199,2907,3087,3231,1788,1849,1994,1767],"product_tag":[],"class_list":{"0":"post-388218","1":"product","2":"type-product","3":"status-publish","4":"has-post-thumbnail","6":"product_cat-cortadores-de-metal","7":"product_cat-festas","8":"product_cat-ordem-e-armazenamento","9":"product_cat-utensilios-para-bolachas","10":"product_cat-cortadores-de-cobre","11":"product_cat-fiestas","12":"product_cat-utensilios-galletas","13":"product_cat-utensilios","15":"first","16":"instock","17":"taxable","18":"shipping-taxable","19":"purchasable","20":"product-type-simple"},"acf":[],"df_price":9.61,"df_sale_price":"","df_regular_price":9.61,"df_image_link":"https:\/\/glotomania.com\/wp-content\/uploads\/2025\/11\/img_15878_f9ea7af97067f0f9bec29515b860d244_1-13-300x300.jpg","brands":[],"_links":{"self":[{"href":"https:\/\/glotomania.com\/pt-pt\/wp-json\/wp\/v2\/product\/388218","targetHints":{"allow":["GET"]}}],"collection":[{"href":"https:\/\/glotomania.com\/pt-pt\/wp-json\/wp\/v2\/product"}],"about":[{"href":"https:\/\/glotomania.com\/pt-pt\/wp-json\/wp\/v2\/types\/product"}],"replies":[{"embeddable":true,"href":"https:\/\/glotomania.com\/pt-pt\/wp-json\/wp\/v2\/comments?post=388218"}],"wp:featuredmedia":[{"embeddable":true,"href":"https:\/\/glotomania.com\/pt-pt\/wp-json\/wp\/v2\/media\/346897"}],"wp:attachment":[{"href":"https:\/\/glotomania.com\/pt-pt\/wp-json\/wp\/v2\/media?parent=388218"}],"wp:term":[{"taxonomy":"pwb-brand","embeddable":true,"href":"https:\/\/glotomania.com\/pt-pt\/wp-json\/wp\/v2\/pwb-brand?post=388218"},{"taxonomy":"product_brand","embeddable":true,"href":"https:\/\/glotomania.com\/pt-pt\/wp-json\/wp\/v2\/product_brand?post=388218"},{"taxonomy":"product_cat","embeddable":true,"href":"https:\/\/glotomania.com\/pt-pt\/wp-json\/wp\/v2\/product_cat?post=388218"},{"taxonomy":"product_tag","embeddable":true,"href":"https:\/\/glotomania.com\/pt-pt\/wp-json\/wp\/v2\/product_tag?post=388218"}],"curies":[{"name":"wp","href":"https:\/\/api.w.org\/{rel}","templated":true}]}}