{"id":388221,"date":"2025-09-02T10:32:08","date_gmt":"2025-09-02T10:32:08","guid":{"rendered":"https:\/\/glotomania.com\/p\/mangas-pasteleras-desechables-wilton-30-cm-12-u-2\/"},"modified":"2026-04-21T11:24:21","modified_gmt":"2026-04-21T11:24:21","slug":"mangas-pasteleras-desechables-wilton-30-cm-12-u-2","status":"publish","type":"product","link":"https:\/\/glotomania.com\/pt-pt\/p\/mangas-pasteleras-desechables-wilton-30-cm-12-u-2\/","title":{"rendered":"Sacos De Pasteleiro Descart\u00c1veis Wilton &#8211; 30 Cm (12 U)"},"content":{"rendered":"<p>&nbsp;<\/p>\n<p><span style=\"font-size:14px\">Feito de pl&aacute;stico forte e flex&iacute;vel, suficientemente forte para trabalhar com gelo real e creme de manteiga.<\/span><\/p>\n<p><span style=\"font-size:14px\"><strong>Medidas<\/strong>: 30,4 cm.<\/span><\/p>\n","protected":false},"excerpt":{"rendered":"<p>Conjunto de 12 sacos pasteleiros descart\u00e1veis Wilton, feitos de pl\u00e1stico forte e flex\u00edvel.<\/p>\n","protected":false},"featured_media":349553,"comment_status":"open","ping_status":"closed","template":"","meta":{"_acf_changed":false},"pwb-brand":[],"product_brand":[],"product_cat":[3106,1820,1883,3087,3126,1767],"product_tag":[],"class_list":{"0":"post-388221","1":"product","2":"type-product","3":"status-publish","4":"has-post-thumbnail","6":"product_cat-basicos-de-pastelaria","7":"product_cat-basicos","8":"product_cat-mangas-pasteleras","9":"product_cat-ordem-e-armazenamento","10":"product_cat-sacos-de-pasteleiro-e-acessorios-2","11":"product_cat-utensilios","13":"first","14":"instock","15":"taxable","16":"shipping-taxable","17":"purchasable","18":"product-type-simple"},"acf":[],"df_price":5.92,"df_sale_price":"","df_regular_price":5.92,"df_image_link":"https:\/\/glotomania.com\/wp-content\/uploads\/2025\/11\/img_15890_464f4e099e382ed0a4809b8e52ffdeba_1-10-300x300.jpg","brands":[],"_links":{"self":[{"href":"https:\/\/glotomania.com\/pt-pt\/wp-json\/wp\/v2\/product\/388221","targetHints":{"allow":["GET"]}}],"collection":[{"href":"https:\/\/glotomania.com\/pt-pt\/wp-json\/wp\/v2\/product"}],"about":[{"href":"https:\/\/glotomania.com\/pt-pt\/wp-json\/wp\/v2\/types\/product"}],"replies":[{"embeddable":true,"href":"https:\/\/glotomania.com\/pt-pt\/wp-json\/wp\/v2\/comments?post=388221"}],"wp:featuredmedia":[{"embeddable":true,"href":"https:\/\/glotomania.com\/pt-pt\/wp-json\/wp\/v2\/media\/349553"}],"wp:attachment":[{"href":"https:\/\/glotomania.com\/pt-pt\/wp-json\/wp\/v2\/media?parent=388221"}],"wp:term":[{"taxonomy":"pwb-brand","embeddable":true,"href":"https:\/\/glotomania.com\/pt-pt\/wp-json\/wp\/v2\/pwb-brand?post=388221"},{"taxonomy":"product_brand","embeddable":true,"href":"https:\/\/glotomania.com\/pt-pt\/wp-json\/wp\/v2\/product_brand?post=388221"},{"taxonomy":"product_cat","embeddable":true,"href":"https:\/\/glotomania.com\/pt-pt\/wp-json\/wp\/v2\/product_cat?post=388221"},{"taxonomy":"product_tag","embeddable":true,"href":"https:\/\/glotomania.com\/pt-pt\/wp-json\/wp\/v2\/product_tag?post=388221"}],"curies":[{"name":"wp","href":"https:\/\/api.w.org\/{rel}","templated":true}]}}