{"id":388228,"date":"2025-09-02T10:32:13","date_gmt":"2025-09-02T10:32:13","guid":{"rendered":"https:\/\/glotomania.com\/p\/gofrera-corazones-bestron-2\/"},"modified":"2026-03-10T16:03:50","modified_gmt":"2026-03-10T16:03:50","slug":"gofrera-corazones-bestron-2","status":"publish","type":"product","link":"https:\/\/glotomania.com\/pt-pt\/p\/gofrera-corazones-bestron-2\/","title":{"rendered":"M\u00c1quina De Goffres Bestron"},"content":{"rendered":"<p>&nbsp;<\/p>\n<ul>\n<li>Este ferro de waffle tem uma caixa resistente ao calor, controlo autom&aacute;tico da temperatura e um revestimento antiaderente.<\/li>\n<li><span style=\"font-size:14px\">Tem tamb&eacute;m uma luz indicadora de pot&ecirc;ncia e uma luz verde para o informar de que est&aacute; pronto a ser utilizado.<\/span><\/li>\n<li><span style=\"font-size:14px\">Pode ser armazenado verticalmente e tem um pr&aacute;tico armazenamento de cordas.<\/span><\/li>\n<\/ul>\n<p><span style=\"font-size:14px\"><strong>Pot&ecirc;ncia<\/strong>: 700 W &#8211; <strong>Cor<\/strong>: rosa.<\/span><\/p>\n<p><span style=\"font-size:14px\"><strong>Dimens&otilde;es aproximadas:<\/strong> 25,5 x 25 x 25 x 9,5 cm.<\/span><\/p>\n<p>&nbsp;<\/p>\n","protected":false},"excerpt":{"rendered":"<p>Criar 5 deliciosos waffles em forma de cora\u00e7\u00e3o com o Bestron Waffle Maker. Utilize a sua pr\u00f3pria receita ou uma das receitas inclu\u00eddas no manual.<\/p>\n","protected":false},"featured_media":346882,"comment_status":"open","ping_status":"closed","template":"","meta":{"_acf_changed":false},"pwb-brand":[],"product_brand":[],"product_cat":[3087,1811,3226,1767],"product_tag":[],"class_list":{"0":"post-388228","1":"product","2":"type-product","3":"status-publish","4":"has-post-thumbnail","6":"product_cat-ordem-e-armazenamento","7":"product_cat-cocina","8":"product_cat-pequenos-eletrodomesticos","9":"product_cat-utensilios","11":"first","12":"instock","13":"taxable","14":"shipping-taxable","15":"purchasable","16":"product-type-simple"},"acf":[],"df_price":27.95,"df_sale_price":"","df_regular_price":27.95,"df_image_link":"https:\/\/glotomania.com\/wp-content\/uploads\/2025\/11\/img_17507_4423254b12754ae7386ccebbc970d713_1-14-300x300.jpg","brands":[],"_links":{"self":[{"href":"https:\/\/glotomania.com\/pt-pt\/wp-json\/wp\/v2\/product\/388228","targetHints":{"allow":["GET"]}}],"collection":[{"href":"https:\/\/glotomania.com\/pt-pt\/wp-json\/wp\/v2\/product"}],"about":[{"href":"https:\/\/glotomania.com\/pt-pt\/wp-json\/wp\/v2\/types\/product"}],"replies":[{"embeddable":true,"href":"https:\/\/glotomania.com\/pt-pt\/wp-json\/wp\/v2\/comments?post=388228"}],"wp:featuredmedia":[{"embeddable":true,"href":"https:\/\/glotomania.com\/pt-pt\/wp-json\/wp\/v2\/media\/346882"}],"wp:attachment":[{"href":"https:\/\/glotomania.com\/pt-pt\/wp-json\/wp\/v2\/media?parent=388228"}],"wp:term":[{"taxonomy":"pwb-brand","embeddable":true,"href":"https:\/\/glotomania.com\/pt-pt\/wp-json\/wp\/v2\/pwb-brand?post=388228"},{"taxonomy":"product_brand","embeddable":true,"href":"https:\/\/glotomania.com\/pt-pt\/wp-json\/wp\/v2\/product_brand?post=388228"},{"taxonomy":"product_cat","embeddable":true,"href":"https:\/\/glotomania.com\/pt-pt\/wp-json\/wp\/v2\/product_cat?post=388228"},{"taxonomy":"product_tag","embeddable":true,"href":"https:\/\/glotomania.com\/pt-pt\/wp-json\/wp\/v2\/product_tag?post=388228"}],"curies":[{"name":"wp","href":"https:\/\/api.w.org\/{rel}","templated":true}]}}