{"id":388232,"date":"2025-09-02T10:32:17","date_gmt":"2025-09-02T10:32:17","guid":{"rendered":"https:\/\/glotomania.com\/p\/callets-de-chocolate-con-leche-callebaut-25-kg-2\/"},"modified":"2026-04-28T06:41:20","modified_gmt":"2026-04-28T06:41:20","slug":"callets-de-chocolate-con-leche-callebaut-25-kg-2","status":"publish","type":"product","link":"https:\/\/glotomania.com\/pt-pt\/p\/callets-de-chocolate-con-leche-callebaut-25-kg-2\/","title":{"rendered":"Callets De Chocolate Ao Leite Callebaut 2,5 Kg"},"content":{"rendered":"<p>\n<span style=\"color:#000000\"><span style=\"font-size:14px\">Estes c&aacute;lices s&atilde;o concebidos para se misturarem e terem um sabor <strong>cremoso e equilibrado.&nbsp;<\/strong><\/span><\/span><\/p>\n<p><span style=\"color:#000000\"><span style=\"font-size:14px\">Perfeito para fazer chocolates ou figuras de chocolate. Mas tamb&eacute;m perfeito para decorar os seus bolos e bolachas.<\/span><\/span><\/p><\/p>\n","protected":false},"excerpt":{"rendered":"<p>Os c\u00e1lices de chocolate de leite cont\u00eam 33,6% de cacau e s\u00e3o feitos com o melhor chocolate belga.<\/p>\n","protected":false},"featured_media":349574,"comment_status":"open","ping_status":"closed","template":"","meta":{"_acf_changed":false},"pwb-brand":[],"product_brand":[],"product_cat":[3028,2997,3018,2999,2996,3004,1914,1832,1901,1902,1844,1833],"product_tag":[],"class_list":{"0":"post-388232","1":"product","2":"type-product","3":"status-publish","4":"has-post-thumbnail","6":"product_cat-cacau-e-chocolates-2","7":"product_cat-halal","8":"product_cat-ingredientes-de-pastelaria-2","9":"product_cat-kosher-2","10":"product_cat-produtos-vegetarianos","11":"product_cat-sem-gluten-2","12":"product_cat-chocolate","13":"product_cat-diestas-especiales","14":"product_cat-dieta-halal","15":"product_cat-dieta-kosher","16":"product_cat-ingredientes-reposteria","17":"product_cat-dieta-sin-gluten","19":"first","20":"instock","21":"taxable","22":"shipping-taxable","23":"purchasable","24":"product-type-simple"},"acf":[],"df_price":59.95,"df_sale_price":"","df_regular_price":59.95,"df_image_link":"https:\/\/glotomania.com\/wp-content\/uploads\/2025\/11\/img_15950_de65d40a23b939cab8fded2e16063090_1-21-300x300.jpg","brands":[],"_links":{"self":[{"href":"https:\/\/glotomania.com\/pt-pt\/wp-json\/wp\/v2\/product\/388232","targetHints":{"allow":["GET"]}}],"collection":[{"href":"https:\/\/glotomania.com\/pt-pt\/wp-json\/wp\/v2\/product"}],"about":[{"href":"https:\/\/glotomania.com\/pt-pt\/wp-json\/wp\/v2\/types\/product"}],"replies":[{"embeddable":true,"href":"https:\/\/glotomania.com\/pt-pt\/wp-json\/wp\/v2\/comments?post=388232"}],"wp:featuredmedia":[{"embeddable":true,"href":"https:\/\/glotomania.com\/pt-pt\/wp-json\/wp\/v2\/media\/349574"}],"wp:attachment":[{"href":"https:\/\/glotomania.com\/pt-pt\/wp-json\/wp\/v2\/media?parent=388232"}],"wp:term":[{"taxonomy":"pwb-brand","embeddable":true,"href":"https:\/\/glotomania.com\/pt-pt\/wp-json\/wp\/v2\/pwb-brand?post=388232"},{"taxonomy":"product_brand","embeddable":true,"href":"https:\/\/glotomania.com\/pt-pt\/wp-json\/wp\/v2\/product_brand?post=388232"},{"taxonomy":"product_cat","embeddable":true,"href":"https:\/\/glotomania.com\/pt-pt\/wp-json\/wp\/v2\/product_cat?post=388232"},{"taxonomy":"product_tag","embeddable":true,"href":"https:\/\/glotomania.com\/pt-pt\/wp-json\/wp\/v2\/product_tag?post=388232"}],"curies":[{"name":"wp","href":"https:\/\/api.w.org\/{rel}","templated":true}]}}