{"id":388235,"date":"2025-09-02T10:32:18","date_gmt":"2025-09-02T10:32:18","guid":{"rendered":"https:\/\/glotomania.com\/p\/capsulas-cupcake-house-of-marie-huellas-azules-2\/"},"modified":"2026-03-10T16:04:13","modified_gmt":"2026-03-10T16:04:13","slug":"capsulas-cupcake-house-of-marie-huellas-azules-2","status":"publish","type":"product","link":"https:\/\/glotomania.com\/pt-pt\/p\/capsulas-cupcake-house-of-marie-huellas-azules-2\/","title":{"rendered":"C\u00c1psulas Cupcake &#8220;house Of Marie&#8221; &#8211; Pegadas Azuis"},"content":{"rendered":"<p>Inclui 50 c\u00e1psulas House of Marie, com um desenho de c\u00e3o, perfeitas para cupcakes, muffins e muito mais.<\/p>\n","protected":false},"excerpt":{"rendered":"<p>Inclui 50 c\u00e1psulas House of Marie, com um desenho de c\u00e3o, perfeitas para cupcakes, muffins e muito mais.<\/p>\n","protected":false},"featured_media":346921,"comment_status":"open","ping_status":"closed","template":"","meta":{"_acf_changed":false,"_joinchat":[]},"pwb-brand":[],"product_brand":[],"product_cat":[3191,3193,2907,3087,2009,2010,1849,1767],"product_tag":[],"class_list":{"0":"post-388235","1":"product","2":"type-product","3":"status-publish","4":"has-post-thumbnail","6":"product_cat-capacillos-de-papel-2","7":"product_cat-capsulas-para-cupcakes-2","8":"product_cat-festas","9":"product_cat-ordem-e-armazenamento","10":"product_cat-capsulas","11":"product_cat-capsulas-cupcakes","12":"product_cat-fiestas","13":"product_cat-utensilios","15":"first","16":"instock","17":"taxable","18":"shipping-taxable","19":"purchasable","20":"product-type-simple"},"acf":[],"df_price":3.13,"df_sale_price":"","df_regular_price":3.13,"df_image_link":"https:\/\/e622tfk5wxd.exactdn.com\/wp-content\/uploads\/2025\/11\/img_15963_ad3f803372019fcd9b1958050c1864bc_1-13-300x300.jpg?strip=all","brands":[],"_links":{"self":[{"href":"https:\/\/glotomania.com\/pt-pt\/wp-json\/wp\/v2\/product\/388235","targetHints":{"allow":["GET"]}}],"collection":[{"href":"https:\/\/glotomania.com\/pt-pt\/wp-json\/wp\/v2\/product"}],"about":[{"href":"https:\/\/glotomania.com\/pt-pt\/wp-json\/wp\/v2\/types\/product"}],"replies":[{"embeddable":true,"href":"https:\/\/glotomania.com\/pt-pt\/wp-json\/wp\/v2\/comments?post=388235"}],"wp:featuredmedia":[{"embeddable":true,"href":"https:\/\/glotomania.com\/pt-pt\/wp-json\/wp\/v2\/media\/346921"}],"wp:attachment":[{"href":"https:\/\/glotomania.com\/pt-pt\/wp-json\/wp\/v2\/media?parent=388235"}],"wp:term":[{"taxonomy":"pwb-brand","embeddable":true,"href":"https:\/\/glotomania.com\/pt-pt\/wp-json\/wp\/v2\/pwb-brand?post=388235"},{"taxonomy":"product_brand","embeddable":true,"href":"https:\/\/glotomania.com\/pt-pt\/wp-json\/wp\/v2\/product_brand?post=388235"},{"taxonomy":"product_cat","embeddable":true,"href":"https:\/\/glotomania.com\/pt-pt\/wp-json\/wp\/v2\/product_cat?post=388235"},{"taxonomy":"product_tag","embeddable":true,"href":"https:\/\/glotomania.com\/pt-pt\/wp-json\/wp\/v2\/product_tag?post=388235"}],"curies":[{"name":"wp","href":"https:\/\/api.w.org\/{rel}","templated":true}]}}