{"id":388243,"date":"2025-09-02T10:32:22","date_gmt":"2025-09-02T10:32:22","guid":{"rendered":"https:\/\/glotomania.com\/p\/molde-de-aluminio-fundido-kaiser-bundt-geometric-25-cm-2\/"},"modified":"2026-03-10T16:04:33","modified_gmt":"2026-03-10T16:04:33","slug":"molde-de-aluminio-fundido-kaiser-bundt-geometric-25-cm-2","status":"publish","type":"product","link":"https:\/\/glotomania.com\/pt-pt\/p\/molde-de-aluminio-fundido-kaiser-bundt-geometric-25-cm-2\/","title":{"rendered":"Molde De Alum\u00cdnio Fundido Kaiser &#8211; &#8220;bundt Geometric&#8221; 25 Cm"},"content":{"rendered":"<p>&nbsp;<\/p>\n<p><span style=\"font-size:14px\">O molde &eacute; feito de alum&iacute;nio fundido com um revestimento antiaderente. A qualidade extra-forte significa que este molde pode ser utilizado in&uacute;meras vezes.<\/span><\/p>\n<p><span style=\"font-size:14px\">Resiste a altas temperaturas de forno at&eacute; 230&ordm;C.<\/span><\/p>\n<p><span style=\"font-size:14px\">F&aacute;cil de limpar, n&atilde;o &eacute; seguro para a m&aacute;quina de lavar lou&ccedil;a.<\/span><\/p>\n<p><span style=\"font-size:14px\"><strong>Medidas<\/strong>: 25 cm.&nbsp;<\/span><\/p>\n","protected":false},"excerpt":{"rendered":"<p>Molde de alum\u00ednio fundido com revestimento cer\u00e2mico antiaderente, concebido para \u00f3ptimos resultados.<\/p>\n","protected":false},"featured_media":349535,"comment_status":"open","ping_status":"closed","template":"","meta":{"_acf_changed":false},"pwb-brand":[],"product_brand":[],"product_cat":[3217,1802,3214,1801,3087,1767],"product_tag":[],"class_list":{"0":"post-388243","1":"product","2":"type-product","3":"status-publish","4":"has-post-thumbnail","6":"product_cat-moldes-de-formas-especiais","7":"product_cat-moldes-metal","8":"product_cat-moldes-de-pastelaria","9":"product_cat-moldes","10":"product_cat-ordem-e-armazenamento","11":"product_cat-utensilios","13":"first","14":"instock","15":"taxable","16":"shipping-taxable","17":"purchasable","18":"product-type-simple"},"acf":[],"df_price":38.5,"df_sale_price":"","df_regular_price":38.5,"df_image_link":"https:\/\/glotomania.com\/wp-content\/uploads\/2025\/11\/img_15987_8a496222972bdc69673ad29ab6e1badd_1-19-300x300.jpg","brands":[],"_links":{"self":[{"href":"https:\/\/glotomania.com\/pt-pt\/wp-json\/wp\/v2\/product\/388243","targetHints":{"allow":["GET"]}}],"collection":[{"href":"https:\/\/glotomania.com\/pt-pt\/wp-json\/wp\/v2\/product"}],"about":[{"href":"https:\/\/glotomania.com\/pt-pt\/wp-json\/wp\/v2\/types\/product"}],"replies":[{"embeddable":true,"href":"https:\/\/glotomania.com\/pt-pt\/wp-json\/wp\/v2\/comments?post=388243"}],"wp:featuredmedia":[{"embeddable":true,"href":"https:\/\/glotomania.com\/pt-pt\/wp-json\/wp\/v2\/media\/349535"}],"wp:attachment":[{"href":"https:\/\/glotomania.com\/pt-pt\/wp-json\/wp\/v2\/media?parent=388243"}],"wp:term":[{"taxonomy":"pwb-brand","embeddable":true,"href":"https:\/\/glotomania.com\/pt-pt\/wp-json\/wp\/v2\/pwb-brand?post=388243"},{"taxonomy":"product_brand","embeddable":true,"href":"https:\/\/glotomania.com\/pt-pt\/wp-json\/wp\/v2\/product_brand?post=388243"},{"taxonomy":"product_cat","embeddable":true,"href":"https:\/\/glotomania.com\/pt-pt\/wp-json\/wp\/v2\/product_cat?post=388243"},{"taxonomy":"product_tag","embeddable":true,"href":"https:\/\/glotomania.com\/pt-pt\/wp-json\/wp\/v2\/product_tag?post=388243"}],"curies":[{"name":"wp","href":"https:\/\/api.w.org\/{rel}","templated":true}]}}